{"id":2120,"date":"2025-02-10T13:46:17","date_gmt":"2025-02-10T12:46:17","guid":{"rendered":"https:\/\/www.criadores.es\/producto\/criadores-caes-rafeiros-peru-racao-para-cachorros\/"},"modified":"2025-06-11T17:51:19","modified_gmt":"2025-06-11T15:51:19","slug":"criadores-caes-rafeiros-peru-racao-para-cachorros","status":"publish","type":"product","link":"https:\/\/www.criadores.es\/pt-pt\/producto\/criadores-caes-rafeiros-peru-racao-para-cachorros\/","title":{"rendered":"Criadores C\u00e3es Rafeiros Peru ra\u00e7\u00e3o para cachorros"},"content":{"rendered":"<h2>Ra\u00e7\u00e3o para cachorros rafeiros da Criadores Ra\u00e7as com peru fresco<\/h2>\n<p>A ra\u00e7\u00e3o Criadores Cachorros\u00a0Rafeiros \u00e9 um alimento completo e equilibrado formulado para c\u00e3es sem ra\u00e7a dos 2 a 12 meses de idade. Com uma f\u00f3rmula adequada para<strong> cachorros de todos os portes<\/strong>\u00a0e tamb\u00e9m para f\u00eameas gestantes e\/ou em per\u00edodo de amamenta\u00e7\u00e3o. \u00c9 elaborada com<strong> ingredientes naturais de alta qualidade<\/strong> que garantem um desenvolvimento e um crescimento saud\u00e1veis.<\/p>\n<p>Agora o seu c\u00e3o adotado tamb\u00e9m ter\u00e1 um alimento especial para ele. A ra\u00e7\u00e3o para c\u00e3es rafeiros \u00e9 formulada por veterin\u00e1rios para promover a sa\u00fade e a vitalidade. Cont\u00e9m <strong>25% de peru fresco<\/strong> como primeiro ingrediente, arroz e superalimentos como<strong> as cenouras, os tomates, os espinafres e o gengibre<\/strong>. Ingredientes com propriedades ben\u00e9ficas para o organismo que acrescentam valor \u00e0 receita. Tamb\u00e9m incorpora \u00f3leo de peixe, rico em \u00e1cidos gordos<strong> \u00f3mega 3<\/strong> (EPA e DHA) que ajudam a manter uma pele e pelo saud\u00e1veis ao mesmo tempo em que fortalecem o sistema imunol\u00f3gico.<\/p>\n<p>A <strong>ra\u00e7\u00e3o para c\u00e3es rafeiros<\/strong> favorece uma \u00f3tima digest\u00e3o gra\u00e7as aos seus ingredientes e nutrientes selecionados de f\u00e1cil absor\u00e7\u00e3o. Al\u00e9m do mais, cont\u00e9m<strong> prebi\u00f3ticos FOS e MOS<\/strong> com um efeito ben\u00e9fico para o tr\u00e2nsito intestinal. Tamb\u00e9m adiciona glucosamina e sulfato de condroitina, condroprotetores que cuidam das cartilagens para manter a <strong>sa\u00fade das articula\u00e7\u00f5es<\/strong> e a mobilidades.<\/p>\n<p>Os croquetes s\u00e3o <strong>naturalmente saborosos<\/strong> e v\u00eam num saco com fecho velcro e al\u00e7a superior.<\/p>\n<p><strong><em>A ra\u00e7\u00e3o da Criadores Rafeiros oferece ao seu cachorro um alimento completo e nutritivo para que cres\u00e7a forte e saud\u00e1vel.<\/em><\/strong><\/p>\n<p><em>A partir da data em que os receba \u00e9 garantido um prazo de 3 meses antes do vencimento da data de validade, ou de 1 m\u00eas no caso dos produtos l\u00e1cteos e a ra\u00e7\u00e3o ecol\u00f3gica.<\/em><\/p>\n","protected":false},"excerpt":{"rendered":"<p>A ra\u00e7\u00e3o Criadores Cachorros Rafeiros \u00e9 um alimento completo e equilibrado formulado para c\u00e3es sem ra\u00e7a dos 2 a 12 meses de idade. Uma f\u00f3rmula adequada para cachorros de &#8230;<\/p>\n","protected":false},"featured_media":1572,"comment_status":"open","ping_status":"closed","template":"","meta":{"_acf_changed":false},"product_brand":[],"product_cat":[99,92,100],"product_tag":[],"class_list":{"0":"post-2120","1":"product","2":"type-product","3":"status-publish","4":"has-post-thumbnail","6":"product_cat-alimentacao-seca","7":"product_cat-cao","8":"product_cat-racas","10":"first","11":"instock","12":"shipping-taxable","13":"product-type-simple"},"acf":[],"_links":{"self":[{"href":"https:\/\/www.criadores.es\/pt-pt\/wp-json\/wp\/v2\/product\/2120","targetHints":{"allow":["GET"]}}],"collection":[{"href":"https:\/\/www.criadores.es\/pt-pt\/wp-json\/wp\/v2\/product"}],"about":[{"href":"https:\/\/www.criadores.es\/pt-pt\/wp-json\/wp\/v2\/types\/product"}],"replies":[{"embeddable":true,"href":"https:\/\/www.criadores.es\/pt-pt\/wp-json\/wp\/v2\/comments?post=2120"}],"wp:featuredmedia":[{"embeddable":true,"href":"https:\/\/www.criadores.es\/pt-pt\/wp-json\/wp\/v2\/media\/1572"}],"wp:attachment":[{"href":"https:\/\/www.criadores.es\/pt-pt\/wp-json\/wp\/v2\/media?parent=2120"}],"wp:term":[{"taxonomy":"product_brand","embeddable":true,"href":"https:\/\/www.criadores.es\/pt-pt\/wp-json\/wp\/v2\/product_brand?post=2120"},{"taxonomy":"product_cat","embeddable":true,"href":"https:\/\/www.criadores.es\/pt-pt\/wp-json\/wp\/v2\/product_cat?post=2120"},{"taxonomy":"product_tag","embeddable":true,"href":"https:\/\/www.criadores.es\/pt-pt\/wp-json\/wp\/v2\/product_tag?post=2120"}],"curies":[{"name":"wp","href":"https:\/\/api.w.org\/{rel}","templated":true}]}}