{"id":2121,"date":"2025-02-11T09:18:37","date_gmt":"2025-02-11T08:18:37","guid":{"rendered":"https:\/\/www.criadores.es\/producto\/criadores-yorkshire-terrier-frango-racao-para-caes\/"},"modified":"2025-06-12T14:00:39","modified_gmt":"2025-06-12T12:00:39","slug":"criadores-yorkshire-terrier-frango-racao-para-caes","status":"publish","type":"product","link":"https:\/\/www.criadores.es\/pt-pt\/producto\/criadores-yorkshire-terrier-frango-racao-para-caes\/","title":{"rendered":"Criadores Yorkshire Terrier Frango ra\u00e7\u00e3o para c\u00e3es"},"content":{"rendered":"<h2>Ra\u00e7\u00e3o Criadores Ra\u00e7as para Yorkshire Terrier com frango fresco<\/h2>\n<p>A ra\u00e7\u00e3o da Criadores para ra\u00e7as Yorkshire Terrier \u00e9 especialmente concebida para c\u00e3es adultos desta ra\u00e7a a partir dos 10 meses de idade. A sua formula\u00e7\u00e3o \u00e9 igualmente indicada para outros <strong>c\u00e3es de ra\u00e7a pequena<\/strong> com um n\u00edvel de atividade normal. Desenvolvida por veterin\u00e1rios, utiliza <strong>ingredientes naturais de primeira qualidade<\/strong> para assegurar uma nutri\u00e7\u00e3o exemplar.<\/p>\n<p>Esta ra\u00e7\u00e3o da Criadores para Yorkshire Terrier \u00e9 completa e equilibrada, desenhada para preservar a sa\u00fade e a vitalidade destes animais. Os seus croquetes extrudidos cont\u00eam <strong>25% de frango fresco, arroz e ervilhas<\/strong>, entre outros ingredientes criteriosamente selecionados. Para al\u00e9m disso, s\u00e3o concebidos em tamanho, forma e textura que se adequam \u00e0 mand\u00edbula do c\u00e3o. A f\u00f3rmula inclui hexametafosfato de s\u00f3dio e menta, que <strong>auxiliam na redu\u00e7\u00e3o do t\u00e1rtaro<\/strong> e do mau h\u00e1lito. O \u00f3leo de borragem, rico em <strong>\u00e1cidos gordos \u00f3mega 3 e \u00f3mega 6<\/strong>, e a cal\u00eandula, conhecida pelas suas propriedades antioxidantes, s\u00e3o outros componentes desta receita.<\/p>\n<p>Com a ra\u00e7\u00e3o para <strong>Yorkshire da Criadores Ra\u00e7as<\/strong>, n\u00e3o s\u00f3 garante uma alimenta\u00e7\u00e3o de excel\u00eancia para o seu patudo, como tamb\u00e9m zela pelo seu pelo e sa\u00fade dent\u00e1ria. O \u00f3leo de borragem e a biotina promovem um <strong>pelo sedoso e luminoso<\/strong>. J\u00e1 os croquetes com hexametafosfato de s\u00f3dio contribuem para a sa\u00fade oral. Para completar, a f\u00f3rmula \u00e9 enriquecida com sulfato de <strong>condroitina e glucosamina<\/strong>, fortalecendo as articula\u00e7\u00f5es.<\/p>\n<p><strong><em>A ra\u00e7\u00e3o da marca Criadores para Ra\u00e7as Yorkshire Terrier oferece uma alimenta\u00e7\u00e3o completa e de alta qualidade, atendendo \u00e0s necessidades espec\u00edficas desta ra\u00e7a.<\/em><\/strong><\/p>\n<p><em>Garantimos um prazo de 3 meses antes do vencimento da data de validade a partir da data de rece\u00e7\u00e3o, ou de 1 m\u00eas no caso dos produtos l\u00e1cteos e da ra\u00e7\u00e3o org\u00e2nica.<\/em><\/p>\n","protected":false},"excerpt":{"rendered":"<p>A ra\u00e7\u00e3o da Criadores para a Ra\u00e7a Yorkshire Terrier \u00e9 um alimento especialmente formulado para c\u00e3es adultos da ra\u00e7a Yorkshire a partir dos 10 meses de idade.<\/p>\n","protected":false},"featured_media":1641,"comment_status":"open","ping_status":"closed","template":"","meta":{"_acf_changed":false},"product_brand":[],"product_cat":[99,92,100],"product_tag":[],"class_list":{"0":"post-2121","1":"product","2":"type-product","3":"status-publish","4":"has-post-thumbnail","6":"product_cat-alimentacao-seca","7":"product_cat-cao","8":"product_cat-racas","10":"first","11":"instock","12":"shipping-taxable","13":"product-type-simple"},"acf":[],"_links":{"self":[{"href":"https:\/\/www.criadores.es\/pt-pt\/wp-json\/wp\/v2\/product\/2121","targetHints":{"allow":["GET"]}}],"collection":[{"href":"https:\/\/www.criadores.es\/pt-pt\/wp-json\/wp\/v2\/product"}],"about":[{"href":"https:\/\/www.criadores.es\/pt-pt\/wp-json\/wp\/v2\/types\/product"}],"replies":[{"embeddable":true,"href":"https:\/\/www.criadores.es\/pt-pt\/wp-json\/wp\/v2\/comments?post=2121"}],"wp:featuredmedia":[{"embeddable":true,"href":"https:\/\/www.criadores.es\/pt-pt\/wp-json\/wp\/v2\/media\/1641"}],"wp:attachment":[{"href":"https:\/\/www.criadores.es\/pt-pt\/wp-json\/wp\/v2\/media?parent=2121"}],"wp:term":[{"taxonomy":"product_brand","embeddable":true,"href":"https:\/\/www.criadores.es\/pt-pt\/wp-json\/wp\/v2\/product_brand?post=2121"},{"taxonomy":"product_cat","embeddable":true,"href":"https:\/\/www.criadores.es\/pt-pt\/wp-json\/wp\/v2\/product_cat?post=2121"},{"taxonomy":"product_tag","embeddable":true,"href":"https:\/\/www.criadores.es\/pt-pt\/wp-json\/wp\/v2\/product_tag?post=2121"}],"curies":[{"name":"wp","href":"https:\/\/api.w.org\/{rel}","templated":true}]}}