{"id":2124,"date":"2025-02-14T09:23:09","date_gmt":"2025-02-14T08:23:09","guid":{"rendered":"https:\/\/www.criadores.es\/producto\/criadores-biscoito-grain-free-cordeiro-e-maca-para-caes\/"},"modified":"2025-06-11T17:57:41","modified_gmt":"2025-06-11T15:57:41","slug":"criadores-biscoito-grain-free-cordeiro-e-maca-para-caes","status":"publish","type":"product","link":"https:\/\/www.criadores.es\/pt-pt\/producto\/criadores-biscoito-grain-free-cordeiro-e-maca-para-caes\/","title":{"rendered":"Criadores Biscoito Grain Free Cordeiro e Ma\u00e7a para c\u00e3es"},"content":{"rendered":"<h2>Criadores Ossos de biscoito sem cereais para c\u00e3es<\/h2>\n<p>Os biscoitos Criadores No Grain cordeiro e ma\u00e7\u00e3 s\u00e3o um alimento delicioso e saud\u00e1vel complement\u00e1rio para c\u00e3es. Est\u00e3o elaborados com<strong> ingredientes cuidadosamente selecionados<\/strong> para proporcionar ao seu melhor amigo in\u00fameros nutrientes extras. Enrique\u00e7a a dieta do seu animal de estima\u00e7\u00e3o com pr\u00e9mios para deix\u00e1-lo mais feliz.<\/p>\n<p>Estes crocantes biscoitos, a diferen\u00e7a da maioria de biscoitos para c\u00e3es,<strong> n\u00e3o cont\u00eam cereais nem gl\u00faten<\/strong>, portanto s\u00e3o ideais para c\u00e3es com o est\u00f4mago sens\u00edvel ou com alergia ao gr\u00e3o. Est\u00e3o<strong> feitos \u00e0 base de ervilhas e batata<\/strong>, e com <strong>saborosa carne <\/strong>de vitela, de ave e de cordeiro para proporcionar um delicioso sabor. Al\u00e9m do mais, adicionam ma\u00e7\u00e3s para melhorar a receita e aportar in\u00fameros benef\u00edcios nutricionais.<\/p>\n<p>\u00c9 o snack ideal para premiar e recompensar o seu animal de companhia de forma saud\u00e1vel. Al\u00e9m do mais, os<strong> biscoitos Criadores Grain Free<\/strong> est\u00e3o dispon\u00edveis em diferentes variedades: <strong>cora\u00e7\u00f5es de peru e mirtilos, ossinhos de cordeiro e ma\u00e7\u00e3 e ossinhos de pato e laranja<\/strong>, especiais para cachorros. Todos est\u00e3o elaborados com ervilhas, batata, carne e diferentes frutas ricas em fibra, vitaminas e antioxidantes.<\/p>\n<p><strong><em>Ofere\u00e7a ao seu animal de companhia um snack saboroso e saud\u00e1vel com os crocantes biscoitos Criadores Grain Free com carne e fruta.<\/em><\/strong><\/p>\n","protected":false},"excerpt":{"rendered":"<p>Os biscoitos Criadores No Grain cordeiro e ma\u00e7\u00e3 s\u00e3o um alimento delicioso e saud\u00e1vel complement\u00e1rio para c\u00e3es. Est\u00e3o elaborados com ingredientes &#8230;<\/p>\n","protected":false},"featured_media":2010,"comment_status":"open","ping_status":"closed","template":"","meta":{"_acf_changed":false},"product_brand":[],"product_cat":[92,97,101],"product_tag":[],"class_list":{"0":"post-2124","1":"product","2":"type-product","3":"status-publish","4":"has-post-thumbnail","6":"product_cat-cao","7":"product_cat-grain-free-pt-pt","8":"product_cat-snacks-pt-pt","10":"first","11":"instock","12":"shipping-taxable","13":"product-type-simple"},"acf":[],"_links":{"self":[{"href":"https:\/\/www.criadores.es\/pt-pt\/wp-json\/wp\/v2\/product\/2124","targetHints":{"allow":["GET"]}}],"collection":[{"href":"https:\/\/www.criadores.es\/pt-pt\/wp-json\/wp\/v2\/product"}],"about":[{"href":"https:\/\/www.criadores.es\/pt-pt\/wp-json\/wp\/v2\/types\/product"}],"replies":[{"embeddable":true,"href":"https:\/\/www.criadores.es\/pt-pt\/wp-json\/wp\/v2\/comments?post=2124"}],"wp:featuredmedia":[{"embeddable":true,"href":"https:\/\/www.criadores.es\/pt-pt\/wp-json\/wp\/v2\/media\/2010"}],"wp:attachment":[{"href":"https:\/\/www.criadores.es\/pt-pt\/wp-json\/wp\/v2\/media?parent=2124"}],"wp:term":[{"taxonomy":"product_brand","embeddable":true,"href":"https:\/\/www.criadores.es\/pt-pt\/wp-json\/wp\/v2\/product_brand?post=2124"},{"taxonomy":"product_cat","embeddable":true,"href":"https:\/\/www.criadores.es\/pt-pt\/wp-json\/wp\/v2\/product_cat?post=2124"},{"taxonomy":"product_tag","embeddable":true,"href":"https:\/\/www.criadores.es\/pt-pt\/wp-json\/wp\/v2\/product_tag?post=2124"}],"curies":[{"name":"wp","href":"https:\/\/api.w.org\/{rel}","templated":true}]}}