{"id":2125,"date":"2025-02-11T13:06:48","date_gmt":"2025-02-11T12:06:48","guid":{"rendered":"https:\/\/www.criadores.es\/producto\/2125\/"},"modified":"2025-06-12T13:49:14","modified_gmt":"2025-06-12T11:49:14","slug":"criadores-adulto-grain-free-borrego-racao-para-caes-de-porte-mini","status":"publish","type":"product","link":"https:\/\/www.criadores.es\/pt-pt\/producto\/criadores-adulto-grain-free-borrego-racao-para-caes-de-porte-mini\/","title":{"rendered":"Criadores Adulto Grain Free Borrego ra\u00e7\u00e3o para c\u00e3es de porte mini"},"content":{"rendered":"<h2>Comida para c\u00e3es Criadores Grain Free com cordeiro fresco<\/h2>\n<p>Criadores Grain Free Cordeiro \u00e9 uma ra\u00e7\u00e3o completa e equilibrada para c\u00e3es adultos de ra\u00e7as pequenas. A sua f\u00f3rmula proporciona uma<strong> nutri\u00e7\u00e3o \u00f3tima a partir de ingredientes<\/strong> <strong>naturais<\/strong> e de alta qualidade. Al\u00e9m disso, \u00e9 uma <strong>ra\u00e7\u00e3o sem cereais <\/strong>nem soja, portanto \u00e9 uma op\u00e7\u00e3o estupenda para c\u00e3es com intoler\u00e2ncia ou alergia e para aqueles com o est\u00f4mago sens\u00edvel.<\/p>\n<p>A ra\u00e7\u00e3o Criadores cont\u00e9m <strong>mais de 50% de ingredientes \u00e0 base da carne <\/strong>e uma grande quantidade de <strong>vegetais, frutas e ervas-arom\u00e1ticas<\/strong>. Esta combina\u00e7\u00e3o proporciona toda a energia e a vitalidade que os c\u00e3es precisam cada dia e mant\u00e9m a sua sa\u00fade. Gra\u00e7as \u00e0 alta percentagem de <strong>carne fresca de cordeiro<\/strong> os croquetes t\u00eam um sabor natural e irresist\u00edvel. \u00c9 um alimento biologicamente adaptado com uma propor\u00e7\u00e3o adequada de prote\u00ednas, gorduras e hidratos de carbono. Os seus ingredientes selecionados favorecem a absor\u00e7\u00e3o dos nutrientes e garantem uma<strong> \u00f3tima digest\u00e3o<\/strong>.<\/p>\n<p>O <strong>cordeiro fresco<\/strong> \u00e9 um alimento com muito sabor e com prote\u00ednas de alto valor biol\u00f3gico; \u00e9 rico em vitaminas do grupo B e minerais. A receita tamb\u00e9m cont\u00e9m batata, ervilhas, cenouras, ab\u00f3bora, mirtilos, spirulina, geleia real, alecrim&#8230; Superalimentos com propriedades muito ben\u00e9ficas para a sa\u00fade: t\u00eam <strong>in\u00fameras vitaminas, minerais<\/strong>, prote\u00ednas, efeito antioxidante, anti-inflamat\u00f3rio; tamb\u00e9m aportam energia e oferecem apoio ao sistema imunol\u00f3gico. A ra\u00e7\u00e3o adiciona <strong>glucosamina e condroitina <\/strong>para dar apoio \u00e0s articula\u00e7\u00f5es dos c\u00e3es de ra\u00e7as pequenas.<\/p>\n<p>Criadores Grain Free apenas utiliza <strong>antioxidantes naturais<\/strong>, sem aditivos artificiais nem organismos geneticamente modificados. Os seus alimentos s\u00e3o livres de experimenta\u00e7\u00e3o com animais.<\/p>\n<p><strong><em>Criadores Grain Free Cordeiro \u00e9 uma ra\u00e7\u00e3o com muita carne fresca, verduras e frutas que cuida da sa\u00fade do seu c\u00e3o.<\/em><\/strong><\/p>\n<p><em>A partir da data em que os receba \u00e9 garantido um prazo de 3 meses antes do vencimento da data de validade, ou de 1 m\u00eas no caso dos produtos l\u00e1cteos e da ra\u00e7\u00e3o ecol\u00f3gica.<\/em><\/p>\n","protected":false},"excerpt":{"rendered":"<p>Criadores Grain Free Cordeiro \u00e9 uma ra\u00e7\u00e3o completa e equilibrada para c\u00e3es adultos de ra\u00e7as pequenas. A sua f\u00f3rmula proporciona uma nutri\u00e7\u00e3o &#8230;<\/p>\n<p><img title=\"\" alt=\"\" \/><\/p>\n","protected":false},"featured_media":1676,"comment_status":"open","ping_status":"closed","template":"","meta":{"_acf_changed":false},"product_brand":[],"product_cat":[99,92,97],"product_tag":[],"class_list":{"0":"post-2125","1":"product","2":"type-product","3":"status-publish","4":"has-post-thumbnail","6":"product_cat-alimentacao-seca","7":"product_cat-cao","8":"product_cat-grain-free-pt-pt","10":"first","11":"instock","12":"shipping-taxable","13":"product-type-simple"},"acf":[],"_links":{"self":[{"href":"https:\/\/www.criadores.es\/pt-pt\/wp-json\/wp\/v2\/product\/2125","targetHints":{"allow":["GET"]}}],"collection":[{"href":"https:\/\/www.criadores.es\/pt-pt\/wp-json\/wp\/v2\/product"}],"about":[{"href":"https:\/\/www.criadores.es\/pt-pt\/wp-json\/wp\/v2\/types\/product"}],"replies":[{"embeddable":true,"href":"https:\/\/www.criadores.es\/pt-pt\/wp-json\/wp\/v2\/comments?post=2125"}],"wp:featuredmedia":[{"embeddable":true,"href":"https:\/\/www.criadores.es\/pt-pt\/wp-json\/wp\/v2\/media\/1676"}],"wp:attachment":[{"href":"https:\/\/www.criadores.es\/pt-pt\/wp-json\/wp\/v2\/media?parent=2125"}],"wp:term":[{"taxonomy":"product_brand","embeddable":true,"href":"https:\/\/www.criadores.es\/pt-pt\/wp-json\/wp\/v2\/product_brand?post=2125"},{"taxonomy":"product_cat","embeddable":true,"href":"https:\/\/www.criadores.es\/pt-pt\/wp-json\/wp\/v2\/product_cat?post=2125"},{"taxonomy":"product_tag","embeddable":true,"href":"https:\/\/www.criadores.es\/pt-pt\/wp-json\/wp\/v2\/product_tag?post=2125"}],"curies":[{"name":"wp","href":"https:\/\/api.w.org\/{rel}","templated":true}]}}