{"id":2126,"date":"2025-02-12T17:09:49","date_gmt":"2025-02-12T16:09:49","guid":{"rendered":"https:\/\/www.criadores.es\/producto\/criadores-adulto-grain-free-salmao-racao-para-caes-de-racas-medias-e-grandes\/"},"modified":"2025-06-12T13:01:59","modified_gmt":"2025-06-12T11:01:59","slug":"criadores-adulto-grain-free-salmao-racao-para-caes-de-racas-medias-e-grandes","status":"publish","type":"product","link":"https:\/\/www.criadores.es\/pt-pt\/producto\/criadores-adulto-grain-free-salmao-racao-para-caes-de-racas-medias-e-grandes\/","title":{"rendered":"Criadores Adulto Grain Free Salm\u00e3o ra\u00e7\u00e3o para c\u00e3es de ra\u00e7as m\u00e9dias e grandes"},"content":{"rendered":"<h2>Ra\u00e7\u00e3o de Salm\u00e3o sem cereais para c\u00e3es<\/h2>\n<p>Tem um c\u00e3o adulto com mais de 10 kg e procura um alimento completo, natural e de qualidade? A Criadores desenvolveu uma ra\u00e7\u00e3o Grain Free com <strong>30% de salm\u00e3o fresco<\/strong>, uma ra\u00e7\u00e3o para c\u00e3es sem cereais nem gl\u00faten.<\/p>\n<p>Elaborada com ingredientes naturais, a ra\u00e7\u00e3o sem cereais para c\u00e3es \u00e9 um alimento de alta qualidade pensado para fornecer ao seu animal de estima\u00e7\u00e3o uma nutri\u00e7\u00e3o completa e equilibrada. \u00c9 recomendada para c\u00e3es com atividade f\u00edsica normal e a sua receita inclui <strong>frutas e legumes<\/strong> que fornecem ao seu c\u00e3o todas as vitaminas e minerais necess\u00e1rios para o seu desenvolvimento adequado.<\/p>\n<p>Entre as vantagens da ra\u00e7\u00e3o da Criadores sem cereais de salm\u00e3o, tamb\u00e9m cont\u00e9m <strong>glucosamina e condroitina<\/strong> para o cuidado e manuten\u00e7\u00e3o das articula\u00e7\u00f5es. Al\u00e9m disso, a sua f\u00f3rmula biologicamente adaptada permite que o seu animal de estima\u00e7\u00e3o tenha uma dieta natural e saborosa ao mesmo tempo.<\/p>\n<p>Rica em <strong>\u00e1cidos gordos \u00f3mega-3<\/strong>, que ajudam a manter uma pele e pelo saud\u00e1veis, cont\u00e9m <strong>geleia real<\/strong>, que fortalece o sistema imunit\u00e1rio e melhora o metabolismo, ao mesmo tempo que promove a sa\u00fade articular e previne o envelhecimento celular. E tudo isto com uma receita deliciosa e de f\u00e1cil digest\u00e3o!<\/p>\n<p><em>Deliciosa ra\u00e7\u00e3o de salm\u00e3o sem cereais para c\u00e3es de porte m\u00e9dio e grande!<\/em><\/p>\n","protected":false},"excerpt":{"rendered":"<p>A ra\u00e7\u00e3o sem cereais da Criadores Salm\u00e3o \u00e9 um alimento completo e de alta qualidade para c\u00e3es de porte m\u00e9dio e grande.<\/p>\n","protected":false},"featured_media":1784,"comment_status":"open","ping_status":"closed","template":"","meta":{"_acf_changed":false},"product_brand":[],"product_cat":[99,92,97],"product_tag":[],"class_list":{"0":"post-2126","1":"product","2":"type-product","3":"status-publish","4":"has-post-thumbnail","6":"product_cat-alimentacao-seca","7":"product_cat-cao","8":"product_cat-grain-free-pt-pt","10":"first","11":"instock","12":"shipping-taxable","13":"product-type-simple"},"acf":[],"_links":{"self":[{"href":"https:\/\/www.criadores.es\/pt-pt\/wp-json\/wp\/v2\/product\/2126","targetHints":{"allow":["GET"]}}],"collection":[{"href":"https:\/\/www.criadores.es\/pt-pt\/wp-json\/wp\/v2\/product"}],"about":[{"href":"https:\/\/www.criadores.es\/pt-pt\/wp-json\/wp\/v2\/types\/product"}],"replies":[{"embeddable":true,"href":"https:\/\/www.criadores.es\/pt-pt\/wp-json\/wp\/v2\/comments?post=2126"}],"wp:featuredmedia":[{"embeddable":true,"href":"https:\/\/www.criadores.es\/pt-pt\/wp-json\/wp\/v2\/media\/1784"}],"wp:attachment":[{"href":"https:\/\/www.criadores.es\/pt-pt\/wp-json\/wp\/v2\/media?parent=2126"}],"wp:term":[{"taxonomy":"product_brand","embeddable":true,"href":"https:\/\/www.criadores.es\/pt-pt\/wp-json\/wp\/v2\/product_brand?post=2126"},{"taxonomy":"product_cat","embeddable":true,"href":"https:\/\/www.criadores.es\/pt-pt\/wp-json\/wp\/v2\/product_cat?post=2126"},{"taxonomy":"product_tag","embeddable":true,"href":"https:\/\/www.criadores.es\/pt-pt\/wp-json\/wp\/v2\/product_tag?post=2126"}],"curies":[{"name":"wp","href":"https:\/\/api.w.org\/{rel}","templated":true}]}}