{"id":2129,"date":"2025-02-14T08:42:48","date_gmt":"2025-02-14T07:42:48","guid":{"rendered":"https:\/\/www.criadores.es\/producto\/criadores-menu-grain-free-cordeiro-e-cenoura-terrina-para-caes\/"},"modified":"2025-06-11T18:04:12","modified_gmt":"2025-06-11T16:04:12","slug":"criadores-menu-grain-free-cordeiro-e-cenoura-terrina-para-caes","status":"publish","type":"product","link":"https:\/\/www.criadores.es\/pt-pt\/producto\/criadores-menu-grain-free-cordeiro-e-cenoura-terrina-para-caes\/","title":{"rendered":"Criadores Men\u00fa Grain Free Cordeiro e Cenoura terrina para c\u00e3es"},"content":{"rendered":"<h2>Terrina de comida h\u00famida para c\u00e3es Criadores Menu<\/h2>\n<p>Criadores Menu Grain Free Cordeiro e cenoura \u00e9 uma terrina de alimento h\u00famido completo para c\u00e3es adultos. Uma <strong>receita naturalmente saborosa<\/strong> que aporta todo o que precisam para estar saud\u00e1veis. Al\u00e9m do mais, <strong>livre de cereais<\/strong> para favorecer uma <strong>\u00f3tima digest\u00e3o<\/strong> e para diminuir as intoler\u00e2ncias ou alergias ao alimento.<\/p>\n<p>A comida h\u00famida Criadores Menu Grain Free elabora-se com os melhores ingredientes para oferece o melhor ao seu c\u00e3o, porque ele merece. Utiliza <strong>ingredientes naturais selecionados e de alta qualidade<\/strong>, com uma f\u00f3rmula biologicamente adaptada. Livre de gl\u00faten e de transg\u00e9nicos. Incorpora <strong>14 % de carne<\/strong>, junto com peixe, espinafres e cenouras para completar a receite e faz\u00ea-la com que seja nutricionalmente equilibrada. Proporciona todas as prote\u00ednas, gorduras, vitaminas e minerais que requerem os c\u00e3es. Tamb\u00e9m adicionam \u00f3leo de salm\u00e3o, rico em <strong>\u00e1cidos gordos <\/strong>valiosos para o c\u00e9rebro, o pelo e a pele.<\/p>\n<p>A linha de<strong> terrinas <strong>Criadores Menu Grain Free <\/strong><\/strong>est\u00e1 composta por diferentes variedades para que os c\u00e3es possam desfrutar de v\u00e1rios ingredientes e sabores: carne de vaca, cordeiro com cenoura, frango com batata, vitela com ma\u00e7\u00e3\u2026 Tamb\u00e9m pode encontrar comida h\u00famida sem cereais em formato lata, com at\u00e9 70% de carne e com ingredientes como o javali, o peru, o pato e o salm\u00e3o.<\/p>\n<p><strong><em>As terrinas Criadores Menu Grain Free oferecem ao seu c\u00e3o um alimento saboroso e natural que cuida da sua sa\u00fade. <\/em><\/strong><\/p>\n<p><em>A partir da data em que os receba \u00e9 garantido um prazo de 3 meses antes do vencimento da data de validade, ou de 1 m\u00eas no caso dos produtos l\u00b4cteos e a ra\u00e7\u00e3o ecol\u00f3gica.<\/em><\/p>\n","protected":false},"excerpt":{"rendered":"<p>Criadores Menu Grain Free Cordeiro e cenoura \u00e9 uma terrina de alimento h\u00famido completo para c\u00e3es adultos. Uma receita naturalmente saborosa que aporta todo o que precisam para &#8230;<\/p>\n","protected":false},"featured_media":1993,"comment_status":"open","ping_status":"closed","template":"","meta":{"_acf_changed":false},"product_brand":[],"product_cat":[92,94,97],"product_tag":[],"class_list":{"0":"post-2129","1":"product","2":"type-product","3":"status-publish","4":"has-post-thumbnail","6":"product_cat-cao","7":"product_cat-comida-humida","8":"product_cat-grain-free-pt-pt","10":"first","11":"instock","12":"shipping-taxable","13":"product-type-simple"},"acf":[],"_links":{"self":[{"href":"https:\/\/www.criadores.es\/pt-pt\/wp-json\/wp\/v2\/product\/2129","targetHints":{"allow":["GET"]}}],"collection":[{"href":"https:\/\/www.criadores.es\/pt-pt\/wp-json\/wp\/v2\/product"}],"about":[{"href":"https:\/\/www.criadores.es\/pt-pt\/wp-json\/wp\/v2\/types\/product"}],"replies":[{"embeddable":true,"href":"https:\/\/www.criadores.es\/pt-pt\/wp-json\/wp\/v2\/comments?post=2129"}],"wp:featuredmedia":[{"embeddable":true,"href":"https:\/\/www.criadores.es\/pt-pt\/wp-json\/wp\/v2\/media\/1993"}],"wp:attachment":[{"href":"https:\/\/www.criadores.es\/pt-pt\/wp-json\/wp\/v2\/media?parent=2129"}],"wp:term":[{"taxonomy":"product_brand","embeddable":true,"href":"https:\/\/www.criadores.es\/pt-pt\/wp-json\/wp\/v2\/product_brand?post=2129"},{"taxonomy":"product_cat","embeddable":true,"href":"https:\/\/www.criadores.es\/pt-pt\/wp-json\/wp\/v2\/product_cat?post=2129"},{"taxonomy":"product_tag","embeddable":true,"href":"https:\/\/www.criadores.es\/pt-pt\/wp-json\/wp\/v2\/product_tag?post=2129"}],"curies":[{"name":"wp","href":"https:\/\/api.w.org\/{rel}","templated":true}]}}