{"id":2130,"date":"2025-02-14T11:57:23","date_gmt":"2025-02-14T10:57:23","guid":{"rendered":"https:\/\/www.criadores.es\/producto\/criadores-puppy-menu-grain-free-frango-e-peru-terrina-para-caes\/"},"modified":"2025-06-11T16:32:33","modified_gmt":"2025-06-11T14:32:33","slug":"criadores-puppy-menu-grain-free-frango-e-peru-terrina-para-caes","status":"publish","type":"product","link":"https:\/\/www.criadores.es\/pt-pt\/producto\/criadores-puppy-menu-grain-free-frango-e-peru-terrina-para-caes\/","title":{"rendered":"Criadores Puppy Men\u00fa Grain Free\u00a0Frango e Peru terrina para c\u00e3es"},"content":{"rendered":"<h2>Comida h\u00famida para cachorros Criadores Menu em terrina<\/h2>\n<p>Criadores Menu Grain Free Puppy \u00e9 um alimento h\u00famido para cachorroS que proporciona todos os nutrientes que precisaM para crescer e desenvolver-se corretamente. Uma deliciosa receita elaborada <strong>com carne e sem cereais nem gl\u00faten<\/strong> para cuidar das digest\u00f5es e evitar as intoler\u00e2ncias ao alimento. Al\u00e9m do mais, \u00e9 <strong>rica em \u00f3mega 3<\/strong> para melhorar a capacidade de aprendizagem e manter uma pele e pelagem saud\u00e1veis.<\/p>\n<p>A terrina de comida h\u00famida Criadores Menu Grain Free elabora-se com<strong> ingredientes naturais selecionados<\/strong> de alta qualidade e est\u00e1 livre de transg\u00e9nicos. \u00c9 uma f\u00f3rmula biologicamente adaptada \u00e0s necessidades dos c\u00e3es. Cont\u00e9m frango, peru, peixe e \u00f3leo de salm\u00e3o, o que aporta prote\u00ednas e de alta qualidade e \u00e1cidos gordos essenciais. Tamb\u00e9m est\u00e1 <strong>enriquecida com vitaminas e minerais<\/strong> para fortalecer o sistema imunol\u00f3gico.<\/p>\n<p>Para oferecer diferentes sabores ao seu cachorro, pode experimentar a comida h\u00famida em lata Criadores Grain Free de frango, vitela e batata.<\/p>\n<p><strong><em>Criadores Menu Grain Free Puppy Frango com peru oferece ao seu cachorro uma comida h\u00famida deliciosa e de qualidade que contribui para o seu crescimento.<\/em><\/strong><\/p>\n<p><em>A partir da data em que os receba \u00e9 garantido um prazo de 3 meses antes do vencimento da data de validade, ou de 1 m\u00eas no caso dos produtos l\u00b4cteos e a ra\u00e7\u00e3o ecol\u00f3gica.<\/em><\/p>\n","protected":false},"excerpt":{"rendered":"<p>Criadores Menu Grain Free Puppy \u00e9 um alimento h\u00famido para cachorroS que proporciona todos os nutrientes que precisaM para crescer e desenvolver-se corretamente. Uma deliciosa receita &#8230;<\/p>\n","protected":false},"featured_media":2038,"comment_status":"open","ping_status":"closed","template":"","meta":{"_acf_changed":false},"product_brand":[],"product_cat":[92,94,97],"product_tag":[],"class_list":{"0":"post-2130","1":"product","2":"type-product","3":"status-publish","4":"has-post-thumbnail","6":"product_cat-cao","7":"product_cat-comida-humida","8":"product_cat-grain-free-pt-pt","10":"first","11":"instock","12":"shipping-taxable","13":"product-type-simple"},"acf":[],"_links":{"self":[{"href":"https:\/\/www.criadores.es\/pt-pt\/wp-json\/wp\/v2\/product\/2130","targetHints":{"allow":["GET"]}}],"collection":[{"href":"https:\/\/www.criadores.es\/pt-pt\/wp-json\/wp\/v2\/product"}],"about":[{"href":"https:\/\/www.criadores.es\/pt-pt\/wp-json\/wp\/v2\/types\/product"}],"replies":[{"embeddable":true,"href":"https:\/\/www.criadores.es\/pt-pt\/wp-json\/wp\/v2\/comments?post=2130"}],"wp:featuredmedia":[{"embeddable":true,"href":"https:\/\/www.criadores.es\/pt-pt\/wp-json\/wp\/v2\/media\/2038"}],"wp:attachment":[{"href":"https:\/\/www.criadores.es\/pt-pt\/wp-json\/wp\/v2\/media?parent=2130"}],"wp:term":[{"taxonomy":"product_brand","embeddable":true,"href":"https:\/\/www.criadores.es\/pt-pt\/wp-json\/wp\/v2\/product_brand?post=2130"},{"taxonomy":"product_cat","embeddable":true,"href":"https:\/\/www.criadores.es\/pt-pt\/wp-json\/wp\/v2\/product_cat?post=2130"},{"taxonomy":"product_tag","embeddable":true,"href":"https:\/\/www.criadores.es\/pt-pt\/wp-json\/wp\/v2\/product_tag?post=2130"}],"curies":[{"name":"wp","href":"https:\/\/api.w.org\/{rel}","templated":true}]}}