{"id":2133,"date":"2025-02-10T11:48:41","date_gmt":"2025-02-10T10:48:41","guid":{"rendered":"https:\/\/www.criadores.es\/producto\/criadores-grain-free-mousse-de-cordeiro-terrina-para-gatos\/"},"modified":"2025-02-10T11:48:41","modified_gmt":"2025-02-10T10:48:41","slug":"criadores-grain-free-mousse-de-cordeiro-terrina-para-gatos","status":"publish","type":"product","link":"https:\/\/www.criadores.es\/pt-pt\/producto\/criadores-grain-free-mousse-de-cordeiro-terrina-para-gatos\/","title":{"rendered":"Criadores Grain Free Mousse de Cordeiro terrina para gatos"},"content":{"rendered":"<h2>Alimento h\u00famido Criadores Mousse sem cereais<\/h2>\n<p>A comida h\u00famida Criadores Mousse grain free para gatos lhe oferece um alimento completo e equilibrado desenhado para cobrir todas as necessidades nutricionais dos felinos. Elaborada com <strong>ingredientes selecionados <\/strong>de qualidade e <strong>sem cereais <\/strong>para conseguir uma melhor aceita\u00e7\u00e3o e uma digest\u00e3o f\u00e1cil. Al\u00e9m disso, tampouco utiliza conservantes e o seu <strong>sabor natural <\/strong>\u00e9 delicioso. Um alimento saud\u00e1vel e nutritivo que cuida da sa\u00fade do seu felino em cada bocado.<\/p>\n<p>Criadores Mousse grain free para gatos \u00e9 elaborada com <strong>30% de cordeiro\u00a0<\/strong>e com vitaminas e minerais. Tem uma grande percentagem de humidade de 82% que faz com que a receita seja <strong>muito suculenta <\/strong>e proporcione melhor hidrata\u00e7\u00e3o ao animal. A textura de mousse \u00e9 muito cremosa e tem pouco l\u00edquido; \u00e9 f\u00e1cil de partir e separar para oferec\u00ea-la ao seu gato do jeito que ele mais gostar. O seu felino vai adorar a combina\u00e7\u00e3o da textura e o sabor de Criadores Mousse. \u00a0Gra\u00e7as ao facto de ser grain free e n\u00e3o conter gr\u00e3os nem cereais \u00e9 uma op\u00e7\u00e3o ideal para os gatos com intoler\u00e2ncias alimentares ou alergias. Al\u00e9m do mais, as terrinas est\u00e3o <strong>preparadas para abrir e servir <\/strong>no momento, assim a comida estar\u00e1 sempre suculenta, s\u00e3o muito pr\u00e1ticas!<\/p>\n<p><strong><em>Prove as quatro variedades de Criadores Mousse grain free para gatos: com frango, com salm\u00e3o, com cordeiro e com peru. Irresist\u00edveis!<\/em><\/strong><\/p>\n<p><em>A partir da data em que os receba \u00e9 garantido um prazo de 3 meses antes do vencimento da data de validade, ou de 1 m\u00eas no caso dos produtos l\u00b4cteos e a ra\u00e7\u00e3o ecol\u00f3gica.<\/em><\/p>\n","protected":false},"excerpt":{"rendered":"<p>A comida h\u00famida Criadores Mousse grain free para gatos lhe oferece um alimento completo e equilibrado desenhado para cobrir todas as necessidades nutricionais dos felinos. Elaborada com<\/p>\n","protected":false},"featured_media":1543,"comment_status":"open","ping_status":"closed","template":"","meta":{"_acf_changed":false},"product_brand":[],"product_cat":[110,111,107],"product_tag":[],"class_list":{"0":"post-2133","1":"product","2":"type-product","3":"status-publish","4":"has-post-thumbnail","6":"product_cat-comida-humida-pt","7":"product_cat-gatos","8":"product_cat-grain-free-gato-pt-pt","10":"first","11":"instock","12":"shipping-taxable","13":"product-type-simple"},"acf":[],"_links":{"self":[{"href":"https:\/\/www.criadores.es\/pt-pt\/wp-json\/wp\/v2\/product\/2133","targetHints":{"allow":["GET"]}}],"collection":[{"href":"https:\/\/www.criadores.es\/pt-pt\/wp-json\/wp\/v2\/product"}],"about":[{"href":"https:\/\/www.criadores.es\/pt-pt\/wp-json\/wp\/v2\/types\/product"}],"replies":[{"embeddable":true,"href":"https:\/\/www.criadores.es\/pt-pt\/wp-json\/wp\/v2\/comments?post=2133"}],"wp:featuredmedia":[{"embeddable":true,"href":"https:\/\/www.criadores.es\/pt-pt\/wp-json\/wp\/v2\/media\/1543"}],"wp:attachment":[{"href":"https:\/\/www.criadores.es\/pt-pt\/wp-json\/wp\/v2\/media?parent=2133"}],"wp:term":[{"taxonomy":"product_brand","embeddable":true,"href":"https:\/\/www.criadores.es\/pt-pt\/wp-json\/wp\/v2\/product_brand?post=2133"},{"taxonomy":"product_cat","embeddable":true,"href":"https:\/\/www.criadores.es\/pt-pt\/wp-json\/wp\/v2\/product_cat?post=2133"},{"taxonomy":"product_tag","embeddable":true,"href":"https:\/\/www.criadores.es\/pt-pt\/wp-json\/wp\/v2\/product_tag?post=2133"}],"curies":[{"name":"wp","href":"https:\/\/api.w.org\/{rel}","templated":true}]}}