{"id":2136,"date":"2025-02-14T08:47:43","date_gmt":"2025-02-14T07:47:43","guid":{"rendered":"https:\/\/www.criadores.es\/producto\/criadores-grain-free-mousse-de-salmao-terrina-para-gatos\/"},"modified":"2025-06-11T18:07:19","modified_gmt":"2025-06-11T16:07:19","slug":"criadores-grain-free-mousse-de-salmao-terrina-para-gatos","status":"publish","type":"product","link":"https:\/\/www.criadores.es\/pt-pt\/producto\/criadores-grain-free-mousse-de-salmao-terrina-para-gatos\/","title":{"rendered":"Criadores Grain Free Mousse de Salm\u00e3o terrina para gatos"},"content":{"rendered":"<h2>Alimento h\u00famido sem cereais para gatos<\/h2>\n<p><strong>A Criadores Grain Free de salm\u00e3o \u00e9 uma deliciosa mousse completa e equilibrada para gatos<\/strong>, feita com ingredientes de excelente qualidade que <strong>ajudam a assegurar todas as necessidades nutricionais<\/strong> do seu animal de estima\u00e7\u00e3o, uma vez que n\u00e3o cont\u00e9m cereais, evita rea\u00e7\u00f5es adversas a este componente e \u00e9 um a<strong>limento melhor aceite pelos felinos<\/strong>, por outro lado, o salm\u00e3o d\u00e1-lhe um sabor \u00fanico, o peixe \u00e9 um dos alimentos preferidos dos gatos, por isso, v\u00e3o adorar.<\/p>\n<p>Esta receita cont\u00e9m\u00a0<strong>30% de salm\u00e3o<\/strong>, e este ingrediente \u00e9<strong> rico em \u00e1cidos gordos \u00f3mega 3 e 6<\/strong> que promovem a sa\u00fade do pelo e pele do seu gato, cont\u00e9m tamb\u00e9m um elevado teor de humidade<strong>\u00a0que ajuda o seu animal a manter-se hidratado e a manter uma boa sa\u00fade urin\u00e1ria<\/strong>, apresenta-se sob a forma de terrina de f\u00e1cil abertura para que possa abrir e servir no seu comedouro.<\/p>\n<p>Sendo uma dieta <strong>sem conservantes e sem cereais<\/strong>, \u00e9 adequada para gatos com intoler\u00e2ncias ou alergias alimentares.<\/p>\n<p><em>Evite as alergias do seu animal de estima\u00e7\u00e3o com esta mousse da Criadores!<\/em><\/p>\n","protected":false},"excerpt":{"rendered":"<p>Alimento h\u00famido da Criadores com uma textura de mousse sem cereais para gatos com intoler\u00e2ncias ou alergias alimentares.<\/p>\n","protected":false},"featured_media":1995,"comment_status":"open","ping_status":"closed","template":"","meta":{"_acf_changed":false},"product_brand":[],"product_cat":[110,111,107],"product_tag":[],"class_list":{"0":"post-2136","1":"product","2":"type-product","3":"status-publish","4":"has-post-thumbnail","6":"product_cat-comida-humida-pt","7":"product_cat-gatos","8":"product_cat-grain-free-gato-pt-pt","10":"first","11":"instock","12":"shipping-taxable","13":"product-type-simple"},"acf":[],"_links":{"self":[{"href":"https:\/\/www.criadores.es\/pt-pt\/wp-json\/wp\/v2\/product\/2136","targetHints":{"allow":["GET"]}}],"collection":[{"href":"https:\/\/www.criadores.es\/pt-pt\/wp-json\/wp\/v2\/product"}],"about":[{"href":"https:\/\/www.criadores.es\/pt-pt\/wp-json\/wp\/v2\/types\/product"}],"replies":[{"embeddable":true,"href":"https:\/\/www.criadores.es\/pt-pt\/wp-json\/wp\/v2\/comments?post=2136"}],"wp:featuredmedia":[{"embeddable":true,"href":"https:\/\/www.criadores.es\/pt-pt\/wp-json\/wp\/v2\/media\/1995"}],"wp:attachment":[{"href":"https:\/\/www.criadores.es\/pt-pt\/wp-json\/wp\/v2\/media?parent=2136"}],"wp:term":[{"taxonomy":"product_brand","embeddable":true,"href":"https:\/\/www.criadores.es\/pt-pt\/wp-json\/wp\/v2\/product_brand?post=2136"},{"taxonomy":"product_cat","embeddable":true,"href":"https:\/\/www.criadores.es\/pt-pt\/wp-json\/wp\/v2\/product_cat?post=2136"},{"taxonomy":"product_tag","embeddable":true,"href":"https:\/\/www.criadores.es\/pt-pt\/wp-json\/wp\/v2\/product_tag?post=2136"}],"curies":[{"name":"wp","href":"https:\/\/api.w.org\/{rel}","templated":true}]}}