{"id":2138,"date":"2025-02-07T14:46:17","date_gmt":"2025-02-07T13:46:17","guid":{"rendered":"https:\/\/www.criadores.es\/producto\/criadores-grain-free-mousse-de-frango-terrina-para-gatos\/"},"modified":"2025-02-07T14:46:17","modified_gmt":"2025-02-07T13:46:17","slug":"criadores-grain-free-mousse-de-frango-terrina-para-gatos","status":"publish","type":"product","link":"https:\/\/www.criadores.es\/pt-pt\/producto\/criadores-grain-free-mousse-de-frango-terrina-para-gatos\/","title":{"rendered":"Criadores Grain Free Mousse de Frango terrina para gatos"},"content":{"rendered":"<h2>Alimento h\u00famido Criadores Mousse sem cereais<\/h2>\n<p>O alimento h\u00famido da Criadores Mousse Grain Free para gatos oferece-lhe um alimento completo e equilibrado pensado para assegurar todas as necessidades nutricionais dos felinos. Elaborado com <strong>ingredientes selecionados <\/strong>de qualidade e <strong>sem cereais <\/strong>para conseguir uma melhor aceita\u00e7\u00e3o e uma digest\u00e3o f\u00e1cil. Al\u00e9m disso, n\u00e3o cont\u00e9m conservantes e o seu <strong>sabor natural <\/strong>\u00e9 delicioso. Um alimento saud\u00e1vel e nutritivo que cuida da sa\u00fade do seu felino em cada dentada.<\/p>\n<p>O alimento h\u00famido da Criadores Mousse Grain Free para gatos \u00e9 elaborado com <strong>30% de frango <\/strong>e com vitaminas e minerais. Tem uma elevada percentagem de humidade 82% que faz com que a receita seja <strong>muito suculenta <\/strong>e proporcione melhor hidrata\u00e7\u00e3o ao animal. A textura de mousse \u00e9 muito cremosa e tem pouco l\u00edquido; \u00e9 f\u00e1cil de repartir e separar para oferec\u00ea-la ao seu gato da forma que ele mais gostar. O seu felino vai adorar a combina\u00e7\u00e3o da textura e o sabor da Criadores de Mousse. Gra\u00e7as ao facto de ser Grain Free e n\u00e3o conter gr\u00e3os nem cereais \u00e9 uma op\u00e7\u00e3o ideal para os gatos com intoler\u00e2ncias alimentares ou alergias. Al\u00e9m disso, as terrinas est\u00e3o <strong>preparadas para abrir e servir <\/strong>no momento, assim o alimento estar\u00e1 sempre suculento, s\u00e3o muito pr\u00e1ticas!<\/p>\n<p><em>Deixe o seu gato provar as quatro variedades da Criadores Mousse Grain Free para gatos: com frango, salm\u00e3o, borrego e peru. Irresist\u00edveis!<\/em><\/p>\n<p><em>**A partir da data em que os receba \u00e9 garantido um prazo de 3 meses antes do vencimento da data de validade, ou de 1 m\u00eas no caso dos produtos l\u00e1cteos e a ra\u00e7\u00e3o ecol\u00f3gica.<\/em><\/p>\n","protected":false},"excerpt":{"rendered":"<p>Alimento h\u00famido em terrina com sabor a frango da Criadores Mousse Grain Free para gatos adultos.<\/p>\n<p><img decoding=\"async\" style=\"object-fit: cover; width: 100%;\" title=\"\" src=\"images\/Banners\/banner_alimentacion_seca_humeda_pt.jpg?$staticlink$\" alt=\"\" \/><\/p>\n","protected":false},"featured_media":1537,"comment_status":"open","ping_status":"closed","template":"","meta":{"_acf_changed":false},"product_brand":[],"product_cat":[110,111,107],"product_tag":[],"class_list":{"0":"post-2138","1":"product","2":"type-product","3":"status-publish","4":"has-post-thumbnail","6":"product_cat-comida-humida-pt","7":"product_cat-gatos","8":"product_cat-grain-free-gato-pt-pt","10":"first","11":"instock","12":"shipping-taxable","13":"product-type-simple"},"acf":[],"_links":{"self":[{"href":"https:\/\/www.criadores.es\/pt-pt\/wp-json\/wp\/v2\/product\/2138","targetHints":{"allow":["GET"]}}],"collection":[{"href":"https:\/\/www.criadores.es\/pt-pt\/wp-json\/wp\/v2\/product"}],"about":[{"href":"https:\/\/www.criadores.es\/pt-pt\/wp-json\/wp\/v2\/types\/product"}],"replies":[{"embeddable":true,"href":"https:\/\/www.criadores.es\/pt-pt\/wp-json\/wp\/v2\/comments?post=2138"}],"wp:featuredmedia":[{"embeddable":true,"href":"https:\/\/www.criadores.es\/pt-pt\/wp-json\/wp\/v2\/media\/1537"}],"wp:attachment":[{"href":"https:\/\/www.criadores.es\/pt-pt\/wp-json\/wp\/v2\/media?parent=2138"}],"wp:term":[{"taxonomy":"product_brand","embeddable":true,"href":"https:\/\/www.criadores.es\/pt-pt\/wp-json\/wp\/v2\/product_brand?post=2138"},{"taxonomy":"product_cat","embeddable":true,"href":"https:\/\/www.criadores.es\/pt-pt\/wp-json\/wp\/v2\/product_cat?post=2138"},{"taxonomy":"product_tag","embeddable":true,"href":"https:\/\/www.criadores.es\/pt-pt\/wp-json\/wp\/v2\/product_tag?post=2138"}],"curies":[{"name":"wp","href":"https:\/\/api.w.org\/{rel}","templated":true}]}}