{"id":2139,"date":"2025-02-14T08:54:40","date_gmt":"2025-02-14T07:54:40","guid":{"rendered":"https:\/\/www.criadores.es\/producto\/criadores-adulto-grain-free-peru-e-camaroes-lata-para-gatos\/"},"modified":"2025-06-11T18:03:32","modified_gmt":"2025-06-11T16:03:32","slug":"criadores-adulto-grain-free-peru-e-camaroes-lata-para-gatos","status":"publish","type":"product","link":"https:\/\/www.criadores.es\/pt-pt\/producto\/criadores-adulto-grain-free-peru-e-camaroes-lata-para-gatos\/","title":{"rendered":"Criadores Adulto Grain Free Peru e Camar\u00f5es lata para gatos"},"content":{"rendered":"<h2>Alimento h\u00famido para gatos Criadores Grain Free<\/h2>\n<p>A comida h\u00famida Criadores Grain Free \u00e9 um alimento completo e equilibrado <strong>elaborado com <strong>70% de carne<\/strong><\/strong> e sem cereais. Uma excelente op\u00e7\u00e3o para cuidar da sa\u00fade do seu felino e favorecer uma boa digest\u00e3o. Gra\u00e7as \u00e0 sua f\u00f3rmula <strong>sem cereais<\/strong> \u00e9 adequado para os gatos com intoler\u00e2ncia ou alergia.<\/p>\n<p>Criadores Grain Free oferece ao seu gato um <strong>alimento da mais alta qualidade<\/strong>, produzido em Espanha com ingredientes aptos para o consumo humano. A sua composi\u00e7\u00e3o \u00e9 muito completa e satisfaz todas as necessidades nutricionais dos felinos para que n\u00e3o tenham nenhum tipo de car\u00eancia alimentar. A sua alta percentagem de carne como ingrediente principal n\u00e3o s\u00f3 \u00e9 sinal da sua qualidade, mas tamb\u00e9m confere ao alimento um <strong>intenso e irresist\u00edvel sabor natural<\/strong>, garantindo uma alta palatabilidade. Ao mesmo tempo, o alimento h\u00famido melhora a hidrata\u00e7\u00e3o.<\/p>\n<p>O <strong>alimento h\u00famido <strong>Criadores Grain Free<\/strong><\/strong> est\u00e1 elaborado com ingredientes naturais e f\u00e1ceis de digerir. Proporciona uma combina\u00e7\u00e3o adequada de prote\u00ednas, vitaminas, minerais e taurina para o bom funcionamento do c\u00e9rebro e do cora\u00e7\u00e3o do seu gato. Al\u00e9m disso, pode escolher <strong>diferentes receitas<\/strong> para oferecer uma maior variedade ao seu felino: peru com cenoura, javali com batata doce, vitela com pato e frango com salm\u00e3o para gatos adultos e a receita de frango com vitela para gatinhos.<\/p>\n<p><strong><em>Alimente o seu felino com Criadores Grain Free e cuide da sua sa\u00fade enquanto ele desfruta do seu delicioso sabor.<\/em><\/strong><br \/>\n<em>A partir da data em que os receba \u00e9 garantido um prazo de 3 meses antes do vencimento da data de validade, ou de 1 m\u00eas no caso dos produtos l\u00b4cteos e a ra\u00e7\u00e3o ecol\u00f3gica.<\/em><\/p>\n","protected":false},"excerpt":{"rendered":"<p>A comida h\u00famida Criadores Grain Free \u00e9 um alimento completo e equilibrado elaborado com 70% de carne e sem cereais. Uma excelente op\u00e7\u00e3o para cuidar da sa\u00fade do seu&#8230;<\/p>\n","protected":false},"featured_media":1997,"comment_status":"open","ping_status":"closed","template":"","meta":{"_acf_changed":false},"product_brand":[],"product_cat":[110,111,107],"product_tag":[],"class_list":{"0":"post-2139","1":"product","2":"type-product","3":"status-publish","4":"has-post-thumbnail","6":"product_cat-comida-humida-pt","7":"product_cat-gatos","8":"product_cat-grain-free-gato-pt-pt","10":"first","11":"instock","12":"shipping-taxable","13":"product-type-simple"},"acf":[],"_links":{"self":[{"href":"https:\/\/www.criadores.es\/pt-pt\/wp-json\/wp\/v2\/product\/2139","targetHints":{"allow":["GET"]}}],"collection":[{"href":"https:\/\/www.criadores.es\/pt-pt\/wp-json\/wp\/v2\/product"}],"about":[{"href":"https:\/\/www.criadores.es\/pt-pt\/wp-json\/wp\/v2\/types\/product"}],"replies":[{"embeddable":true,"href":"https:\/\/www.criadores.es\/pt-pt\/wp-json\/wp\/v2\/comments?post=2139"}],"wp:featuredmedia":[{"embeddable":true,"href":"https:\/\/www.criadores.es\/pt-pt\/wp-json\/wp\/v2\/media\/1997"}],"wp:attachment":[{"href":"https:\/\/www.criadores.es\/pt-pt\/wp-json\/wp\/v2\/media?parent=2139"}],"wp:term":[{"taxonomy":"product_brand","embeddable":true,"href":"https:\/\/www.criadores.es\/pt-pt\/wp-json\/wp\/v2\/product_brand?post=2139"},{"taxonomy":"product_cat","embeddable":true,"href":"https:\/\/www.criadores.es\/pt-pt\/wp-json\/wp\/v2\/product_cat?post=2139"},{"taxonomy":"product_tag","embeddable":true,"href":"https:\/\/www.criadores.es\/pt-pt\/wp-json\/wp\/v2\/product_tag?post=2139"}],"curies":[{"name":"wp","href":"https:\/\/api.w.org\/{rel}","templated":true}]}}