{"id":2144,"date":"2025-02-14T12:44:50","date_gmt":"2025-02-14T11:44:50","guid":{"rendered":"https:\/\/www.criadores.es\/producto\/criadores-rolinhos-vegetarianos-recheados-para-caes\/"},"modified":"2025-05-16T11:14:44","modified_gmt":"2025-05-16T09:14:44","slug":"criadores-rolinhos-vegetarianos-recheados-para-caes","status":"publish","type":"product","link":"https:\/\/www.criadores.es\/pt-pt\/producto\/criadores-rolinhos-vegetarianos-recheados-para-caes\/","title":{"rendered":"Criadores Rolinhos Vegetarianos Recheados para c\u00e3es"},"content":{"rendered":"<h2>Rolinhos recheados para c\u00e3es Criadores Veggie Lovers Roll<\/h2>\n<p>Os biscoitos vegetarianos Criadores Lovers Roll s\u00e3o um alimento complement\u00e1rio para c\u00e3es adultos de todas as ra\u00e7as e tamanhos. S\u00e3o<strong> deliciosos rolinhos de cereais com sementes de papoila<\/strong> recheados de deliciosas verduras. A op\u00e7\u00e3o ideal se quiser oferecer ao seu animal de companhia um pr\u00e9mio 100% vegetal<strong>, sem nenhum tipo de carne<\/strong>. Perfeitos para c\u00e3es com intoler\u00e2ncia ou alergia aos ingredientes de origem animal.<\/p>\n<p>Os rolos Criadores Veggie Lovers Roll est\u00e3o feitos com<strong> ingredientes selecionados de qualidade<\/strong> que aportam um extra de nutrientes ao seu animal de estima\u00e7\u00e3o. Um snack saud\u00e1vel que poder\u00e1 oferecer em qualquer momento do dia, como recompensa ou, simplesmente, quando quiser mimar o seu pequeno. Os biscoitos s\u00e3o variados e est\u00e3o <strong>recheados de espinafres, alfafa e cenoura<\/strong>. O seu c\u00e3o vai adorar seu sabor suave e a sua textura crocante.<\/p>\n<p>Experimente os demais <strong>biscoitos vegetarianos <\/strong>da gama Criadores Lovers: ossinhos para cachorros e ursinhos de cores para c\u00e3es adultos.<\/p>\n<p><strong><em>Fa\u00e7a o seu c\u00e3o feliz com os crocantes biscoitos vegetarianos Criadores Lovers Roll, recheados de deliciosos legumes.<\/em><\/strong><\/p>\n","protected":false},"excerpt":{"rendered":"<p>Biscoitos para c\u00e3es vegetarianos, recheados com cenoura, alfafa, e espinafre, crocantes e empanados com sementes de papoila, ideais para oferecer como pr\u00eamio ou lanche.<\/p>\n","protected":false},"featured_media":2053,"comment_status":"open","ping_status":"closed","template":"","meta":{"_acf_changed":false},"product_brand":[],"product_cat":[92,98,101],"product_tag":[],"class_list":{"0":"post-2144","1":"product","2":"type-product","3":"status-publish","4":"has-post-thumbnail","6":"product_cat-cao","7":"product_cat-original-pt-pt","8":"product_cat-snacks-pt-pt","10":"first","11":"instock","12":"shipping-taxable","13":"product-type-simple"},"acf":[],"_links":{"self":[{"href":"https:\/\/www.criadores.es\/pt-pt\/wp-json\/wp\/v2\/product\/2144","targetHints":{"allow":["GET"]}}],"collection":[{"href":"https:\/\/www.criadores.es\/pt-pt\/wp-json\/wp\/v2\/product"}],"about":[{"href":"https:\/\/www.criadores.es\/pt-pt\/wp-json\/wp\/v2\/types\/product"}],"replies":[{"embeddable":true,"href":"https:\/\/www.criadores.es\/pt-pt\/wp-json\/wp\/v2\/comments?post=2144"}],"wp:featuredmedia":[{"embeddable":true,"href":"https:\/\/www.criadores.es\/pt-pt\/wp-json\/wp\/v2\/media\/2053"}],"wp:attachment":[{"href":"https:\/\/www.criadores.es\/pt-pt\/wp-json\/wp\/v2\/media?parent=2144"}],"wp:term":[{"taxonomy":"product_brand","embeddable":true,"href":"https:\/\/www.criadores.es\/pt-pt\/wp-json\/wp\/v2\/product_brand?post=2144"},{"taxonomy":"product_cat","embeddable":true,"href":"https:\/\/www.criadores.es\/pt-pt\/wp-json\/wp\/v2\/product_cat?post=2144"},{"taxonomy":"product_tag","embeddable":true,"href":"https:\/\/www.criadores.es\/pt-pt\/wp-json\/wp\/v2\/product_tag?post=2144"}],"curies":[{"name":"wp","href":"https:\/\/api.w.org\/{rel}","templated":true}]}}