{"id":2147,"date":"2025-02-14T12:38:39","date_gmt":"2025-02-14T11:38:39","guid":{"rendered":"https:\/\/www.criadores.es\/producto\/criadores-adulto-organicos-vitela-e-ervilhas-lata-para-caes\/"},"modified":"2025-06-11T13:41:01","modified_gmt":"2025-06-11T11:41:01","slug":"criadores-adulto-organicos-vitela-e-ervilhas-lata-para-caes","status":"publish","type":"product","link":"https:\/\/www.criadores.es\/pt-pt\/producto\/criadores-adulto-organicos-vitela-e-ervilhas-lata-para-caes\/","title":{"rendered":"Criadores Adulto Org\u00e2nicos Vitela e Ervilhas lata para c\u00e3es"},"content":{"rendered":"<h2>Alimento h\u00famido ecol\u00f3gico para c\u00e3es<\/h2>\n<p>Criadores Ecol\u00f3gico \u00e9 uma comida h\u00famida para c\u00e3es de alta qualidade elaborada com <strong>ingredientes ecol\u00f3gicos<\/strong>. A melhor forma de cuidar da sa\u00fade do seu melhor amigo, com um alimento completo e equilibrado que satisfaz todas as suas necessidades nutricionais. A origem, a produ\u00e7\u00e3o e a qualidade dos ingredientes que incorpora a comida \u00e9 muito importante para <strong>prevenir os problemas digestivos e as poss\u00edveis intoler\u00e2ncias<\/strong> ou alergias alimentares.<\/p>\n<p>O alimento h\u00famido Criadores Org\u00e2nico incorpora <strong>30% de vitela acompanhada de ervilhas e cenouras<\/strong>. Tanto a carne como as verduras s\u00e3o ingredientes ecol\u00f3gicos certificados que favorecem uma<strong> f\u00e1cil digest\u00e3o<\/strong>. A receita proporciona uma combina\u00e7\u00e3o \u00f3tima de prote\u00ednas, gorduras, vitaminas e minerais para uma grande vitalidade. Al\u00e9m disso, gra\u00e7as aos seus ingredientes naturais selecionados o alimento tem um <strong>intenso sabor<\/strong>.<\/p>\n<p>Experimente os diferentes <strong>alimento biol\u00f3gicos de <strong>Criadores<\/strong><\/strong><strong>:<\/strong> frango com espinafres e curgete, vitela com ervilhas e cenouras, peru com batata e ab\u00f3bora e porco com ma\u00e7\u00e3 e cenouras. Uma excelente sele\u00e7\u00e3o de ingredientes ecol\u00f3gicos que oferecem uma dieta muito variada e completa ao seu c\u00e3o para que n\u00e3o lhe falte nada.<\/p>\n<p><strong><em>Ofere\u00e7a ao seu c\u00e3o um alimento de qualidade elaborado com ingredientes ecol\u00f3gicos com a comida h\u00famida Criadores Ecol\u00f3gico.<\/em><\/strong><\/p>\n<p><em>A partir da data em que os receba \u00e9 garantido um prazo de 3 meses antes do vencimento da data de validade, ou de 1 m\u00eas no caso dos produtos l\u00b4cteos e a ra\u00e7\u00e3o ecol\u00f3gica.<\/em><\/p>\n","protected":false},"excerpt":{"rendered":"<p>Criadores Ecol\u00f3gico \u00e9 uma comida h\u00famida para c\u00e3es de alta qualidade elaborada com ingredientes ecol\u00f3gicos. A melhor forma de cuidar da sa\u00fade do seu melhor&#8230;<\/p>\n","protected":false},"featured_media":2051,"comment_status":"open","ping_status":"closed","template":"","meta":{"_acf_changed":false},"product_brand":[],"product_cat":[92,94,98],"product_tag":[],"class_list":{"0":"post-2147","1":"product","2":"type-product","3":"status-publish","4":"has-post-thumbnail","6":"product_cat-cao","7":"product_cat-comida-humida","8":"product_cat-original-pt-pt","10":"first","11":"instock","12":"shipping-taxable","13":"product-type-simple"},"acf":[],"_links":{"self":[{"href":"https:\/\/www.criadores.es\/pt-pt\/wp-json\/wp\/v2\/product\/2147","targetHints":{"allow":["GET"]}}],"collection":[{"href":"https:\/\/www.criadores.es\/pt-pt\/wp-json\/wp\/v2\/product"}],"about":[{"href":"https:\/\/www.criadores.es\/pt-pt\/wp-json\/wp\/v2\/types\/product"}],"replies":[{"embeddable":true,"href":"https:\/\/www.criadores.es\/pt-pt\/wp-json\/wp\/v2\/comments?post=2147"}],"wp:featuredmedia":[{"embeddable":true,"href":"https:\/\/www.criadores.es\/pt-pt\/wp-json\/wp\/v2\/media\/2051"}],"wp:attachment":[{"href":"https:\/\/www.criadores.es\/pt-pt\/wp-json\/wp\/v2\/media?parent=2147"}],"wp:term":[{"taxonomy":"product_brand","embeddable":true,"href":"https:\/\/www.criadores.es\/pt-pt\/wp-json\/wp\/v2\/product_brand?post=2147"},{"taxonomy":"product_cat","embeddable":true,"href":"https:\/\/www.criadores.es\/pt-pt\/wp-json\/wp\/v2\/product_cat?post=2147"},{"taxonomy":"product_tag","embeddable":true,"href":"https:\/\/www.criadores.es\/pt-pt\/wp-json\/wp\/v2\/product_tag?post=2147"}],"curies":[{"name":"wp","href":"https:\/\/api.w.org\/{rel}","templated":true}]}}