{"id":2150,"date":"2025-02-07T09:58:19","date_gmt":"2025-02-07T08:58:19","guid":{"rendered":"https:\/\/www.criadores.es\/producto\/criadores-snacks-dentarios-anti-tartaro-para-caes\/"},"modified":"2025-06-12T09:32:45","modified_gmt":"2025-06-12T07:32:45","slug":"criadores-snacks-dentarios-anti-tartaro-para-caes","status":"publish","type":"product","link":"https:\/\/www.criadores.es\/pt-pt\/producto\/criadores-snacks-dentarios-anti-tartaro-para-caes\/","title":{"rendered":"Criadores Snacks Dent\u00e1rios Anti-T\u00e1rtaro para c\u00e3es"},"content":{"rendered":"<h2>Snacks dent\u00e1rios da Criadores: uma limpeza profunda para os dentes dos c\u00e3es<\/h2>\n<p>Os snacks da Criadores Dental Antit\u00e1rtaro s\u00e3o concebidas para cuidar da sa\u00fade oral do seu animal de estima\u00e7\u00e3o. Estes <strong>petiscos saborosos e ben\u00e9ficos<\/strong> promovem uma <strong>excelente higiene oral<\/strong>, removendo o <strong>t\u00e1rtaro acumulado<\/strong> e proporcionando um h\u00e1lito fresco. Com um formato semi-h\u00famido e estriado, adaptam-se perfeitamente a c\u00e3es de todas as idades e tamanhos, desde cachorros a seniores, e s\u00e3o recomendadas por veterin\u00e1rios.<\/p>\n<p>Estes snacks dent\u00e1rios destacam-se n\u00e3o apenas pela sua capacidade de limpeza oral, mas tamb\u00e9m pelo <strong>formato estriado e consist\u00eancia mastig\u00e1vel<\/strong>, que ajuda a fortalecer os m\u00fasculos mastigat\u00f3rios do animal. O seu aroma agrad\u00e1vel e a sua composi\u00e7\u00e3o nutritiva fazem deles uma recompensa perfeita para usar durante treinos ou em qualquer ocasi\u00e3o.<\/p>\n<p>A barrita dent\u00e1ria Criadores Antit\u00e1rtaro \u00e9 um <strong>snack apetitoso<\/strong> feito com <strong>ingredientes naturais de alta qualidade<\/strong>, contendo 50% de aves. Vendidos numa embalagem de pl\u00e1stico pr\u00e1tica que garante a frescura e a qualidade do produto. Quando vazia, pode ser reutilizada para armazenar outros snacks, mantendo-os em bom estado.<\/p>\n<p><strong><em>O snack ideal para recompensar o seu c\u00e3o. Al\u00e9m de delicioso, contribui para a sa\u00fade oral do seu animal de estima\u00e7\u00e3o.<\/em><\/strong><\/p>\n<p><em>Ap\u00f3s a compra, \u00e9 garantido um prazo de 3 meses at\u00e9 \u00e0 data de expira\u00e7\u00e3o, ou de 1 m\u00eas no caso dos produtos l\u00e1cteos e ra\u00e7\u00e3o org\u00e2nica.<\/em><\/p>\n","protected":false},"excerpt":{"rendered":"<p>O snack Criadores Dental Anti-t\u00e1rtaro \u00e9 uma barrita desenvolvida para proteger a sa\u00fade oral do seu animal de estima\u00e7\u00e3o. Estes petiscos s\u00e3o saborosas e ben\u00e9ficos, e contribuem para uma higiene oral mais eficaz.<\/p>\n","protected":false},"featured_media":1523,"comment_status":"open","ping_status":"closed","template":"","meta":{"_acf_changed":false},"product_brand":[],"product_cat":[92,101],"product_tag":[],"class_list":{"0":"post-2150","1":"product","2":"type-product","3":"status-publish","4":"has-post-thumbnail","6":"product_cat-cao","7":"product_cat-snacks-pt-pt","9":"first","10":"instock","11":"shipping-taxable","12":"product-type-simple"},"acf":[],"_links":{"self":[{"href":"https:\/\/www.criadores.es\/pt-pt\/wp-json\/wp\/v2\/product\/2150","targetHints":{"allow":["GET"]}}],"collection":[{"href":"https:\/\/www.criadores.es\/pt-pt\/wp-json\/wp\/v2\/product"}],"about":[{"href":"https:\/\/www.criadores.es\/pt-pt\/wp-json\/wp\/v2\/types\/product"}],"replies":[{"embeddable":true,"href":"https:\/\/www.criadores.es\/pt-pt\/wp-json\/wp\/v2\/comments?post=2150"}],"wp:featuredmedia":[{"embeddable":true,"href":"https:\/\/www.criadores.es\/pt-pt\/wp-json\/wp\/v2\/media\/1523"}],"wp:attachment":[{"href":"https:\/\/www.criadores.es\/pt-pt\/wp-json\/wp\/v2\/media?parent=2150"}],"wp:term":[{"taxonomy":"product_brand","embeddable":true,"href":"https:\/\/www.criadores.es\/pt-pt\/wp-json\/wp\/v2\/product_brand?post=2150"},{"taxonomy":"product_cat","embeddable":true,"href":"https:\/\/www.criadores.es\/pt-pt\/wp-json\/wp\/v2\/product_cat?post=2150"},{"taxonomy":"product_tag","embeddable":true,"href":"https:\/\/www.criadores.es\/pt-pt\/wp-json\/wp\/v2\/product_tag?post=2150"}],"curies":[{"name":"wp","href":"https:\/\/api.w.org\/{rel}","templated":true}]}}