{"id":2151,"date":"2025-02-06T15:57:54","date_gmt":"2025-02-06T14:57:54","guid":{"rendered":"https:\/\/www.criadores.es\/producto\/criadores-mini-ossos-com-cordeiro-para-caes\/"},"modified":"2025-06-12T09:32:25","modified_gmt":"2025-06-12T07:32:25","slug":"criadores-mini-ossos-com-cordeiro-para-caes","status":"publish","type":"product","link":"https:\/\/www.criadores.es\/pt-pt\/producto\/criadores-mini-ossos-com-cordeiro-para-caes\/","title":{"rendered":"Criadores Mini ossos com cordeiro para c\u00e3es"},"content":{"rendered":"<p>&#8221;<\/p>\n<h2>Criadores\u00a0Snack em forma de osso pequeno e macio tenro para todos os c\u00e3es<\/h2>\n<p>Os mini ossinhos tenros Criadores de cordeiro para c\u00e3es s\u00e3o um pr\u00e9mio delicioso feito com <strong>18% de carne <\/strong>que oferece todo o sabor e aroma de que o seu animal de estima\u00e7\u00e3o gosta. O seu pequeno tamanho e a consist\u00eancia macia faz com que seja um <strong>snack ideal para cachorros e para premiar no treinamento <\/strong>tanto para c\u00e3es mais jovens como para os c\u00e3es adultos.<\/p>\n<p>Estes snacks s\u00e3o os melhores para ensinar o seu animal de estima\u00e7\u00e3o qualquer coisa que quiser que ele aprenda, j\u00e1 que o tamanho mini permite que possa dar-lhe mais pr\u00e9mios por dia. A grande percentagem de carne de cordeiro que cont\u00e9m \u00e9 sin\u00f3nimo da alta qualidade destes <strong>mini ossinhos para c\u00e3es, feitos com ingredientes naturais, saud\u00e1veis e nutritivos<\/strong>. O delicioso sabor e a textura suave e macia faz com que tamb\u00e9m seja uma guloseima perfeita para c\u00e3es em idade avan\u00e7ada, j\u00e1 que poder\u00e3o com\u00ea-lo sem dificuldade. Os mini ossinhos de cordeiro tenros para c\u00e3es tamb\u00e9m est\u00e3o <strong>dispon\u00edveis com sabor a frango<\/strong>; consiga os dois sabores em Tiendanimal.<\/p>\n<p><em>Os <strong>mini ossinhos\u00a0<\/strong><\/em><em><strong>tenros Criadores\u00a0<\/strong><\/em><em><strong>de cordeiro para c\u00e3es<\/strong> possuem 18% de carne saborosa y natural.<\/em><\/p>\n<p><em>A partir da data em que receba o seu produto \u00e9 garantido um prazo de 3 meses antes do vencimento da data de validade, ou de 1 m\u00eas no caso dos produtos l\u00e1cteos e a ra\u00e7\u00e3o ecol\u00f3gica.<\/em><\/p>\n","protected":false},"excerpt":{"rendered":"<p>&#8221; Criadores\u00a0Snack em forma de osso pequeno e macio tenro  [&#8230;]<\/p>\n","protected":false},"featured_media":1522,"comment_status":"open","ping_status":"closed","template":"","meta":{"_acf_changed":false},"product_brand":[],"product_cat":[92,101],"product_tag":[],"class_list":{"0":"post-2151","1":"product","2":"type-product","3":"status-publish","4":"has-post-thumbnail","6":"product_cat-cao","7":"product_cat-snacks-pt-pt","9":"first","10":"instock","11":"shipping-taxable","12":"product-type-simple"},"acf":[],"_links":{"self":[{"href":"https:\/\/www.criadores.es\/pt-pt\/wp-json\/wp\/v2\/product\/2151","targetHints":{"allow":["GET"]}}],"collection":[{"href":"https:\/\/www.criadores.es\/pt-pt\/wp-json\/wp\/v2\/product"}],"about":[{"href":"https:\/\/www.criadores.es\/pt-pt\/wp-json\/wp\/v2\/types\/product"}],"replies":[{"embeddable":true,"href":"https:\/\/www.criadores.es\/pt-pt\/wp-json\/wp\/v2\/comments?post=2151"}],"wp:featuredmedia":[{"embeddable":true,"href":"https:\/\/www.criadores.es\/pt-pt\/wp-json\/wp\/v2\/media\/1522"}],"wp:attachment":[{"href":"https:\/\/www.criadores.es\/pt-pt\/wp-json\/wp\/v2\/media?parent=2151"}],"wp:term":[{"taxonomy":"product_brand","embeddable":true,"href":"https:\/\/www.criadores.es\/pt-pt\/wp-json\/wp\/v2\/product_brand?post=2151"},{"taxonomy":"product_cat","embeddable":true,"href":"https:\/\/www.criadores.es\/pt-pt\/wp-json\/wp\/v2\/product_cat?post=2151"},{"taxonomy":"product_tag","embeddable":true,"href":"https:\/\/www.criadores.es\/pt-pt\/wp-json\/wp\/v2\/product_tag?post=2151"}],"curies":[{"name":"wp","href":"https:\/\/api.w.org\/{rel}","templated":true}]}}