{"id":2152,"date":"2025-02-13T17:52:31","date_gmt":"2025-02-13T16:52:31","guid":{"rendered":"https:\/\/www.criadores.es\/producto\/criadores-adulto-grain-free-frango-e-salmao-em-lata-para-caes-2\/"},"modified":"2025-06-11T13:57:12","modified_gmt":"2025-06-11T11:57:12","slug":"criadores-adulto-grain-free-frango-e-salmao-em-lata-para-caes-2","status":"publish","type":"product","link":"https:\/\/www.criadores.es\/pt-pt\/producto\/criadores-adulto-grain-free-frango-e-salmao-em-lata-para-caes-2\/","title":{"rendered":"Criadores Adulto Grain Free Frango e Salm\u00e3o em lata para c\u00e3es"},"content":{"rendered":"<h2>Comida h\u00famida sem gr\u00e3os para c\u00e3es adultos<\/h2>\n<p>Criadores Grain Free \u00e9 uma gama de alimentos h\u00famidos para c\u00e3es adultos, especialmente concebida para <strong>satisfazer as necessidades nutricionais dos animais de estima\u00e7\u00e3o que sofrem de alergias ou intoler\u00e2ncias a certos alimentos<\/strong>. Desta forma, ajuda o seu amigo peludo a desfrutar duma <strong>melhor qualidade de vida<\/strong>, com mais <strong>vitalidade e energia<\/strong>.<\/p>\n<p>Esta receita incorpora <strong>carne de frango e salm\u00e3o de alta qualidade<\/strong> com <strong>elevada palatabilidade<\/strong>, gra\u00e7as \u00e0 sua <strong>textura suculenta e apelativa<\/strong> que o seu animal de estima\u00e7\u00e3o ir\u00e1 adorar. Como se isto n\u00e3o fosse suficiente, tamb\u00e9m <strong>proporciona hidrata\u00e7\u00e3o adicional<\/strong>, o que se traduz num <strong>trato urin\u00e1rio mais saud\u00e1vel<\/strong>.<\/p>\n<p>O fornecimento equilibrado de prote\u00ednas, gorduras, vitaminas e minerais, torna-o um alimento <strong>muito f\u00e1cil de digerir<\/strong>, o que reduz\u00a0os riscos do seu c\u00e3o desenvolver qualquer alergia e <strong>fornece todos os nutrientes necess\u00e1rios<\/strong> para o seu n\u00edvel de atividade e bem-estar geral.<\/p>\n<p><em><strong>Esta comida h\u00famida para c\u00e3es \u00e9 uma deliciosa escolha para apoiar a boa sa\u00fade do seu animal de estima\u00e7\u00e3o.<\/strong><\/em><\/p>\n","protected":false},"excerpt":{"rendered":"<p>O alimento h\u00famido da Criadores Grain Free com sabor a salm\u00e3o e frango para c\u00e3es adultos de todas as ra\u00e7as promove uma boa digest\u00e3o e reduz as alergias alimentares.<\/p>\n","protected":false},"featured_media":1978,"comment_status":"open","ping_status":"closed","template":"","meta":{"_acf_changed":false},"product_brand":[],"product_cat":[92,94,97],"product_tag":[],"class_list":{"0":"post-2152","1":"product","2":"type-product","3":"status-publish","4":"has-post-thumbnail","6":"product_cat-cao","7":"product_cat-comida-humida","8":"product_cat-grain-free-pt-pt","10":"first","11":"instock","12":"shipping-taxable","13":"product-type-simple"},"acf":[],"_links":{"self":[{"href":"https:\/\/www.criadores.es\/pt-pt\/wp-json\/wp\/v2\/product\/2152","targetHints":{"allow":["GET"]}}],"collection":[{"href":"https:\/\/www.criadores.es\/pt-pt\/wp-json\/wp\/v2\/product"}],"about":[{"href":"https:\/\/www.criadores.es\/pt-pt\/wp-json\/wp\/v2\/types\/product"}],"replies":[{"embeddable":true,"href":"https:\/\/www.criadores.es\/pt-pt\/wp-json\/wp\/v2\/comments?post=2152"}],"wp:featuredmedia":[{"embeddable":true,"href":"https:\/\/www.criadores.es\/pt-pt\/wp-json\/wp\/v2\/media\/1978"}],"wp:attachment":[{"href":"https:\/\/www.criadores.es\/pt-pt\/wp-json\/wp\/v2\/media?parent=2152"}],"wp:term":[{"taxonomy":"product_brand","embeddable":true,"href":"https:\/\/www.criadores.es\/pt-pt\/wp-json\/wp\/v2\/product_brand?post=2152"},{"taxonomy":"product_cat","embeddable":true,"href":"https:\/\/www.criadores.es\/pt-pt\/wp-json\/wp\/v2\/product_cat?post=2152"},{"taxonomy":"product_tag","embeddable":true,"href":"https:\/\/www.criadores.es\/pt-pt\/wp-json\/wp\/v2\/product_tag?post=2152"}],"curies":[{"name":"wp","href":"https:\/\/api.w.org\/{rel}","templated":true}]}}