{"id":2153,"date":"2025-02-13T12:54:47","date_gmt":"2025-02-13T11:54:47","guid":{"rendered":"https:\/\/www.criadores.es\/producto\/criadores-orelhas-de-porco-desidratadas-para-caes\/"},"modified":"2025-06-11T15:30:07","modified_gmt":"2025-06-11T13:30:07","slug":"criadores-orelhas-de-porco-desidratadas-para-caes","status":"publish","type":"product","link":"https:\/\/www.criadores.es\/pt-pt\/producto\/criadores-orelhas-de-porco-desidratadas-para-caes\/","title":{"rendered":"Criadores Orelhas de Porco desidratadas para c\u00e3es"},"content":{"rendered":"<h2>Snack de orelhas de porco desidratadas para c\u00e3es<\/h2>\n<p>As <strong>orelhas de porco desidratadas<\/strong> da marca Criadores s\u00e3o um snack valioso para a sa\u00fade oral do seu c\u00e3o. Gra\u00e7as \u00e0 sua rica composi\u00e7\u00e3o em cartilagem, contribuem para a <strong>limpeza dos dentes<\/strong>, prevenindo a <strong>forma\u00e7\u00e3o de t\u00e1rtaro e placa bacteriana<\/strong>. Estes snacks tamb\u00e9m cuidam das gengivas e refor\u00e7am os m\u00fasculos da mand\u00edbula.<\/p>\n<p>Este \u00e9 um delicioso snack, adequado para <strong>c\u00e3es de todas as idades e ra\u00e7as<\/strong>, que promove a higiene dent\u00e1ria do seu animal. Feito exclusivamente a partir de orelhas de porco, este petisco \u00e9\u00a0<strong>altamente nutritivo<\/strong>, sendo adorado pela maioria dos c\u00e3es. Al\u00e9m disso, \u00e9\u00a0<strong>f\u00e1cil de digerir<\/strong>, tornando-se a escolha perfeita para um lanche entre refei\u00e7\u00f5es.<\/p>\n<p><em>Ofere\u00e7a ao seu c\u00e3o um snack 100% natural com estas orelhas de porco da Criadores!<\/em><\/p>\n","protected":false},"excerpt":{"rendered":"<p>As suculentas orelhas de porco desidratadas da Criadores, al\u00e9m de serem altamente nutritivas, contribuem para a sa\u00fade dent\u00e1ria do seu animal de estima\u00e7\u00e3o. Previnem o aparecimento de placa bacteriana e t\u00e1rtaro, cuidam das gengivas e fortalecem os m\u00fasculos da mand\u00edbula do seu c\u00e3o.<\/p>\n","protected":false},"featured_media":1893,"comment_status":"open","ping_status":"closed","template":"","meta":{"_acf_changed":false},"product_brand":[],"product_cat":[92,98,101],"product_tag":[],"class_list":{"0":"post-2153","1":"product","2":"type-product","3":"status-publish","4":"has-post-thumbnail","6":"product_cat-cao","7":"product_cat-original-pt-pt","8":"product_cat-snacks-pt-pt","10":"first","11":"instock","12":"shipping-taxable","13":"product-type-simple"},"acf":[],"_links":{"self":[{"href":"https:\/\/www.criadores.es\/pt-pt\/wp-json\/wp\/v2\/product\/2153","targetHints":{"allow":["GET"]}}],"collection":[{"href":"https:\/\/www.criadores.es\/pt-pt\/wp-json\/wp\/v2\/product"}],"about":[{"href":"https:\/\/www.criadores.es\/pt-pt\/wp-json\/wp\/v2\/types\/product"}],"replies":[{"embeddable":true,"href":"https:\/\/www.criadores.es\/pt-pt\/wp-json\/wp\/v2\/comments?post=2153"}],"wp:featuredmedia":[{"embeddable":true,"href":"https:\/\/www.criadores.es\/pt-pt\/wp-json\/wp\/v2\/media\/1893"}],"wp:attachment":[{"href":"https:\/\/www.criadores.es\/pt-pt\/wp-json\/wp\/v2\/media?parent=2153"}],"wp:term":[{"taxonomy":"product_brand","embeddable":true,"href":"https:\/\/www.criadores.es\/pt-pt\/wp-json\/wp\/v2\/product_brand?post=2153"},{"taxonomy":"product_cat","embeddable":true,"href":"https:\/\/www.criadores.es\/pt-pt\/wp-json\/wp\/v2\/product_cat?post=2153"},{"taxonomy":"product_tag","embeddable":true,"href":"https:\/\/www.criadores.es\/pt-pt\/wp-json\/wp\/v2\/product_tag?post=2153"}],"curies":[{"name":"wp","href":"https:\/\/api.w.org\/{rel}","templated":true}]}}