{"id":2155,"date":"2025-02-13T12:48:45","date_gmt":"2025-02-13T11:48:45","guid":{"rendered":"https:\/\/www.criadores.es\/producto\/criadores-adulto-grain-free-vitela-e-pato-em-lata-para-caes\/"},"modified":"2025-06-11T15:31:18","modified_gmt":"2025-06-11T13:31:18","slug":"criadores-adulto-grain-free-vitela-e-pato-em-lata-para-caes","status":"publish","type":"product","link":"https:\/\/www.criadores.es\/pt-pt\/producto\/criadores-adulto-grain-free-vitela-e-pato-em-lata-para-caes\/","title":{"rendered":"Criadores Adulto Grain Free Vitela e Pato em lata para c\u00e3es"},"content":{"rendered":"<h2>Alimento h\u00famido para c\u00e3es com 50% de carne Criadores Grain Free<\/h2>\n<p>Este \u00e9 um alimento completo e equilibrado para c\u00e3es, feito <strong>com uma elevada percentagem de carne<\/strong> e excluindo cereais. \u00c9 uma excelente escolha para cuidar da sa\u00fade do seu c\u00e3o com uma receita que cobre todas as suas necessidades nutricionais e energ\u00e9ticas. Al\u00e9m disso, gra\u00e7as aos <strong>seus ingredientes selecionados e livre de gr\u00e3os<\/strong>, favorece uma boa digest\u00e3o e reduz as intoler\u00e2ncias ou alergias alimentares.<\/p>\n<p>Os alimentos h\u00famidos da Criadores Grain Free <strong>s\u00e3o um produto de alta qualidade produzido na Espanha<\/strong> por veterin\u00e1rios especializados em nutri\u00e7\u00e3o. A <strong>sua f\u00f3rmula completa previne defici\u00eancias nutricionais<\/strong> e contribui para uma boa sa\u00fade, vitalidade e energia nos c\u00e3es. Incorpora 50% de carne de bovino e de pato, numa textura requintada com um cheiro e sabor irresist\u00edvel. Al\u00e9m disso, o seu elevado teor de h\u00famidade melhora a hidrata\u00e7\u00e3o.<\/p>\n<p><em><strong>Mantenha o seu c\u00e3o saud\u00e1vel com o saboroso alimento da Criadores Grain Free com muita carne e sem cereais.<\/strong><\/em><\/p>\n<p><em>A partir da data de rece\u00e7\u00e3o do seu produto, \u00e9 garantido por 3 meses antes da data de validade, ou 1 m\u00eas no caso de produtos l\u00e1cteos e a ra\u00e7\u00e3o ecol\u00f3gica.<\/em><\/p>\n","protected":false},"excerpt":{"rendered":"<p>Alimento h\u00famido para c\u00e3es adultos com ingredientes selecionados que fornecem vitaminas, minerais e mant\u00eam o seu c\u00e3o ativo.<\/p>\n","protected":false},"featured_media":1890,"comment_status":"open","ping_status":"closed","template":"","meta":{"_acf_changed":false},"product_brand":[],"product_cat":[92,94,97],"product_tag":[],"class_list":{"0":"post-2155","1":"product","2":"type-product","3":"status-publish","4":"has-post-thumbnail","6":"product_cat-cao","7":"product_cat-comida-humida","8":"product_cat-grain-free-pt-pt","10":"first","11":"instock","12":"shipping-taxable","13":"product-type-simple"},"acf":[],"_links":{"self":[{"href":"https:\/\/www.criadores.es\/pt-pt\/wp-json\/wp\/v2\/product\/2155","targetHints":{"allow":["GET"]}}],"collection":[{"href":"https:\/\/www.criadores.es\/pt-pt\/wp-json\/wp\/v2\/product"}],"about":[{"href":"https:\/\/www.criadores.es\/pt-pt\/wp-json\/wp\/v2\/types\/product"}],"replies":[{"embeddable":true,"href":"https:\/\/www.criadores.es\/pt-pt\/wp-json\/wp\/v2\/comments?post=2155"}],"wp:featuredmedia":[{"embeddable":true,"href":"https:\/\/www.criadores.es\/pt-pt\/wp-json\/wp\/v2\/media\/1890"}],"wp:attachment":[{"href":"https:\/\/www.criadores.es\/pt-pt\/wp-json\/wp\/v2\/media?parent=2155"}],"wp:term":[{"taxonomy":"product_brand","embeddable":true,"href":"https:\/\/www.criadores.es\/pt-pt\/wp-json\/wp\/v2\/product_brand?post=2155"},{"taxonomy":"product_cat","embeddable":true,"href":"https:\/\/www.criadores.es\/pt-pt\/wp-json\/wp\/v2\/product_cat?post=2155"},{"taxonomy":"product_tag","embeddable":true,"href":"https:\/\/www.criadores.es\/pt-pt\/wp-json\/wp\/v2\/product_tag?post=2155"}],"curies":[{"name":"wp","href":"https:\/\/api.w.org\/{rel}","templated":true}]}}