{"id":2156,"date":"2025-02-13T13:23:21","date_gmt":"2025-02-13T12:23:21","guid":{"rendered":"https:\/\/www.criadores.es\/producto\/criadores-osso-com-fatias-de-presunto-para-caes\/"},"modified":"2025-06-12T12:00:51","modified_gmt":"2025-06-12T10:00:51","slug":"criadores-osso-com-fatias-de-presunto-para-caes","status":"publish","type":"product","link":"https:\/\/www.criadores.es\/pt-pt\/producto\/criadores-osso-com-fatias-de-presunto-para-caes\/","title":{"rendered":"Criadores Osso com fatias de presunto para c\u00e3es"},"content":{"rendered":"<h2>Snack natural para c\u00e3es Criadores osso com presunto<\/h2>\n<p>O osso de presunto com fatias Criadores \u00e9 um fant\u00e1stico pr\u00e9mio para o seu animal de companhia. Um snack com o qual passar\u00e1 longos momentos a mastigar e desfrutar do seu sabor. Esque\u00e7a das guloseimas que o teu c\u00e3o engole sem sequer saborear e oferece um verdadeiro mimo.<\/p>\n<p>Os ossos para c\u00e3es s\u00e3o muito beneficiosos para os dentes. Quando os roem e mordem, ajudam a eliminar o t\u00e1rtaro e a placa que se acumula neles. Al\u00e9m do mais, a sua mastiga\u00e7\u00e3o tamb\u00e9m \u00e9 muito boa para fortalecer os m\u00fasculos da mand\u00edbula. Mas, n\u00e3o s\u00f3 s\u00e3o bons para a sa\u00fade dent\u00e1ria, tamb\u00e9m s\u00e3o excelentes para a sa\u00fade mental. Proporcionam um grande entretenimento e uma grande estimula\u00e7\u00e3o que ajuda a reduzir o t\u00e9dio, o stress e a ansiedade.<\/p>\n<p>Este snack \u00e9 um aut\u00eantico osso de presunto natural com uma deliciosa e irresist\u00edvel fatia de presunto que aumentar\u00e1 a atra\u00e7\u00e3o e o interesse dos c\u00e3es por mastigar. Tem um sabor salgado e um agrad\u00e1vel aroma de carne assada. \u00c9 um pr\u00e9mio livre de gl\u00faten, de alerg\u00e9nios e de OMG.<\/p>\n<p><strong><em>Mime o seu c\u00e3o com um snack natural e saud\u00e1vel como o osso de presunto com fatia Criadores.<\/em><\/strong><\/p>\n<p><em>A partir da data em que os receba \u00e9 garantido um prazo de 3 meses antes do vencimento da data de validade, ou de 1 m\u00eas no caso dos produtos l\u00e1cteos e da ra\u00e7\u00e3o ecol\u00f3gica.<\/em><\/p>\n","protected":false},"excerpt":{"rendered":"<p>O osso de presunto com fatias Criadores \u00e9 um fant\u00e1stico pr\u00e9mio para o seu animal de companhia. Um snack com o qual passar\u00e1 longos momentos a mastigar e desfrutar do seu &#8230;<\/p>\n","protected":false},"featured_media":1903,"comment_status":"open","ping_status":"closed","template":"","meta":{"_acf_changed":false},"product_brand":[],"product_cat":[92,98,101],"product_tag":[],"class_list":{"0":"post-2156","1":"product","2":"type-product","3":"status-publish","4":"has-post-thumbnail","6":"product_cat-cao","7":"product_cat-original-pt-pt","8":"product_cat-snacks-pt-pt","10":"first","11":"instock","12":"shipping-taxable","13":"product-type-simple"},"acf":[],"_links":{"self":[{"href":"https:\/\/www.criadores.es\/pt-pt\/wp-json\/wp\/v2\/product\/2156","targetHints":{"allow":["GET"]}}],"collection":[{"href":"https:\/\/www.criadores.es\/pt-pt\/wp-json\/wp\/v2\/product"}],"about":[{"href":"https:\/\/www.criadores.es\/pt-pt\/wp-json\/wp\/v2\/types\/product"}],"replies":[{"embeddable":true,"href":"https:\/\/www.criadores.es\/pt-pt\/wp-json\/wp\/v2\/comments?post=2156"}],"wp:featuredmedia":[{"embeddable":true,"href":"https:\/\/www.criadores.es\/pt-pt\/wp-json\/wp\/v2\/media\/1903"}],"wp:attachment":[{"href":"https:\/\/www.criadores.es\/pt-pt\/wp-json\/wp\/v2\/media?parent=2156"}],"wp:term":[{"taxonomy":"product_brand","embeddable":true,"href":"https:\/\/www.criadores.es\/pt-pt\/wp-json\/wp\/v2\/product_brand?post=2156"},{"taxonomy":"product_cat","embeddable":true,"href":"https:\/\/www.criadores.es\/pt-pt\/wp-json\/wp\/v2\/product_cat?post=2156"},{"taxonomy":"product_tag","embeddable":true,"href":"https:\/\/www.criadores.es\/pt-pt\/wp-json\/wp\/v2\/product_tag?post=2156"}],"curies":[{"name":"wp","href":"https:\/\/api.w.org\/{rel}","templated":true}]}}