{"id":2157,"date":"2025-02-13T17:47:25","date_gmt":"2025-02-13T16:47:25","guid":{"rendered":"https:\/\/www.criadores.es\/producto\/criadores-adulto-grain-free-javali-e-batata-em-lata-para-caes\/"},"modified":"2025-06-11T13:15:21","modified_gmt":"2025-06-11T11:15:21","slug":"criadores-adulto-grain-free-javali-e-batata-em-lata-para-caes","status":"publish","type":"product","link":"https:\/\/www.criadores.es\/pt-pt\/producto\/criadores-adulto-grain-free-javali-e-batata-em-lata-para-caes\/","title":{"rendered":"Criadores Adulto Grain Free Javali e Batata em lata para c\u00e3es"},"content":{"rendered":"<h2>Alimento h\u00famido Criadores Grain Free com 66% de carne<\/h2>\n<p>Criadores Grain Free para c\u00e3es \u00e9 uma comida h\u00famida completa e equilibrada que est\u00e1 elaborada com uma grande percentagem de carne e <strong>exclui os cereais<\/strong>. A melhor op\u00e7\u00e3o para cuidar da sa\u00fade do seu c\u00e3o com uma f\u00f3rmula que satisfaz todas as necessidades nutricionais e energ\u00e9ticas. Al\u00e9m disso, gra\u00e7as aos seus <strong>ingredientes selecionados<\/strong> e ao facto de ser livre de gr\u00e3os favorece uma boa digest\u00e3o e <strong>reduz as intoler\u00e2ncias ou alergias alimentares<\/strong>.<\/p>\n<p>O alimento h\u00famido Criadores Grain Free \u00e9 um <strong>produto de alta qualidade produzido em Espanha<\/strong> por veterin\u00e1rios especializados na alimenta\u00e7\u00e3o canina. A sua f\u00f3rmula completa evita as car\u00eancias nutricionais e contribui para que os c\u00e3es tenham uma boa sa\u00fade e uma grande vitalidade e energia. Incorpora <strong>66% de carne com batata doce<\/strong>, em uma textura suculenta com um aroma e sabor irresist\u00edveis. Al\u00e9m disso, o seu alto conte\u00fado em \u00e1gua melhora a hidrata\u00e7\u00e3o.<\/p>\n<p><strong>Criadores Grain Free h\u00famido<\/strong> \u00e9 elaborado com ingredientes selecionados f\u00e1ceis de digerir, com uma combina\u00e7\u00e3o adequada de prote\u00ednas, gorduras, vitaminas e minerais. Conta com <strong>diferentes receitas <\/strong>para que possa altern\u00e1-las e oferecer uma maior variedade ao seu c\u00e3o: frango e vitela com batata, peru com cenouras, javali com batata doce, vitela com pato e frango com salm\u00e3o.<\/p>\n<p><strong><em>Cuide da sa\u00fade do seu c\u00e3o com a saborosa comida h\u00famida Criadores Grain Free, com muita carne e sem cereais.<\/em><\/strong><br \/>\n<em>A partir da data em que os receba \u00e9 garantido um prazo de 3 meses antes do vencimento da data de validade, ou de 1 m\u00eas no caso dos produtos l\u00b4cteos e a ra\u00e7\u00e3o ecol\u00f3gica.<\/em><\/p>\n","protected":false},"excerpt":{"rendered":"<p>Alimento h\u00famido em lata com sabor a javali e batata-doce, sem cereais, para c\u00e3es adultos.<\/p>\n","protected":false},"featured_media":1977,"comment_status":"open","ping_status":"closed","template":"","meta":{"_acf_changed":false},"product_brand":[],"product_cat":[92,94,97],"product_tag":[],"class_list":{"0":"post-2157","1":"product","2":"type-product","3":"status-publish","4":"has-post-thumbnail","6":"product_cat-cao","7":"product_cat-comida-humida","8":"product_cat-grain-free-pt-pt","10":"first","11":"instock","12":"shipping-taxable","13":"product-type-simple"},"acf":[],"_links":{"self":[{"href":"https:\/\/www.criadores.es\/pt-pt\/wp-json\/wp\/v2\/product\/2157","targetHints":{"allow":["GET"]}}],"collection":[{"href":"https:\/\/www.criadores.es\/pt-pt\/wp-json\/wp\/v2\/product"}],"about":[{"href":"https:\/\/www.criadores.es\/pt-pt\/wp-json\/wp\/v2\/types\/product"}],"replies":[{"embeddable":true,"href":"https:\/\/www.criadores.es\/pt-pt\/wp-json\/wp\/v2\/comments?post=2157"}],"wp:featuredmedia":[{"embeddable":true,"href":"https:\/\/www.criadores.es\/pt-pt\/wp-json\/wp\/v2\/media\/1977"}],"wp:attachment":[{"href":"https:\/\/www.criadores.es\/pt-pt\/wp-json\/wp\/v2\/media?parent=2157"}],"wp:term":[{"taxonomy":"product_brand","embeddable":true,"href":"https:\/\/www.criadores.es\/pt-pt\/wp-json\/wp\/v2\/product_brand?post=2157"},{"taxonomy":"product_cat","embeddable":true,"href":"https:\/\/www.criadores.es\/pt-pt\/wp-json\/wp\/v2\/product_cat?post=2157"},{"taxonomy":"product_tag","embeddable":true,"href":"https:\/\/www.criadores.es\/pt-pt\/wp-json\/wp\/v2\/product_tag?post=2157"}],"curies":[{"name":"wp","href":"https:\/\/api.w.org\/{rel}","templated":true}]}}