{"id":2158,"date":"2025-02-14T10:58:17","date_gmt":"2025-02-14T09:58:17","guid":{"rendered":"https:\/\/www.criadores.es\/producto\/criadores-rolinhos-recheados-para-caes\/"},"modified":"2025-06-11T11:34:02","modified_gmt":"2025-06-11T09:34:02","slug":"criadores-rolinhos-recheados-para-caes","status":"publish","type":"product","link":"https:\/\/www.criadores.es\/pt-pt\/producto\/criadores-rolinhos-recheados-para-caes\/","title":{"rendered":"Criadores Rolinhos Recheados para c\u00e3es"},"content":{"rendered":"<h2>Snacks para c\u00e3es saud\u00e1veis e nutritivos com recheio<\/h2>\n<p>Os <strong>biscoitos para c\u00e3es Criadores Rolinhos<\/strong> s\u00e3o um complemento alimentar que ajudar\u00e1 no adestramento do seu animal de estima\u00e7\u00e3o. Use estes snacks para premiar o seu c\u00e3o quando se comportar corretamente, \u00e9 muito pr\u00e1tico. <strong>Elaborados com ingredientes selecionados<\/strong>, estes deliciosos biscoitos s\u00e3o indicados para c\u00e3es de qualquer ra\u00e7a.<\/p>\n<p>Os biscoitos Criadores s\u00e3o <strong>formulados com antioxidantes naturais <\/strong>ricos em tocofer\u00f3is e s\u00e3o muito nutritivos, constituindo um complemento alimentar perfeito para a dieta completa e equilibrada do seu c\u00e3o. Seja <strong>como pr\u00e9mio ou para dar-lhe um snack entre horas<\/strong>, estes biscoitos far\u00e3o as del\u00edcias do seu melhor amigo.<\/p>\n<p>Criadores conta com uma ampla <strong>gama de produtos super premium para a alimenta\u00e7\u00e3o do seu animal de estima\u00e7\u00e3o<\/strong>: biscoitos, snacks e ra\u00e7\u00f5es secas e h\u00famidas de diferentes sabores e para c\u00e3es de todas as ra\u00e7as e idades. <strong>Os seus produtos s\u00e3o elaborados com ingredientes de primeira qualidade<\/strong> e formulados para aportar ao animal os nutrientes necess\u00e1rios para o seu desenvolvimento e bem-estar.<\/p>\n<p><strong><em>D\u00ea ao seu animal de estima\u00e7\u00e3o o pr\u00e9mio que merece com os nutritivos e deliciosos biscoitos para c\u00e3es Criadores Rolinhos.<\/em><\/strong><\/p>\n<p><em>A partir da data em que os receba \u00e9 garantido um prazo de 3 meses antes do vencimento da data de validade, ou de 1 m\u00eas no caso dos produtos l\u00b4cteos e a ra\u00e7\u00e3o ecol\u00f3gica.<\/em><\/p>\n","protected":false},"excerpt":{"rendered":"<p>Biscoitos para c\u00e3es de todas as idades, s\u00e3o rolinhos recheados de carne, com alto n\u00edvel de prote\u00ednas e baixo em gorduras, s\u00e3o de f\u00e1cil digest\u00e3o e entret\u00eam a mascote, ideais como lanche ou recompensa.<\/p>\n","protected":false},"featured_media":2025,"comment_status":"open","ping_status":"closed","template":"","meta":{"_acf_changed":false},"product_brand":[],"product_cat":[92,98,101],"product_tag":[],"class_list":{"0":"post-2158","1":"product","2":"type-product","3":"status-publish","4":"has-post-thumbnail","6":"product_cat-cao","7":"product_cat-original-pt-pt","8":"product_cat-snacks-pt-pt","10":"first","11":"instock","12":"shipping-taxable","13":"product-type-simple"},"acf":[],"_links":{"self":[{"href":"https:\/\/www.criadores.es\/pt-pt\/wp-json\/wp\/v2\/product\/2158","targetHints":{"allow":["GET"]}}],"collection":[{"href":"https:\/\/www.criadores.es\/pt-pt\/wp-json\/wp\/v2\/product"}],"about":[{"href":"https:\/\/www.criadores.es\/pt-pt\/wp-json\/wp\/v2\/types\/product"}],"replies":[{"embeddable":true,"href":"https:\/\/www.criadores.es\/pt-pt\/wp-json\/wp\/v2\/comments?post=2158"}],"wp:featuredmedia":[{"embeddable":true,"href":"https:\/\/www.criadores.es\/pt-pt\/wp-json\/wp\/v2\/media\/2025"}],"wp:attachment":[{"href":"https:\/\/www.criadores.es\/pt-pt\/wp-json\/wp\/v2\/media?parent=2158"}],"wp:term":[{"taxonomy":"product_brand","embeddable":true,"href":"https:\/\/www.criadores.es\/pt-pt\/wp-json\/wp\/v2\/product_brand?post=2158"},{"taxonomy":"product_cat","embeddable":true,"href":"https:\/\/www.criadores.es\/pt-pt\/wp-json\/wp\/v2\/product_cat?post=2158"},{"taxonomy":"product_tag","embeddable":true,"href":"https:\/\/www.criadores.es\/pt-pt\/wp-json\/wp\/v2\/product_tag?post=2158"}],"curies":[{"name":"wp","href":"https:\/\/api.w.org\/{rel}","templated":true}]}}