{"id":2159,"date":"2025-02-14T10:38:12","date_gmt":"2025-02-14T09:38:12","guid":{"rendered":"https:\/\/www.criadores.es\/producto\/criadores-biscoitos-burger-para-caes\/"},"modified":"2025-06-11T11:45:30","modified_gmt":"2025-06-11T09:45:30","slug":"criadores-biscoitos-burger-para-caes","status":"publish","type":"product","link":"https:\/\/www.criadores.es\/pt-pt\/producto\/criadores-biscoitos-burger-para-caes\/","title":{"rendered":"Criadores Biscoitos Burger para c\u00e3es"},"content":{"rendered":"<h2>Snacks para c\u00e3es com recheio saboroso e nutritivo<\/h2>\n<p>Os <strong>biscoitos para c\u00e3es Criadores Burguer<\/strong> s\u00e3o o snack perfeito para dar ao seu animal de estima\u00e7\u00e3o quando fizer algo bem no processo de adestramento ou, simplesmente, para que coma um alimento delicioso ao longo do dia. <strong>Elaborados com ingredientes selecionados de alta qualidade<\/strong>, s\u00e3o um complemento alimentar indicado para c\u00e3es de todas as ra\u00e7as.<\/p>\n<p>O adestramento do seu animal de estima\u00e7\u00e3o \u00e9 um aspecto muito importante que deve ser levado em conta, e com os <strong>deliciosos biscoitos <\/strong>Criadores Burguer contar\u00e1 com um aliado no processo de educa\u00e7\u00e3o do seu c\u00e3o, j\u00e1 que poder\u00e1 oferecer um snack cada vez que o seu animal de estima\u00e7\u00e3o acatar corretamente uma de suas indica\u00e7\u00f5es. Al\u00e9m de ajudar durante o adestramento do seu c\u00e3o, estes biscoitos s\u00e3o um delicioso aperitivo para o seu c\u00e3o, que <strong>aproveitar\u00e1 de todo o sabor a cada por\u00e7\u00e3o<\/strong>.<\/p>\n<p>Os biscoitos Criadores Burguer s\u00e3o desenhados com <strong>ingredientes selecionados que aportam ao seu c\u00e3o os nutrientes necess\u00e1rios <\/strong>para seu correto desenvolvimento e t\u00eam na sua composi\u00e7\u00e3o antioxidantes naturais. Tamb\u00e9m ajudar\u00e3o o seu c\u00e3o, seja qual for a ra\u00e7a, a manter uma <strong>dentadura saud\u00e1vel e forte<\/strong>, facilitando a elimina\u00e7\u00e3o do t\u00e1rtaro e fortalecendo os m\u00fasculos da mand\u00edbula.<\/p>\n<p><strong><em>Mantenha o seu animal de estima\u00e7\u00e3o contente com os biscoitos para c\u00e3es Criadores Burguer, o complemento alimentar que ajudar\u00e1 no seu adestramento.<\/em><\/strong><\/p>\n<p><em>A partir da data em que os receba \u00e9 garantido um prazo de 3 meses antes do vencimento da data de validade, ou de 1 m\u00eas no caso dos produtos l\u00b4cteos e a ra\u00e7\u00e3o ecol\u00f3gica.<\/em><\/p>\n","protected":false},"excerpt":{"rendered":"<p>Biscoitos burguer para c\u00e3es de todas as idades, s\u00e3o ricas em prote\u00ednas, incluem Vitaminas A, D e E, t\u00eam textura crocante e ajudam a limpar os dentes e gengivas dos animais de estima\u00e7\u00e3o, de f\u00e1cil digest\u00e3o.<\/p>\n","protected":false},"featured_media":2020,"comment_status":"open","ping_status":"closed","template":"","meta":{"_acf_changed":false},"product_brand":[],"product_cat":[92,98,101],"product_tag":[],"class_list":{"0":"post-2159","1":"product","2":"type-product","3":"status-publish","4":"has-post-thumbnail","6":"product_cat-cao","7":"product_cat-original-pt-pt","8":"product_cat-snacks-pt-pt","10":"first","11":"instock","12":"shipping-taxable","13":"product-type-simple"},"acf":[],"_links":{"self":[{"href":"https:\/\/www.criadores.es\/pt-pt\/wp-json\/wp\/v2\/product\/2159","targetHints":{"allow":["GET"]}}],"collection":[{"href":"https:\/\/www.criadores.es\/pt-pt\/wp-json\/wp\/v2\/product"}],"about":[{"href":"https:\/\/www.criadores.es\/pt-pt\/wp-json\/wp\/v2\/types\/product"}],"replies":[{"embeddable":true,"href":"https:\/\/www.criadores.es\/pt-pt\/wp-json\/wp\/v2\/comments?post=2159"}],"wp:featuredmedia":[{"embeddable":true,"href":"https:\/\/www.criadores.es\/pt-pt\/wp-json\/wp\/v2\/media\/2020"}],"wp:attachment":[{"href":"https:\/\/www.criadores.es\/pt-pt\/wp-json\/wp\/v2\/media?parent=2159"}],"wp:term":[{"taxonomy":"product_brand","embeddable":true,"href":"https:\/\/www.criadores.es\/pt-pt\/wp-json\/wp\/v2\/product_brand?post=2159"},{"taxonomy":"product_cat","embeddable":true,"href":"https:\/\/www.criadores.es\/pt-pt\/wp-json\/wp\/v2\/product_cat?post=2159"},{"taxonomy":"product_tag","embeddable":true,"href":"https:\/\/www.criadores.es\/pt-pt\/wp-json\/wp\/v2\/product_tag?post=2159"}],"curies":[{"name":"wp","href":"https:\/\/api.w.org\/{rel}","templated":true}]}}