{"id":2160,"date":"2025-02-13T12:42:12","date_gmt":"2025-02-13T11:42:12","guid":{"rendered":"https:\/\/www.criadores.es\/producto\/criadores-adulto-grain-free-peru-com-cenouras-lata-caes\/"},"modified":"2025-06-11T15:32:14","modified_gmt":"2025-06-11T13:32:14","slug":"criadores-adulto-grain-free-peru-com-cenouras-lata-caes","status":"publish","type":"product","link":"https:\/\/www.criadores.es\/pt-pt\/producto\/criadores-adulto-grain-free-peru-com-cenouras-lata-caes\/","title":{"rendered":"Criadores Adulto Grain Free peru com cenouras lata c\u00e3es"},"content":{"rendered":"<h2>Peru e cenouras para c\u00e3es<\/h2>\n<p>Este delicioso e <strong>equilibrado alimento h\u00famido para c\u00e3es tem 45% de peru<\/strong>, carne de vaca, cenoura e \u00f3leo de linha\u00e7a. Se o seu c\u00e3o tem tend\u00eancia para alergias alimentares associadas a cereais, este alimento <strong>\u00e9 uma excelente op\u00e7\u00e3o para cuidar da sua sa\u00fade<\/strong>. A f\u00f3rmula foi concebida para atender \u00e0s necessidades nutricionais dos c\u00e3es. Gra\u00e7as aos seus <strong>ingredientes selecionados e por ser isento de cereais<\/strong>, favorece a digest\u00e3o e previne alergias.<\/p>\n<p>Criadores <strong>Grain Free com peru e cenouras \u00e9 um produto de alta qualidade produzido em Espanha<\/strong>, desenvolvido por especialistas em nutri\u00e7\u00e3o canina. A sua receita \u00e9 completa e contribui para o bem-estar dos c\u00e3es, sendo rica em vitaminas e minerais, e proporciona ainda uma boa hidrata\u00e7\u00e3o ao seu animal.<\/p>\n<p><strong><em>O seu animal de estima\u00e7\u00e3o merece o alimento certo, como Criadores Grain Free!<\/em><\/strong><\/p>\n","protected":false},"excerpt":{"rendered":"<p>Este delicioso, completo e equilibrado alimento h\u00famido para c\u00e3es, cont\u00e9m peru (45%), carne de vaca, cenoura e \u00f3leo de linho.<\/p>\n","protected":false},"featured_media":1889,"comment_status":"open","ping_status":"closed","template":"","meta":{"_acf_changed":false},"product_brand":[],"product_cat":[92,94,97],"product_tag":[],"class_list":{"0":"post-2160","1":"product","2":"type-product","3":"status-publish","4":"has-post-thumbnail","6":"product_cat-cao","7":"product_cat-comida-humida","8":"product_cat-grain-free-pt-pt","10":"first","11":"instock","12":"shipping-taxable","13":"product-type-simple"},"acf":[],"_links":{"self":[{"href":"https:\/\/www.criadores.es\/pt-pt\/wp-json\/wp\/v2\/product\/2160","targetHints":{"allow":["GET"]}}],"collection":[{"href":"https:\/\/www.criadores.es\/pt-pt\/wp-json\/wp\/v2\/product"}],"about":[{"href":"https:\/\/www.criadores.es\/pt-pt\/wp-json\/wp\/v2\/types\/product"}],"replies":[{"embeddable":true,"href":"https:\/\/www.criadores.es\/pt-pt\/wp-json\/wp\/v2\/comments?post=2160"}],"wp:featuredmedia":[{"embeddable":true,"href":"https:\/\/www.criadores.es\/pt-pt\/wp-json\/wp\/v2\/media\/1889"}],"wp:attachment":[{"href":"https:\/\/www.criadores.es\/pt-pt\/wp-json\/wp\/v2\/media?parent=2160"}],"wp:term":[{"taxonomy":"product_brand","embeddable":true,"href":"https:\/\/www.criadores.es\/pt-pt\/wp-json\/wp\/v2\/product_brand?post=2160"},{"taxonomy":"product_cat","embeddable":true,"href":"https:\/\/www.criadores.es\/pt-pt\/wp-json\/wp\/v2\/product_cat?post=2160"},{"taxonomy":"product_tag","embeddable":true,"href":"https:\/\/www.criadores.es\/pt-pt\/wp-json\/wp\/v2\/product_tag?post=2160"}],"curies":[{"name":"wp","href":"https:\/\/api.w.org\/{rel}","templated":true}]}}