{"id":2161,"date":"2025-02-14T10:33:14","date_gmt":"2025-02-14T09:33:14","guid":{"rendered":"https:\/\/www.criadores.es\/producto\/criadores-mini-rolinhos-recheados-para-caes\/"},"modified":"2025-06-11T13:55:01","modified_gmt":"2025-06-11T11:55:01","slug":"criadores-mini-rolinhos-recheados-para-caes","status":"publish","type":"product","link":"https:\/\/www.criadores.es\/pt-pt\/producto\/criadores-mini-rolinhos-recheados-para-caes\/","title":{"rendered":"Criadores Mini Rolinhos Recheados para c\u00e3es"},"content":{"rendered":"<h2>Snacks para c\u00e3es nutritivos e deliciosos com recheio<\/h2>\n<p>Os <strong>biscoitos para c\u00e3es Criadores Mini Rolinhos<\/strong> s\u00e3o elaborados com ingredientes selecionados de grande qualidade que <strong>fornecer\u00e3o ao seu animal de estima\u00e7\u00e3o nutrientes e antioxidantes<\/strong> ao mesmo tempo em que desfrutar\u00e1 com o seu delicioso sabor. Estes snacks saud\u00e1veis ajudar\u00e3o no adestramento do animal se forem usado como pr\u00e9mio cada vez que ele obedecer as suas indica\u00e7\u00f5es.<\/p>\n<p>Os deliciosos snacks de Criadores Mini Rolinhos est\u00e3o <strong>indicados para c\u00e3es de qualquer ra\u00e7a<\/strong>, j\u00e1 que est\u00e3o formulados com ingredientes naturais e nutritivos que complementam a sua dieta di\u00e1ria. \u00c9 um suplemento alimentar que deve ser combinado com uma dieta equilibrada e saud\u00e1vel e que <strong>favorecer\u00e1 o desenvolvimento do seu animal de estima\u00e7\u00e3o.<\/strong><\/p>\n<p>Estes biscoitos est\u00e3o compostos com antioxidantes naturais. Criadores conta com uma ampla <strong>gama de alimentos para c\u00e3es super premium:<\/strong> ra\u00e7\u00e3o seca e h\u00famida, snacks e biscoitos de diferentes sabores e f\u00f3rmulas para que encontre o que melhor se adapte \u00e0s necessidades do seu animal de estima\u00e7\u00e3o. Todos os <strong>seus produtos est\u00e3o elaborados com ingredientes de primeira qualidade <\/strong>para o bem-estar do seu c\u00e3o e para a sua tranquilidade.<\/p>\n<p><strong><em>Presenteie o seu animal de estima\u00e7\u00e3o com um delicioso snack cheio de nutrientes com os biscoitos para c\u00e3es Criadores Mini Rolinhos!<\/em><\/strong><\/p>\n<p><em>A partir da data em que os receba \u00e9 garantido um prazo de 3 meses antes do vencimento da data de validade, ou de 1 m\u00eas no caso dos produtos l\u00b4cteos e a ra\u00e7\u00e3o ecol\u00f3gica.<\/em><\/p>\n","protected":false},"excerpt":{"rendered":"<p>Biscoitos em forma de mini rolos para c\u00e3es de qualquer idade, elaborados com ingredientes naturais, s\u00e3o f\u00e1ceis de digerir, adequados para oferecer como lanche ou recompensa durante o treinamento.<\/p>\n","protected":false},"featured_media":2019,"comment_status":"open","ping_status":"closed","template":"","meta":{"_acf_changed":false},"product_brand":[],"product_cat":[92,98,101],"product_tag":[],"class_list":{"0":"post-2161","1":"product","2":"type-product","3":"status-publish","4":"has-post-thumbnail","6":"product_cat-cao","7":"product_cat-original-pt-pt","8":"product_cat-snacks-pt-pt","10":"first","11":"instock","12":"shipping-taxable","13":"product-type-simple"},"acf":[],"_links":{"self":[{"href":"https:\/\/www.criadores.es\/pt-pt\/wp-json\/wp\/v2\/product\/2161","targetHints":{"allow":["GET"]}}],"collection":[{"href":"https:\/\/www.criadores.es\/pt-pt\/wp-json\/wp\/v2\/product"}],"about":[{"href":"https:\/\/www.criadores.es\/pt-pt\/wp-json\/wp\/v2\/types\/product"}],"replies":[{"embeddable":true,"href":"https:\/\/www.criadores.es\/pt-pt\/wp-json\/wp\/v2\/comments?post=2161"}],"wp:featuredmedia":[{"embeddable":true,"href":"https:\/\/www.criadores.es\/pt-pt\/wp-json\/wp\/v2\/media\/2019"}],"wp:attachment":[{"href":"https:\/\/www.criadores.es\/pt-pt\/wp-json\/wp\/v2\/media?parent=2161"}],"wp:term":[{"taxonomy":"product_brand","embeddable":true,"href":"https:\/\/www.criadores.es\/pt-pt\/wp-json\/wp\/v2\/product_brand?post=2161"},{"taxonomy":"product_cat","embeddable":true,"href":"https:\/\/www.criadores.es\/pt-pt\/wp-json\/wp\/v2\/product_cat?post=2161"},{"taxonomy":"product_tag","embeddable":true,"href":"https:\/\/www.criadores.es\/pt-pt\/wp-json\/wp\/v2\/product_tag?post=2161"}],"curies":[{"name":"wp","href":"https:\/\/api.w.org\/{rel}","templated":true}]}}