{"id":2162,"date":"2025-02-14T09:04:17","date_gmt":"2025-02-14T08:04:17","guid":{"rendered":"https:\/\/www.criadores.es\/producto\/criadores-grain-free-frango-e-vitela-lata-para-cachorros\/"},"modified":"2025-06-11T18:03:20","modified_gmt":"2025-06-11T16:03:20","slug":"criadores-grain-free-frango-e-vitela-lata-para-cachorros","status":"publish","type":"product","link":"https:\/\/www.criadores.es\/pt-pt\/producto\/criadores-grain-free-frango-e-vitela-lata-para-cachorros\/","title":{"rendered":"Criadores Grain Free Frango e Vitela lata para cachorros"},"content":{"rendered":"<h2>Criadores Grain Free para cachorros com bom apetite<\/h2>\n<p>A nova comida h\u00famida da Criadores \u00e9 <strong>muito completa e equilibrada<\/strong>, cuidadosamente <strong>feita e com uma elevada percentagem de carne<\/strong>, mas <strong>excluindo os cereais<\/strong> (Grain Free). Ajuda a cuidar da sa\u00fade do seu c\u00e3o com uma receita que satisfaz as necessidades nutricionais do seu querido animal de estima\u00e7\u00e3o.<\/p>\n<p>Tem ingredientes seleccionados que s\u00e3o f\u00e1ceis de digerir, tais como batata (4%), \u00f3leo de salm\u00e3o, <strong>frango rico (34%) e carne de vaca<\/strong>, o que torna este alimento irresist\u00edvel gra\u00e7as ao seu cheiro e sabor. Como \u00e9 livre de cereais, <strong>proporciona uma boa digest\u00e3o<\/strong> e evita intoler\u00e2ncias ou alergias.<\/p>\n<p><em><strong>O alimento h\u00famido da Criadores para cachorros \u00e9 ideal para o seu animal crescer saud\u00e1vel e vital. Encomende-o agora com a confian\u00e7a que Tiendanimal.pt lhe garante!<\/strong><\/em><\/p>\n","protected":false},"excerpt":{"rendered":"<p>A nova comida h\u00famida da Criadores \u00e9 muito completa e equilibrada , cuidadosamente feita e com uma elevada percentagem de carne , mas excluindo os cereais (Grain Free). Ajuda a cuidar d&#8230;<\/p>\n<p><img title=\"\" alt=\"\" \/><\/p>\n<p>&#8220;<\/p>\n","protected":false},"featured_media":2001,"comment_status":"open","ping_status":"closed","template":"","meta":{"_acf_changed":false},"product_brand":[],"product_cat":[92,94,97],"product_tag":[],"class_list":{"0":"post-2162","1":"product","2":"type-product","3":"status-publish","4":"has-post-thumbnail","6":"product_cat-cao","7":"product_cat-comida-humida","8":"product_cat-grain-free-pt-pt","10":"first","11":"instock","12":"shipping-taxable","13":"product-type-simple"},"acf":[],"_links":{"self":[{"href":"https:\/\/www.criadores.es\/pt-pt\/wp-json\/wp\/v2\/product\/2162","targetHints":{"allow":["GET"]}}],"collection":[{"href":"https:\/\/www.criadores.es\/pt-pt\/wp-json\/wp\/v2\/product"}],"about":[{"href":"https:\/\/www.criadores.es\/pt-pt\/wp-json\/wp\/v2\/types\/product"}],"replies":[{"embeddable":true,"href":"https:\/\/www.criadores.es\/pt-pt\/wp-json\/wp\/v2\/comments?post=2162"}],"wp:featuredmedia":[{"embeddable":true,"href":"https:\/\/www.criadores.es\/pt-pt\/wp-json\/wp\/v2\/media\/2001"}],"wp:attachment":[{"href":"https:\/\/www.criadores.es\/pt-pt\/wp-json\/wp\/v2\/media?parent=2162"}],"wp:term":[{"taxonomy":"product_brand","embeddable":true,"href":"https:\/\/www.criadores.es\/pt-pt\/wp-json\/wp\/v2\/product_brand?post=2162"},{"taxonomy":"product_cat","embeddable":true,"href":"https:\/\/www.criadores.es\/pt-pt\/wp-json\/wp\/v2\/product_cat?post=2162"},{"taxonomy":"product_tag","embeddable":true,"href":"https:\/\/www.criadores.es\/pt-pt\/wp-json\/wp\/v2\/product_tag?post=2162"}],"curies":[{"name":"wp","href":"https:\/\/api.w.org\/{rel}","templated":true}]}}