{"id":2164,"date":"2025-02-07T12:54:58","date_gmt":"2025-02-07T11:54:58","guid":{"rendered":"https:\/\/www.criadores.es\/producto\/criadores-oleo-de-salmao-para-caes-e-gatos\/"},"modified":"2025-06-12T09:30:09","modified_gmt":"2025-06-12T07:30:09","slug":"criadores-oleo-de-salmao-para-caes-e-gatos","status":"publish","type":"product","link":"https:\/\/www.criadores.es\/pt-pt\/producto\/criadores-oleo-de-salmao-para-caes-e-gatos\/","title":{"rendered":"Criadores \u00f3leo de salm\u00e3o para c\u00e3es e gatos"},"content":{"rendered":"<h2>\u00d3leo de salm\u00e3o para c\u00e3es e gatos<\/h2>\n<p>O <strong>\u00f3leo de salm\u00e3o da Noruega da marca Criadores<\/strong> \u00e9 um suplemento nutricional de excel\u00eancia, <strong>abundante em \u00e1cidos gordos \u00f3mega 3<\/strong>, que confere ao seu animal in\u00fameros benef\u00edcios para a sa\u00fade.<\/p>\n<p>Este complemento enriquece a dieta do seu c\u00e3o ou gato, proporcionando-lhe uma melhor qualidade de vida. O seu teor em \u00f3mega 3, especialmente <strong>DHA e EPA, beneficia a sa\u00fade articular do seu animal<\/strong>, melhora o estado da sua pele e pelagem e <strong>fortalece os sistemas imunit\u00e1rio e nervoso.<\/strong><\/p>\n<p>Este produto \u00e9 ben\u00e9fico numa vasta gama de contextos e \u00e9 <strong>indicado tanto para c\u00e3es como para gatos<\/strong>, sendo particularmente \u00fatil em animais com car\u00eancias nutricionais.<\/p>\n<p>O \u00f3leo de salm\u00e3o da Noruega da Criadores, rico em \u00f3mega 3, \u00e9 um suplemento de elevada qualidade e rico em \u00e1cidos gordos. Ele <strong>melhora significativamente a sa\u00fade da pele e pelagem do seu animal<\/strong>, prevenindo problemas como fissuras nas almofadas plantares. Adicionalmente, protege e <strong>fortalece as articula\u00e7\u00f5es<\/strong>, o sistema imunit\u00e1rio e o sistema nervoso, contribui para o controlo do colesterol e <strong>diminui o risco de problemas cardiovasculares.<\/strong><\/p>\n<p>N\u00e3o s\u00f3 \u00e9 um excelente complemento para todos os c\u00e3es e gatos, como \u00e9 particularmente <strong>ben\u00e9fico para animais mais idosos<\/strong> devido ao seu aux\u00edlio nos processos degenerativos inerentes ao envelhecimento. Pelas suas propriedades nutricionais, \u00e9 tamb\u00e9m recomendado para f\u00eameas gr\u00e1vidas ou em per\u00edodo de amamenta\u00e7\u00e3o.<\/p>\n<p><strong>\u00d3leo de salm\u00e3o da Noruega da marca Criadores<\/strong> \u00e9 enriquecido com \u00f3mega 3 e proporciona uma s\u00e9rie de benef\u00edcios extraordin\u00e1rios para o seu animal de estima\u00e7\u00e3o. Tem uma <strong>a\u00e7\u00e3o anti-inflamat\u00f3ria pronunciada<\/strong> e serve como fonte de energia vital. Ajuda a equilibrar a press\u00e3o arterial e a minimizar problemas articulares. Para al\u00e9m disto, este \u00f3leo contribui na regula\u00e7\u00e3o da adrenalina, auxiliando no controlo do stress do seu pet.<\/p>\n<p>O produto \u00e9 disponibilizado numa conveniente embalagem de 250 ml, que vem com uma tampa dosificadora equipada com um sistema antigotejos. Est\u00e1 <strong>elaborado com ingredientes de alta qualidade<\/strong>, os quais desempenham um papel fundamental na potencia\u00e7\u00e3o das fun\u00e7\u00f5es cerebrais do seu animal, promovendo um aprendizado mais eficiente.<\/p>\n<p align=\"\"><strong><em>O \u00f3leo de salm\u00e3o da Noruega Criadores, rico em \u00f3mega 3 para c\u00e3es e gatos, \u00e9 a solu\u00e7\u00e3o ideal para garantir uma alimenta\u00e7\u00e3o e sa\u00fade adequadas do seu animal de estima\u00e7\u00e3o.<\/em><\/strong><\/p>\n<p><em>Desde a data de rece\u00e7\u00e3o, garante-se um prazo de 3 meses at\u00e9 ao fim da validade ou de 1 m\u00eas no caso dos produtos l\u00e1cteos e da ra\u00e7\u00e3o org\u00e2nica.<\/em><\/p>\n","protected":false},"excerpt":{"rendered":"<p>&#8220;O \u00f3leo de salm\u00e3o para c\u00e3es e gatos da Criadores, \u00e9 um suplemento alimentar com uma f\u00f3rmula rica em \u00f3mega 3 para melhorar a sa\u00fade cut\u00e2nea e articular de seu animal de estima\u00e7\u00e3o.<\/p>\n<p><a data-gtm-creative-slot=\"\" data-gtm-creative-name=\"\" data-gtm-promotion-id=\"\" data-gtm-promotion-name=\"\"><img title=\"\" alt=\"\" \/><\/a><\/p>\n<p>&#8220;<\/p>\n","protected":false},"featured_media":1528,"comment_status":"open","ping_status":"closed","template":"","meta":{"_acf_changed":false},"product_brand":[],"product_cat":[92,109,96,111,98,106],"product_tag":[],"class_list":{"0":"post-2164","1":"product","2":"type-product","3":"status-publish","4":"has-post-thumbnail","6":"product_cat-cao","7":"product_cat-complementos-pt-pt-pt","8":"product_cat-complementos-pt","9":"product_cat-gatos","10":"product_cat-original-pt-pt","11":"product_cat-original-gato-pt-pt","13":"first","14":"instock","15":"shipping-taxable","16":"product-type-simple"},"acf":[],"_links":{"self":[{"href":"https:\/\/www.criadores.es\/pt-pt\/wp-json\/wp\/v2\/product\/2164","targetHints":{"allow":["GET"]}}],"collection":[{"href":"https:\/\/www.criadores.es\/pt-pt\/wp-json\/wp\/v2\/product"}],"about":[{"href":"https:\/\/www.criadores.es\/pt-pt\/wp-json\/wp\/v2\/types\/product"}],"replies":[{"embeddable":true,"href":"https:\/\/www.criadores.es\/pt-pt\/wp-json\/wp\/v2\/comments?post=2164"}],"wp:featuredmedia":[{"embeddable":true,"href":"https:\/\/www.criadores.es\/pt-pt\/wp-json\/wp\/v2\/media\/1528"}],"wp:attachment":[{"href":"https:\/\/www.criadores.es\/pt-pt\/wp-json\/wp\/v2\/media?parent=2164"}],"wp:term":[{"taxonomy":"product_brand","embeddable":true,"href":"https:\/\/www.criadores.es\/pt-pt\/wp-json\/wp\/v2\/product_brand?post=2164"},{"taxonomy":"product_cat","embeddable":true,"href":"https:\/\/www.criadores.es\/pt-pt\/wp-json\/wp\/v2\/product_cat?post=2164"},{"taxonomy":"product_tag","embeddable":true,"href":"https:\/\/www.criadores.es\/pt-pt\/wp-json\/wp\/v2\/product_tag?post=2164"}],"curies":[{"name":"wp","href":"https:\/\/api.w.org\/{rel}","templated":true}]}}