{"id":2165,"date":"2025-02-10T17:02:40","date_gmt":"2025-02-10T16:02:40","guid":{"rendered":"https:\/\/www.criadores.es\/producto\/criadores-dietetic-digestive-comida-humida-gatos\/"},"modified":"2025-06-12T15:12:33","modified_gmt":"2025-06-12T13:12:33","slug":"criadores-dietetic-digestive-comida-humida-gatos","status":"publish","type":"product","link":"https:\/\/www.criadores.es\/pt-pt\/producto\/criadores-dietetic-digestive-comida-humida-gatos\/","title":{"rendered":"Criadores Dietetic Digestive comida h\u00famida gatos"},"content":{"rendered":"<h2>Comida h\u00famida hipoalerg\u00e9nica para gatos Criadores sa\u00fade digestiva<\/h2>\n<p>O alimento h\u00famido Criadores Digestive para gatos est\u00e1 especialmente desenhado para <strong>reduzir a intoler\u00e2ncia a ingredientes<\/strong> e nutrientes. A sua <strong>f\u00f3rmula monoproteica<\/strong>, elaborada unicamente com carne de peru, reduz a apari\u00e7\u00e3o dos problemas digestivos favorecendo uma boa digest\u00e3o.<\/p>\n<p>Criadores Digestive \u00e9 um alimento diet\u00e9tico completo e equilibrado para gatos adultos. \u00c9 uma <strong>comida h\u00famida hipoalerg\u00e9nica <\/strong>formulada por veterin\u00e1rios especialistas na alimenta\u00e7\u00e3o dos felinos. As suas fontes de prote\u00ednas e hidratos de carbono s\u00e3o selecionadas para reduzir as intoler\u00e2ncias e as alergias ao alimento. Cont\u00e9m <strong>70% de peru<\/strong> na sua pr\u00f3pria \u00e1gua de coc\u00e7\u00e3o, fibras vegetais para favorecer a digest\u00e3o e \u00f3leo de linha\u00e7a, rico em <strong>\u00e1cidos gordos \u00f3mega 3 e \u00f3mega 6<\/strong> para manter em bom estado o pelo e pele.<\/p>\n<p>Para que o seu felino tenha uma dieta muito mais variada e equilibrada, pode optar por combinar a comida h\u00famida com a ra\u00e7\u00e3o seca. Criadores conta com uma <strong>ra\u00e7\u00e3o diet\u00e9tica digestiva<\/strong> para complementar este alimento. Desta forma vai obter o melhor dos dois: a hidrata\u00e7\u00e3o e o <strong>irresist\u00edvel sabor e textura<\/strong> da comida h\u00famida e a dureza da ra\u00e7\u00e3o para a sa\u00fade dental.<\/p>\n<p><strong><em>Cuide da sa\u00fade digestiva do seu felino com o delicioso alimento h\u00famido de peru Criadores Digestive.<\/em><\/strong><\/p>\n<p><em>A partir da data em que os receba \u00e9 garantido um prazo de 3 meses antes do vencimento da data de validade, ou de 1 m\u00eas no caso dos produtos l\u00b4cteos e a ra\u00e7\u00e3o ecol\u00f3gica.<\/em><\/p>\n","protected":false},"excerpt":{"rendered":"<p>O alimento h\u00famido Criadores Digestive para gatos est\u00e1 especialmente desenhado para reduzir a intoler\u00e2ncia a ingredientes e nutrientes. A sua f\u00f3rmula monoproteica , elaborada&#8230;<\/p>\n","protected":false},"featured_media":1615,"comment_status":"open","ping_status":"closed","template":"","meta":{"_acf_changed":false},"product_brand":[],"product_cat":[110,108,111],"product_tag":[],"class_list":{"0":"post-2165","1":"product","2":"type-product","3":"status-publish","4":"has-post-thumbnail","6":"product_cat-comida-humida-pt","7":"product_cat-dietas-veterinarias-gato-pt-pt","8":"product_cat-gatos","10":"first","11":"instock","12":"shipping-taxable","13":"product-type-simple"},"acf":[],"_links":{"self":[{"href":"https:\/\/www.criadores.es\/pt-pt\/wp-json\/wp\/v2\/product\/2165","targetHints":{"allow":["GET"]}}],"collection":[{"href":"https:\/\/www.criadores.es\/pt-pt\/wp-json\/wp\/v2\/product"}],"about":[{"href":"https:\/\/www.criadores.es\/pt-pt\/wp-json\/wp\/v2\/types\/product"}],"replies":[{"embeddable":true,"href":"https:\/\/www.criadores.es\/pt-pt\/wp-json\/wp\/v2\/comments?post=2165"}],"wp:featuredmedia":[{"embeddable":true,"href":"https:\/\/www.criadores.es\/pt-pt\/wp-json\/wp\/v2\/media\/1615"}],"wp:attachment":[{"href":"https:\/\/www.criadores.es\/pt-pt\/wp-json\/wp\/v2\/media?parent=2165"}],"wp:term":[{"taxonomy":"product_brand","embeddable":true,"href":"https:\/\/www.criadores.es\/pt-pt\/wp-json\/wp\/v2\/product_brand?post=2165"},{"taxonomy":"product_cat","embeddable":true,"href":"https:\/\/www.criadores.es\/pt-pt\/wp-json\/wp\/v2\/product_cat?post=2165"},{"taxonomy":"product_tag","embeddable":true,"href":"https:\/\/www.criadores.es\/pt-pt\/wp-json\/wp\/v2\/product_tag?post=2165"}],"curies":[{"name":"wp","href":"https:\/\/api.w.org\/{rel}","templated":true}]}}