{"id":2166,"date":"2025-02-10T15:28:03","date_gmt":"2025-02-10T14:28:03","guid":{"rendered":"https:\/\/www.criadores.es\/producto\/criadores-frango-e-vitela-em-lata-para-cachorros\/"},"modified":"2025-02-10T15:28:03","modified_gmt":"2025-02-10T14:28:03","slug":"criadores-frango-e-vitela-em-lata-para-cachorros","status":"publish","type":"product","link":"https:\/\/www.criadores.es\/pt-pt\/producto\/criadores-frango-e-vitela-em-lata-para-cachorros\/","title":{"rendered":"Criadores Frango e Vitela em lata para cachorros"},"content":{"rendered":"<h2>Comida h\u00famida com sabor a frango e vitela para cachorros<\/h2>\n<p>A Criadores oferecem-lhe uma comida h\u00famida com sabor a frango e carne de vaca, e incorpora arroz como o cereal prim\u00e1rio. Este alimento da marca Criadores conserva todo o sabor da carne, pelo que ser\u00e1 irresist\u00edvel, para incluir na dieta do seu cachorro. <strong>O seu sabor \u00e9 delicioso<\/strong>, por isso o seu animal de estima\u00e7\u00e3o vai ador\u00e1-lo.<\/p>\n<p>\u00c9 um produto fabricado na Espanha e os seus ingredientes s\u00e3o fabricados a partir de mat\u00e9rias-primas de alta qualidade. Gra\u00e7as \u00e0s suas propriedades e ao facto de incluir<strong> condroprotectores<\/strong>, o seu animal de estima\u00e7\u00e3o ir\u00e1 desfrutar dum crescimento \u00f3timo. \u00c9 uma receita muito completa, composta por <strong>65% de carne<\/strong>.<\/p>\n<p>Tamb\u00e9m inclui <strong>\u00f3leo de salm\u00e3o<\/strong>, um alimento rico em \u00e1cidos gordos que ajuda a palatabilidade do alimento.<\/p>\n<p>Esta f\u00f3rmula da Criadores <strong>\u00e9 muito equilibrada e cont\u00e9m as prote\u00ednas, vitaminas e minerais<\/strong> que o seu c\u00e3o necessita \u00e0 medida que cresce. Al\u00e9m disso, <strong>adiciona somente ingredientes facilmente diger\u00edveis<\/strong>, gra\u00e7as aos <strong>probi\u00f3ticos e prebi\u00f3ticos<\/strong> presentes na grande variedade de frutas e vegetais.<\/p>\n<p>\u00c9 um alimento que tamb\u00e9m se caracteriza pelo facto de ser fabricado e embalado diretamente, evitando assim problemas que podem surgir com o armazenamento, tais como a contamina\u00e7\u00e3o.<\/p>\n<p>Outro dos benef\u00edcios deste alimento \u00e9 que <strong>ir\u00e1 favorecer o cuidado do pelo e da pele<\/strong> do seu cachorro, gra\u00e7as \u00e0 inclus\u00e3o de \u00e1cidos gordos essenciais, que s\u00e3o fundamentais para este fim. Tamb\u00e9m <strong>cuidar\u00e1 da sua sa\u00fade digestiva<\/strong>, <strong>reduzindo a quantidade de fezes e tornando-as mais compactas<\/strong>.<\/p>\n<p>A marca Criadores n\u00e3o utiliza subprodutos animais ou vegetais ou transg\u00e9nicos na sua receita. N\u00e3o utiliza conservantes BHA ou BHT, considerados cancer\u00edgenos para os seres humanos, s\u00f3 antioxidantes naturais.<\/p>\n<p><em><strong>Permita que o seu pequeno amigo tenha um crescimento \u00f3timo com esta comida h\u00famida da Criadores!<\/strong><\/em><\/p>\n","protected":false},"excerpt":{"rendered":"<p>A Criadores oferecem-lhe um alimento h\u00famido com sabor a frango e carne de vaca, e incorpora arroz como o cereal prim\u00e1rio. Este alimento da marca Criadores conserva todo o sabor da carne, &#8230;<\/p>\n","protected":false},"featured_media":1598,"comment_status":"open","ping_status":"closed","template":"","meta":{"_acf_changed":false},"product_brand":[],"product_cat":[92,94,98],"product_tag":[],"class_list":{"0":"post-2166","1":"product","2":"type-product","3":"status-publish","4":"has-post-thumbnail","6":"product_cat-cao","7":"product_cat-comida-humida","8":"product_cat-original-pt-pt","10":"first","11":"instock","12":"shipping-taxable","13":"product-type-simple"},"acf":[],"_links":{"self":[{"href":"https:\/\/www.criadores.es\/pt-pt\/wp-json\/wp\/v2\/product\/2166","targetHints":{"allow":["GET"]}}],"collection":[{"href":"https:\/\/www.criadores.es\/pt-pt\/wp-json\/wp\/v2\/product"}],"about":[{"href":"https:\/\/www.criadores.es\/pt-pt\/wp-json\/wp\/v2\/types\/product"}],"replies":[{"embeddable":true,"href":"https:\/\/www.criadores.es\/pt-pt\/wp-json\/wp\/v2\/comments?post=2166"}],"wp:featuredmedia":[{"embeddable":true,"href":"https:\/\/www.criadores.es\/pt-pt\/wp-json\/wp\/v2\/media\/1598"}],"wp:attachment":[{"href":"https:\/\/www.criadores.es\/pt-pt\/wp-json\/wp\/v2\/media?parent=2166"}],"wp:term":[{"taxonomy":"product_brand","embeddable":true,"href":"https:\/\/www.criadores.es\/pt-pt\/wp-json\/wp\/v2\/product_brand?post=2166"},{"taxonomy":"product_cat","embeddable":true,"href":"https:\/\/www.criadores.es\/pt-pt\/wp-json\/wp\/v2\/product_cat?post=2166"},{"taxonomy":"product_tag","embeddable":true,"href":"https:\/\/www.criadores.es\/pt-pt\/wp-json\/wp\/v2\/product_tag?post=2166"}],"curies":[{"name":"wp","href":"https:\/\/api.w.org\/{rel}","templated":true}]}}