{"id":2167,"date":"2025-02-14T09:33:05","date_gmt":"2025-02-14T08:33:05","guid":{"rendered":"https:\/\/www.criadores.es\/producto\/criadores-adulto-hypoallergenic-lata-para-gatos\/"},"modified":"2025-06-11T13:55:19","modified_gmt":"2025-06-11T11:55:19","slug":"criadores-adulto-hypoallergenic-lata-para-gatos","status":"publish","type":"product","link":"https:\/\/www.criadores.es\/pt-pt\/producto\/criadores-adulto-hypoallergenic-lata-para-gatos\/","title":{"rendered":"Criadores Adulto Hypoallergenic lata para gatos"},"content":{"rendered":"<h2>Alimento h\u00famido hipoalerg\u00e9nico para gatos<\/h2>\n<p>O alimento h\u00famido Criadores Hypoallergenic para gatos \u00e9 uma receita de prote\u00edna \u00fanica com carne de canguru que <strong>diminui as intoler\u00e2ncias e alergias alimentares.<\/strong> Ao utilizar uma \u00fanica fonte de prote\u00edna animal, \u00e9 melhor aceite pelo animal, reduzindo a probabilidade de alergias e problemas digestivos relacionados.<\/p>\n<p>O alimento h\u00famido Criadores Hypoallergenic cont\u00e9m <strong>70% de carne de canguru.<\/strong> Trata-se de um alimento hipoalerg\u00e9nico, concebido por veterin\u00e1rios, para proporcionar o melhor ao seu animal de estima\u00e7\u00e3o. A f\u00f3rmula \u00e9 enriquecida com <strong>\u00f3leo de linha\u00e7a<\/strong>, abundante em <strong>\u00e1cidos gordos \u00f3mega 3 e \u00f3mega 6<\/strong>, beneficiando assim a pele, o pelo, o cora\u00e7\u00e3o, o c\u00e9rebro e o sistema imunit\u00e1rio do gato.<\/p>\n<p>A carne de canguru, al\u00e9m de reduzir o risco de alergias, \u00e9 saborosa e favorece uma digest\u00e3o saud\u00e1vel. \u00c9 tamb\u00e9m <strong>baixa em gorduras e rica em prote\u00ednas de elevada qualidade.<\/strong> Representa uma excelente op\u00e7\u00e3o para gatinhos, gatos adultos e gatos mais sens\u00edveis. O seu gato vai deliciar-se com este novo sabor.<\/p>\n<p>O alimento h\u00famido Criadores Hypoallergenic para gatos \u00e9 um pat\u00ea hipoalerg\u00e9nico com um sabor irresist\u00edvel a carne, fornecendo todos os nutrientes essenciais para que o seu gato tenha uma vida saud\u00e1vel e feliz.<\/p>\n<p><em>Desde a data de rece\u00e7\u00e3o do seu produto, este est\u00e1 garantido por 3 meses at\u00e9 \u00e0 data de validade, ou 1 m\u00eas no caso de produtos l\u00e1cteos e ra\u00e7\u00e3o org\u00e2nica.<\/em><\/p>\n","protected":false},"excerpt":{"rendered":"<p>O alimento h\u00famido Criadores Hypoallergenic para gatos \u00e9 uma receita monoproteica elaborada com carne de canguru que reduz as intoler\u00e2ncias e alergias \u00e0 alimenta\u00e7\u00e3o. Ao utilizar ..<\/p>\n<p><a class=\"js-gtm-banner-item\" href=\"https:\/\/www.tiendanimal.pt\/promocoes\/mime-o-seu-animal\/\" data-gtm-creative-slot=\"1\" data-gtm-creative-name=\"ta-banner-product\" data-gtm-promotion-id=\"banner_alimentacion_seca_humeda_pt\" data-gtm-promotion-name=\"banner_alimentacion_seca_humeda_pt\"><img decoding=\"async\" style=\"object-fit: cover; width: 100%;\" title=\"\" src=\"images\/Banners\/banner_alimentacion_seca_humeda_pt.jpg?$staticlink$\" alt=\"\" \/><\/a><\/p>\n","protected":false},"featured_media":2014,"comment_status":"open","ping_status":"closed","template":"","meta":{"_acf_changed":false},"product_brand":[],"product_cat":[110,108,111],"product_tag":[],"class_list":{"0":"post-2167","1":"product","2":"type-product","3":"status-publish","4":"has-post-thumbnail","6":"product_cat-comida-humida-pt","7":"product_cat-dietas-veterinarias-gato-pt-pt","8":"product_cat-gatos","10":"first","11":"instock","12":"shipping-taxable","13":"product-type-simple"},"acf":[],"_links":{"self":[{"href":"https:\/\/www.criadores.es\/pt-pt\/wp-json\/wp\/v2\/product\/2167","targetHints":{"allow":["GET"]}}],"collection":[{"href":"https:\/\/www.criadores.es\/pt-pt\/wp-json\/wp\/v2\/product"}],"about":[{"href":"https:\/\/www.criadores.es\/pt-pt\/wp-json\/wp\/v2\/types\/product"}],"replies":[{"embeddable":true,"href":"https:\/\/www.criadores.es\/pt-pt\/wp-json\/wp\/v2\/comments?post=2167"}],"wp:featuredmedia":[{"embeddable":true,"href":"https:\/\/www.criadores.es\/pt-pt\/wp-json\/wp\/v2\/media\/2014"}],"wp:attachment":[{"href":"https:\/\/www.criadores.es\/pt-pt\/wp-json\/wp\/v2\/media?parent=2167"}],"wp:term":[{"taxonomy":"product_brand","embeddable":true,"href":"https:\/\/www.criadores.es\/pt-pt\/wp-json\/wp\/v2\/product_brand?post=2167"},{"taxonomy":"product_cat","embeddable":true,"href":"https:\/\/www.criadores.es\/pt-pt\/wp-json\/wp\/v2\/product_cat?post=2167"},{"taxonomy":"product_tag","embeddable":true,"href":"https:\/\/www.criadores.es\/pt-pt\/wp-json\/wp\/v2\/product_tag?post=2167"}],"curies":[{"name":"wp","href":"https:\/\/api.w.org\/{rel}","templated":true}]}}