{"id":2168,"date":"2025-02-13T09:56:40","date_gmt":"2025-02-13T08:56:40","guid":{"rendered":"https:\/\/www.criadores.es\/producto\/criadores-frango-arroz-comida-humida-para-cachorros\/"},"modified":"2025-06-11T15:56:44","modified_gmt":"2025-06-11T13:56:44","slug":"criadores-frango-arroz-comida-humida-para-cachorros","status":"publish","type":"product","link":"https:\/\/www.criadores.es\/pt-pt\/producto\/criadores-frango-arroz-comida-humida-para-cachorros\/","title":{"rendered":"Criadores Frango-arroz comida h\u00famida para cachorros"},"content":{"rendered":"<h2>Alimento h\u00famido com frango para c\u00e3es jovens<\/h2>\n<p>O alimento h\u00famido da Criadores com frango e arroz \u00e9 <strong>completo e especialmente concebido para a dieta di\u00e1ria <\/strong>dos cachorros. Gra\u00e7as \u00e0s <strong>propriedades desta f\u00f3rmula equilibrada<\/strong>, que inclui todas as prote\u00ednas, vitaminas e minerais essenciais, o seu animal de estima\u00e7\u00e3o ir\u00e1 desfrutar dum crescimento \u00f3timo durante os primeiros anos da sua vida.<\/p>\n<p>Este <strong>excelente alimento caracteriza-se pelo seu conte\u00fado em 60% de carne<\/strong>, o que se reflete na sua qualidade e sabor delicioso. Al\u00e9m disso, o arroz \u00e9 o cereal prim\u00e1rio nesta receita. As ra\u00e7\u00f5es criadoras s\u00e3o feitas com mat\u00e9rias-primas espanholas, n\u00e3o incluem quaisquer subprodutos animais, vegetais ou transg\u00e9nicos, pelo que lhe oferece a melhor confian\u00e7a na alimenta\u00e7\u00e3o e sa\u00fade do seu animal de estima\u00e7\u00e3o.<\/p>\n<p><em><strong>Esta \u00e9 uma excelente escolha para o seu animal de estima\u00e7\u00e3o em crescimento, d\u00ea ao seu c\u00e3o este alimento h\u00famido da Criadores de frango com arroz!<\/strong><\/em><\/p>\n<p><em>A partir da data de rece\u00e7\u00e3o do seu produto, \u00e9 garantido por 3 meses antes da data de validade, ou 1 m\u00eas no caso de produtos l\u00e1cteos e a ra\u00e7\u00e3o ecol\u00f3gica.<\/em><\/p>\n","protected":false},"excerpt":{"rendered":"<p>O frango com arroz \u00e9 um alimento completo concebido especialmente para a dieta di\u00e1ria dos cachorros. Gra\u00e7as \u00e0s propriedades dos bons ingredientes ele ir\u00e1 crescer forte.<\/p>\n","protected":false},"featured_media":1824,"comment_status":"open","ping_status":"closed","template":"","meta":{"_acf_changed":false},"product_brand":[],"product_cat":[92,94,98],"product_tag":[],"class_list":{"0":"post-2168","1":"product","2":"type-product","3":"status-publish","4":"has-post-thumbnail","6":"product_cat-cao","7":"product_cat-comida-humida","8":"product_cat-original-pt-pt","10":"first","11":"instock","12":"shipping-taxable","13":"product-type-simple"},"acf":[],"_links":{"self":[{"href":"https:\/\/www.criadores.es\/pt-pt\/wp-json\/wp\/v2\/product\/2168","targetHints":{"allow":["GET"]}}],"collection":[{"href":"https:\/\/www.criadores.es\/pt-pt\/wp-json\/wp\/v2\/product"}],"about":[{"href":"https:\/\/www.criadores.es\/pt-pt\/wp-json\/wp\/v2\/types\/product"}],"replies":[{"embeddable":true,"href":"https:\/\/www.criadores.es\/pt-pt\/wp-json\/wp\/v2\/comments?post=2168"}],"wp:featuredmedia":[{"embeddable":true,"href":"https:\/\/www.criadores.es\/pt-pt\/wp-json\/wp\/v2\/media\/1824"}],"wp:attachment":[{"href":"https:\/\/www.criadores.es\/pt-pt\/wp-json\/wp\/v2\/media?parent=2168"}],"wp:term":[{"taxonomy":"product_brand","embeddable":true,"href":"https:\/\/www.criadores.es\/pt-pt\/wp-json\/wp\/v2\/product_brand?post=2168"},{"taxonomy":"product_cat","embeddable":true,"href":"https:\/\/www.criadores.es\/pt-pt\/wp-json\/wp\/v2\/product_cat?post=2168"},{"taxonomy":"product_tag","embeddable":true,"href":"https:\/\/www.criadores.es\/pt-pt\/wp-json\/wp\/v2\/product_tag?post=2168"}],"curies":[{"name":"wp","href":"https:\/\/api.w.org\/{rel}","templated":true}]}}