{"id":2169,"date":"2025-02-13T09:51:26","date_gmt":"2025-02-13T08:51:26","guid":{"rendered":"https:\/\/www.criadores.es\/producto\/criadores-vitela-e-borrego-em-lata-para-cachorros\/"},"modified":"2025-06-11T15:57:25","modified_gmt":"2025-06-11T13:57:25","slug":"criadores-vitela-e-borrego-em-lata-para-cachorros","status":"publish","type":"product","link":"https:\/\/www.criadores.es\/pt-pt\/producto\/criadores-vitela-e-borrego-em-lata-para-cachorros\/","title":{"rendered":"Criadores Vitela e Borrego em lata para cachorros"},"content":{"rendered":"<h2><strong>Alimento h\u00famido com vitela e cordeiro com batata para c\u00e3es jovens<\/strong><\/h2>\n<p style=\"text-align: justify;\">A comida h\u00famida para cachorros <strong>Criadores de vitela e cordeiro com batata doce <\/strong>\u00e9 um alimento completo que segue uma f\u00f3rmula equilibrada para fazer a sua receita, j\u00e1 que inclui todas as prote\u00ednas, vitaminas e minerais essenciais que o seu animal de estima\u00e7\u00e3o precisa.\u00a0Esta dieta <strong>garante um \u00f3timo crescimento<\/strong> nos primeiros meses de vida do seu melhor amigo.<\/p>\n<p style=\"text-align: justify;\">O seu c\u00e3o vai adorar o sabor j\u00e1 que est\u00e1 <strong>composto por um<\/strong> <strong>65% de carne<\/strong>, sabor que predomina no paladar.\u00a0Al\u00e9m disso, inclui \u00f3leo de salm\u00e3o, um componente que aumenta a palatabilidade do produto. Os ingredientes que conformam esta receita s\u00e3o de f\u00e1cil digest\u00e3o, j\u00e1 que incluem probi\u00f3ticos e prebi\u00f3ticos, pelo que tamb\u00e9m <strong>cuida da sua sa\u00fade digestiva<\/strong>. \u00a0A batata doce \u00e9 o seu \u00fanico cereal prim\u00e1rio e a \u00fanica fonte de hidratos de carbono.<\/p>\n<p style=\"text-align: justify;\">Criadores de cordeiro e vitela inclui \u00e1cidos gordos essenciais para que a <strong>sa\u00fade da sua pele<\/strong> seja excelente e isso possa ser percebido no brilho do seu pelo. Tamb\u00e9m tem condroprotetores que ajudam no crescimento dos cachorros. \u00a0Esta marca de comida para c\u00e3es s\u00f3 inclui <strong>antioxidantes naturais<\/strong> na elabora\u00e7\u00e3o dos seus alimentos, evitando subprodutos animais, vegetais e transg\u00e9nicos. N\u00e3o utiliza conservantes BHA ou BHT, considerados cancer\u00edgenos para humanos.<\/p>\n<p style=\"text-align: justify;\">A marca Criadores \u00e9 um alimento de fabrica\u00e7\u00e3o espanhola que utiliza mat\u00e9ria prima <strong>apta para o consumo humano<\/strong> e de venta exclusiva em Tiendanimal. Todos os seus produtos s\u00e3o embalado ao mesmo tempo em que s\u00e3o elaborados, evitando assim, problemas de contamina\u00e7\u00e3o como os \u00e1caros. Perceber\u00e1 que as fezes do seu animal de estima\u00e7\u00e3o diminuem e se tornam mais compactas.<\/p>\n<p align=\"center\"><strong><em>Completa, equilibrada e deliciosa, assim \u00e9 a comida h\u00famida para c\u00e3es cachorros Criadores de cordeiro e vitela com batata doce.<\/em><\/strong><\/p>\n<p><em>A partir da data em que os receba \u00e9 garantido um prazo de 3 meses antes do vencimento da data de validade, ou de 1 m\u00eas no caso dos produtos l\u00b4cteos e a ra\u00e7\u00e3o ecol\u00f3gica.<\/em><\/p>\n","protected":false},"excerpt":{"rendered":"<p>O alimento h\u00famido para cachorros da Criadores \u00e9 uma receita natural sem aditivos artificiais, rica em prote\u00ednas, fibras, antioxidantes e cheia de sabor.<\/p>\n","protected":false},"featured_media":1823,"comment_status":"open","ping_status":"closed","template":"","meta":{"_acf_changed":false},"product_brand":[],"product_cat":[92,94,98],"product_tag":[],"class_list":{"0":"post-2169","1":"product","2":"type-product","3":"status-publish","4":"has-post-thumbnail","6":"product_cat-cao","7":"product_cat-comida-humida","8":"product_cat-original-pt-pt","10":"first","11":"instock","12":"shipping-taxable","13":"product-type-simple"},"acf":[],"_links":{"self":[{"href":"https:\/\/www.criadores.es\/pt-pt\/wp-json\/wp\/v2\/product\/2169","targetHints":{"allow":["GET"]}}],"collection":[{"href":"https:\/\/www.criadores.es\/pt-pt\/wp-json\/wp\/v2\/product"}],"about":[{"href":"https:\/\/www.criadores.es\/pt-pt\/wp-json\/wp\/v2\/types\/product"}],"replies":[{"embeddable":true,"href":"https:\/\/www.criadores.es\/pt-pt\/wp-json\/wp\/v2\/comments?post=2169"}],"wp:featuredmedia":[{"embeddable":true,"href":"https:\/\/www.criadores.es\/pt-pt\/wp-json\/wp\/v2\/media\/1823"}],"wp:attachment":[{"href":"https:\/\/www.criadores.es\/pt-pt\/wp-json\/wp\/v2\/media?parent=2169"}],"wp:term":[{"taxonomy":"product_brand","embeddable":true,"href":"https:\/\/www.criadores.es\/pt-pt\/wp-json\/wp\/v2\/product_brand?post=2169"},{"taxonomy":"product_cat","embeddable":true,"href":"https:\/\/www.criadores.es\/pt-pt\/wp-json\/wp\/v2\/product_cat?post=2169"},{"taxonomy":"product_tag","embeddable":true,"href":"https:\/\/www.criadores.es\/pt-pt\/wp-json\/wp\/v2\/product_tag?post=2169"}],"curies":[{"name":"wp","href":"https:\/\/api.w.org\/{rel}","templated":true}]}}