{"id":2170,"date":"2025-02-12T12:58:41","date_gmt":"2025-02-12T11:58:41","guid":{"rendered":"https:\/\/www.criadores.es\/producto\/criadores-vitela-comida-humida-caes-senior\/"},"modified":"2025-06-11T16:35:51","modified_gmt":"2025-06-11T14:35:51","slug":"criadores-vitela-comida-humida-caes-senior","status":"publish","type":"product","link":"https:\/\/www.criadores.es\/pt-pt\/producto\/criadores-vitela-comida-humida-caes-senior\/","title":{"rendered":"Criadores Vitela comida h\u00famida c\u00e3es Senior"},"content":{"rendered":"<h2><strong>Alimento h\u00famido de vitela e cordeiro para c\u00e3es s\u00e9niores<\/strong><\/h2>\n<p>O alimento h\u00famido <strong>Criadores de vitela e cordeiro com aveia<\/strong> foi especificamente concebido para a alimenta\u00e7\u00e3o di\u00e1ria de c\u00e3es s\u00e9niores. \u00c9 um alimento completo que, na sua composi\u00e7\u00e3o, cont\u00e9m prote\u00ednas que ajudam a manter a massa muscular, assegurando que os m\u00fasculos do seu animal se mantenham fortes e saud\u00e1veis \u00e0 medida que envelhecem. Cont\u00e9m tamb\u00e9m <strong>condroprotetores<\/strong>, que atuam na preven\u00e7\u00e3o de problemas de mobilidade em c\u00e3es mais velhos.<\/p>\n<p>Este alimento da marca Criadores <strong>\u00e9 extremamente saboroso<\/strong>, composto por 65% de carne, sendo esta a principal fonte do seu sabor. Al\u00e9m disso, possui uma elevada palatabilidade, caracter\u00edstica t\u00edpica dos alimentos Criadores, uma vez que <strong>inclui \u00f3leo de salm\u00e3o<\/strong>. Estes pormenores certamente ir\u00e3o deliciar o seu patudo.<\/p>\n<p>O Criadores de vitela e cordeiro com aveia \u00e9 <strong>feito com ingredientes de f\u00e1cil digest\u00e3o<\/strong>, e conta com probi\u00f3ticos e prebi\u00f3ticos que promovem a sa\u00fade digestiva do seu animal. Inclui ainda <strong>\u00e1cidos gordos essenciais<\/strong>, cruciais para uma pele saud\u00e1vel e um pelo luminoso e forte.<\/p>\n<p>Criadores \u00e9 uma marca exclusiva da Tiendanimal e confeciona os seus alimentos com <strong>mat\u00e9ria-prima de origem espanhola<\/strong>, adequada para consumo humano. <strong>N\u00e3o utiliza subprodutos<\/strong> animais ou vegetais, transg\u00e9nicos, nem conservantes como BHA ou BHT, apenas antioxidantes naturais. A receita equilibrada deste alimento garante fezes mais compactas e em menor quantidade.<\/p>\n<p align=\"\"><strong><em>Cuide da sa\u00fade do seu c\u00e3o s\u00e9nior com o delicioso alimento h\u00famido da Criadores, de vitela e cordeiro com aveia.<\/em><\/strong><\/p>\n<p><em>Desde a data de rece\u00e7\u00e3o, garante-se um prazo de 3 meses at\u00e9 ao fim da validade ou de 1 m\u00eas no caso dos produtos l\u00e1cteos e da ra\u00e7\u00e3o org\u00e3nica.<\/em><\/p>\n","protected":false},"excerpt":{"rendered":"<p>O alimento h\u00famido de vitela e cordeiro com aveia da Criadores para animais de estima\u00e7\u00e3o, \u00e9 especialmente concebido para a dieta di\u00e1ria de c\u00e3es s\u00e9nior.<\/p>\n","protected":false},"featured_media":1726,"comment_status":"open","ping_status":"closed","template":"","meta":{"_acf_changed":false},"product_brand":[],"product_cat":[92,94,98],"product_tag":[],"class_list":{"0":"post-2170","1":"product","2":"type-product","3":"status-publish","4":"has-post-thumbnail","6":"product_cat-cao","7":"product_cat-comida-humida","8":"product_cat-original-pt-pt","10":"first","11":"instock","12":"shipping-taxable","13":"product-type-simple"},"acf":[],"_links":{"self":[{"href":"https:\/\/www.criadores.es\/pt-pt\/wp-json\/wp\/v2\/product\/2170","targetHints":{"allow":["GET"]}}],"collection":[{"href":"https:\/\/www.criadores.es\/pt-pt\/wp-json\/wp\/v2\/product"}],"about":[{"href":"https:\/\/www.criadores.es\/pt-pt\/wp-json\/wp\/v2\/types\/product"}],"replies":[{"embeddable":true,"href":"https:\/\/www.criadores.es\/pt-pt\/wp-json\/wp\/v2\/comments?post=2170"}],"wp:featuredmedia":[{"embeddable":true,"href":"https:\/\/www.criadores.es\/pt-pt\/wp-json\/wp\/v2\/media\/1726"}],"wp:attachment":[{"href":"https:\/\/www.criadores.es\/pt-pt\/wp-json\/wp\/v2\/media?parent=2170"}],"wp:term":[{"taxonomy":"product_brand","embeddable":true,"href":"https:\/\/www.criadores.es\/pt-pt\/wp-json\/wp\/v2\/product_brand?post=2170"},{"taxonomy":"product_cat","embeddable":true,"href":"https:\/\/www.criadores.es\/pt-pt\/wp-json\/wp\/v2\/product_cat?post=2170"},{"taxonomy":"product_tag","embeddable":true,"href":"https:\/\/www.criadores.es\/pt-pt\/wp-json\/wp\/v2\/product_tag?post=2170"}],"curies":[{"name":"wp","href":"https:\/\/api.w.org\/{rel}","templated":true}]}}