{"id":2171,"date":"2025-02-10T15:53:11","date_gmt":"2025-02-10T14:53:11","guid":{"rendered":"https:\/\/www.criadores.es\/producto\/criadores-dietetic-urinary-comida-gato\/"},"modified":"2025-06-11T17:43:45","modified_gmt":"2025-06-11T15:43:45","slug":"criadores-dietetic-urinary-comida-gato","status":"publish","type":"product","link":"https:\/\/www.criadores.es\/pt-pt\/producto\/criadores-dietetic-urinary-comida-gato\/","title":{"rendered":"Criadores Dietetic Urinary comida gato"},"content":{"rendered":"<h2>Comida h\u00famida para gatos Criadores Urinary para a sa\u00fade urin\u00e1ria e renal<\/h2>\n<p>O alimento h\u00famido Criadores Urinary \u00e9 uma receita que favorece a <strong>dissolu\u00e7\u00e3o dos c\u00e1lculos urin\u00e1rios <\/strong>e reduz a sua reapari\u00e7\u00e3o. Uma f\u00f3rmula desenvolvida por veterin\u00e1rios que cuida da <strong>sa\u00fade dos felinos<\/strong> e do seu aparelho urin\u00e1rio com ingredientes selecionados de primeira qualidade.<\/p>\n<p>Criadores Urinary \u00e9 uma comida h\u00famida completa e equilibrada elaborada com <strong>carne de frango, vitela e aves<\/strong>, acompanhada de <strong>arroz e mirtilos<\/strong>. Uma combina\u00e7\u00e3o perfeita para cuidar da sa\u00fade dos felinos, prestando especial aten\u00e7\u00e3o ao seu<strong> sistema urin\u00e1rio<\/strong>. A sua f\u00f3rmula adaptada tem propriedades de acidifica\u00e7\u00e3o da urina, um baixo conte\u00fado de magn\u00e9sio e limitado de prote\u00ednas para favorecer a dissolu\u00e7\u00e3o dos cristais e reduzir as possibilidades de que surjam normalmente, favorecendo a fun\u00e7\u00e3o urin\u00e1ria.<\/p>\n<p>A comida h\u00famida Criadores Urinary tamb\u00e9m cont\u00e9m <strong>\u00e1cidos gordos \u00f3mega 3 e \u00f3mega 6 <\/strong>para manter a sa\u00fade da pele e do pelo.<\/p>\n<p><strong><em>Cuide da sa\u00fade urin\u00e1ria do seu felino e reduza a apari\u00e7\u00e3o de c\u00e1lculos com o alimento h\u00famido Criadores Urinary para gatos.<\/em><\/strong><\/p>\n<p><em>A partir da data em que os receba \u00e9 garantido um prazo de 3 meses antes do vencimento da data de validade, ou de 1 m\u00eas no caso dos produtos l\u00b4cteos e a ra\u00e7\u00e3o ecol\u00f3gica.<\/em><\/p>\n","protected":false},"excerpt":{"rendered":"<p>O alimento h\u00famido Criadores Urinary \u00e9 uma receita que favorece a dissolu\u00e7\u00e3o dos c\u00e1lculos urin\u00e1rios e reduz a sua reapari\u00e7\u00e3o. Uma f\u00f3rmula<\/p>\n","protected":false},"featured_media":1603,"comment_status":"open","ping_status":"closed","template":"","meta":{"_acf_changed":false},"product_brand":[],"product_cat":[110,108,111],"product_tag":[],"class_list":{"0":"post-2171","1":"product","2":"type-product","3":"status-publish","4":"has-post-thumbnail","6":"product_cat-comida-humida-pt","7":"product_cat-dietas-veterinarias-gato-pt-pt","8":"product_cat-gatos","10":"first","11":"instock","12":"shipping-taxable","13":"product-type-simple"},"acf":[],"_links":{"self":[{"href":"https:\/\/www.criadores.es\/pt-pt\/wp-json\/wp\/v2\/product\/2171","targetHints":{"allow":["GET"]}}],"collection":[{"href":"https:\/\/www.criadores.es\/pt-pt\/wp-json\/wp\/v2\/product"}],"about":[{"href":"https:\/\/www.criadores.es\/pt-pt\/wp-json\/wp\/v2\/types\/product"}],"replies":[{"embeddable":true,"href":"https:\/\/www.criadores.es\/pt-pt\/wp-json\/wp\/v2\/comments?post=2171"}],"wp:featuredmedia":[{"embeddable":true,"href":"https:\/\/www.criadores.es\/pt-pt\/wp-json\/wp\/v2\/media\/1603"}],"wp:attachment":[{"href":"https:\/\/www.criadores.es\/pt-pt\/wp-json\/wp\/v2\/media?parent=2171"}],"wp:term":[{"taxonomy":"product_brand","embeddable":true,"href":"https:\/\/www.criadores.es\/pt-pt\/wp-json\/wp\/v2\/product_brand?post=2171"},{"taxonomy":"product_cat","embeddable":true,"href":"https:\/\/www.criadores.es\/pt-pt\/wp-json\/wp\/v2\/product_cat?post=2171"},{"taxonomy":"product_tag","embeddable":true,"href":"https:\/\/www.criadores.es\/pt-pt\/wp-json\/wp\/v2\/product_tag?post=2171"}],"curies":[{"name":"wp","href":"https:\/\/api.w.org\/{rel}","templated":true}]}}