{"id":2172,"date":"2025-02-12T12:48:02","date_gmt":"2025-02-12T11:48:02","guid":{"rendered":"https:\/\/www.criadores.es\/producto\/criadores-senior-peru-coelho-comida-humida-caes\/"},"modified":"2025-06-11T16:36:27","modified_gmt":"2025-06-11T14:36:27","slug":"criadores-senior-peru-coelho-comida-humida-caes","status":"publish","type":"product","link":"https:\/\/www.criadores.es\/pt-pt\/producto\/criadores-senior-peru-coelho-comida-humida-caes\/","title":{"rendered":"Criadores Senior peru-coelho comida h\u00famida c\u00e3es"},"content":{"rendered":"<p>&nbsp;<\/p>\n<h2><strong>Alimento h\u00famido com peru e coelho para c\u00e3es idosos<\/strong><\/h2>\n<p style=\"text-align: justify;\">A comida h\u00famida para animais de estima\u00e7\u00e3o <strong>Criadores de peru e coelho com ab\u00f3bora <\/strong>\u00e9 um alimento muito completo indicado para a dieta di\u00e1ria de c\u00e3es idosos. Este produto tem em considera\u00e7\u00e3o as necessidades espec\u00edficas que t\u00eam os animais na etapa madura e cuida de todos os detalhes como o <strong>controlo moderado das gorduras<\/strong> para que possam manter um peso ideal. Tamb\u00e9m inclui \u00e1cidos gordos essenciais que cuidam da pele e do pelo do seu animal de estima\u00e7\u00e3o.<\/p>\n<p style=\"text-align: justify;\">Criadores de peru e coelho com ab\u00f3bora n\u00e3o inclui nenhum gr\u00e3o na sua composi\u00e7\u00e3o e est\u00e1 <strong>livre de gl\u00faten<\/strong>. A sua receita est\u00e1 elaborada a base de uma <strong>alta percentagem de carne<\/strong>, pelo que resulta muito saborosa. Para al\u00e9m disso, inclui \u00f3leo de salm\u00e3o, sua palatabilidade \u00e9 muito alta. Todas as comidas da marca Criadores incluem condroprotetores para que os animais adultos n\u00e3o sofram de problemas de mobilidade.<\/p>\n<p style=\"text-align: justify;\">Esta marca para a alimenta\u00e7\u00e3o de animais de companhia est\u00e1 elaborada com mat\u00e9ria prima espanhola e a sua venta \u00e9 exclusiva em Tiendanimal.\u00a0<strong>Utiliza apenas antioxidantes naturais<\/strong> e nunca usa subprodutos animais, vegetais ou transg\u00e9nicos. Nem inclui BHA ou BHT, considerados cancer\u00edgenos para humanos. \u00a0Perceber\u00e1 que com o seu consumo <strong>diminuem as fezes<\/strong> do seu c\u00e3o e, para al\u00e9m disso, ser\u00e3o mais compactas.<\/p>\n<p align=\"center\"><strong><em>O seu animal de estima\u00e7\u00e3o vai manter a linha e o seu pelo brilhar\u00e1 com for\u00e7a com a comida h\u00famida para c\u00e3es idosos Criadores de peru e coelho com ab\u00f3bora.<\/em><\/strong><\/p>\n<p><em>A partir da data em que os receba \u00e9 garantido um prazo de 3 meses antes do vencimento da data de validade, ou de 1 m\u00eas no caso dos produtos l\u00b4cteos e a ra\u00e7\u00e3o ecol\u00f3gica.<\/em><\/p>\n","protected":false},"excerpt":{"rendered":"<p>A comida h\u00famida para animais de estima\u00e7\u00e3o Criadores de peru e coelho com ab\u00f3bora \u00e9 um alimento muito completo indicado para a dieta di\u00e1ria de c\u00e3es &#8230;<\/p>\n","protected":false},"featured_media":1725,"comment_status":"open","ping_status":"closed","template":"","meta":{"_acf_changed":false},"product_brand":[],"product_cat":[92,94,98],"product_tag":[],"class_list":{"0":"post-2172","1":"product","2":"type-product","3":"status-publish","4":"has-post-thumbnail","6":"product_cat-cao","7":"product_cat-comida-humida","8":"product_cat-original-pt-pt","10":"first","11":"instock","12":"shipping-taxable","13":"product-type-simple"},"acf":[],"_links":{"self":[{"href":"https:\/\/www.criadores.es\/pt-pt\/wp-json\/wp\/v2\/product\/2172","targetHints":{"allow":["GET"]}}],"collection":[{"href":"https:\/\/www.criadores.es\/pt-pt\/wp-json\/wp\/v2\/product"}],"about":[{"href":"https:\/\/www.criadores.es\/pt-pt\/wp-json\/wp\/v2\/types\/product"}],"replies":[{"embeddable":true,"href":"https:\/\/www.criadores.es\/pt-pt\/wp-json\/wp\/v2\/comments?post=2172"}],"wp:featuredmedia":[{"embeddable":true,"href":"https:\/\/www.criadores.es\/pt-pt\/wp-json\/wp\/v2\/media\/1725"}],"wp:attachment":[{"href":"https:\/\/www.criadores.es\/pt-pt\/wp-json\/wp\/v2\/media?parent=2172"}],"wp:term":[{"taxonomy":"product_brand","embeddable":true,"href":"https:\/\/www.criadores.es\/pt-pt\/wp-json\/wp\/v2\/product_brand?post=2172"},{"taxonomy":"product_cat","embeddable":true,"href":"https:\/\/www.criadores.es\/pt-pt\/wp-json\/wp\/v2\/product_cat?post=2172"},{"taxonomy":"product_tag","embeddable":true,"href":"https:\/\/www.criadores.es\/pt-pt\/wp-json\/wp\/v2\/product_tag?post=2172"}],"curies":[{"name":"wp","href":"https:\/\/api.w.org\/{rel}","templated":true}]}}