{"id":2173,"date":"2025-02-11T15:36:47","date_gmt":"2025-02-11T14:36:47","guid":{"rendered":"https:\/\/www.criadores.es\/producto\/criadores-senior-vitela-mirtilos-comida-humida-caes\/"},"modified":"2025-06-12T13:37:29","modified_gmt":"2025-06-12T11:37:29","slug":"criadores-senior-vitela-mirtilos-comida-humida-caes","status":"publish","type":"product","link":"https:\/\/www.criadores.es\/pt-pt\/producto\/criadores-senior-vitela-mirtilos-comida-humida-caes\/","title":{"rendered":"Criadores Senior vitela-mirtilos comida h\u00famida c\u00e3es"},"content":{"rendered":"<h2><strong>Alimento h\u00famido com vitela para c\u00e3es idosos<\/strong><\/h2>\n<p>A comida h\u00famida para c\u00e3es idosos <strong>Criadores de vitela com mirtilos <\/strong>\u00e9 um alimento completo, desenhado especialmente para a dieta di\u00e1ria de animais em idade avan\u00e7ada. Conserva todo o sabor da carne j\u00e1 que est\u00e1 composto por um 65% deste ingrediente e resulta <strong>delicioso para os animais de estima\u00e7\u00e3o<\/strong>. Al\u00e9m disso, inclui \u00f3leo de salm\u00e3o, rico em \u00e1cidos gordos, que aumenta a palatabilidade deste produto.<\/p>\n<p>Criadores de vitela com mirtilo n\u00e3o inclui gr\u00e3os na sua elabora\u00e7\u00e3o e \u00e9 um <strong>alimento monoproteico<\/strong>, perfeito para que o seu animal de estima\u00e7\u00e3o realize uma melhor assimila\u00e7\u00e3o de todos os nutrientes que comp\u00f5em esta receita. \u00a0\u00c9 uma comida indicada para c\u00e3es idosos j\u00e1 que tem um efeito antioxidante e favorece a <strong>manuten\u00e7\u00e3o de suas capacidades cognitivas<\/strong>.<\/p>\n<p>A marca Criadores caracteriza-se por oferecer ao seu animal de estima\u00e7\u00e3o o melhor em cada etapa da sua vida. N\u00e3o inclui BHA ou BHT, considerados cancer\u00edgenos para humanos.<\/p>\n<p>Com esta ra\u00e7\u00e3o <strong>as fezes do seu animal de estima\u00e7\u00e3o diminuir\u00e3o<\/strong> e ser\u00e3o mais compactas. Outro beneficio \u00e9 ser embalado diretamente durante a sua fabrica\u00e7\u00e3o, eliminando assim, problemas de contamina\u00e7\u00e3o. Criadores \u00e9 de venta exclusiva em Tiendanimal, uma marca de alimenta\u00e7\u00e3o para animais de companhia fabricada com mat\u00e9ria prima espanhola que se caracteriza pela sua excel\u00eancia.<\/p>\n<p><strong><em>Cuide do seu c\u00e3o idoso com o saboroso alimento Criadores de vitela com mirtilo, uma excelente maneira para manter em \u00f3timas condi\u00e7\u00f5es as suas capacidades cognitivas.\u00a0<\/em><\/strong><\/p>\n<p><em>A partir da data em que os receba \u00e9 garantido um prazo de 3 meses antes do vencimento da data de validade, ou de 1 m\u00eas no caso dos produtos l\u00b4cteos e a ra\u00e7\u00e3o ecol\u00f3gica.<\/em><\/p>\n","protected":false},"excerpt":{"rendered":"<p>A comida h\u00famida para c\u00e3es idosos Criadores de vitela com mirtilos \u00e9 um alimento completo, desenhado especialmente para a dieta di\u00e1ria de animais em idade avan\u00e7ada. &#8230;<\/p>\n","protected":false},"featured_media":1696,"comment_status":"open","ping_status":"closed","template":"","meta":{"_acf_changed":false},"product_brand":[],"product_cat":[92,94,98],"product_tag":[],"class_list":{"0":"post-2173","1":"product","2":"type-product","3":"status-publish","4":"has-post-thumbnail","6":"product_cat-cao","7":"product_cat-comida-humida","8":"product_cat-original-pt-pt","10":"first","11":"instock","12":"shipping-taxable","13":"product-type-simple"},"acf":[],"_links":{"self":[{"href":"https:\/\/www.criadores.es\/pt-pt\/wp-json\/wp\/v2\/product\/2173","targetHints":{"allow":["GET"]}}],"collection":[{"href":"https:\/\/www.criadores.es\/pt-pt\/wp-json\/wp\/v2\/product"}],"about":[{"href":"https:\/\/www.criadores.es\/pt-pt\/wp-json\/wp\/v2\/types\/product"}],"replies":[{"embeddable":true,"href":"https:\/\/www.criadores.es\/pt-pt\/wp-json\/wp\/v2\/comments?post=2173"}],"wp:featuredmedia":[{"embeddable":true,"href":"https:\/\/www.criadores.es\/pt-pt\/wp-json\/wp\/v2\/media\/1696"}],"wp:attachment":[{"href":"https:\/\/www.criadores.es\/pt-pt\/wp-json\/wp\/v2\/media?parent=2173"}],"wp:term":[{"taxonomy":"product_brand","embeddable":true,"href":"https:\/\/www.criadores.es\/pt-pt\/wp-json\/wp\/v2\/product_brand?post=2173"},{"taxonomy":"product_cat","embeddable":true,"href":"https:\/\/www.criadores.es\/pt-pt\/wp-json\/wp\/v2\/product_cat?post=2173"},{"taxonomy":"product_tag","embeddable":true,"href":"https:\/\/www.criadores.es\/pt-pt\/wp-json\/wp\/v2\/product_tag?post=2173"}],"curies":[{"name":"wp","href":"https:\/\/api.w.org\/{rel}","templated":true}]}}