{"id":2174,"date":"2025-02-10T16:23:07","date_gmt":"2025-02-10T15:23:07","guid":{"rendered":"https:\/\/www.criadores.es\/producto\/criadores-dietetic-obesity-comida-humida-gatos\/"},"modified":"2025-06-11T17:40:18","modified_gmt":"2025-06-11T15:40:18","slug":"criadores-dietetic-obesity-comida-humida-gatos","status":"publish","type":"product","link":"https:\/\/www.criadores.es\/pt-pt\/producto\/criadores-dietetic-obesity-comida-humida-gatos\/","title":{"rendered":"Criadores Dietetic Obesity comida h\u00famida gatos"},"content":{"rendered":"<h2>Comida h\u00famida para gatos com excesso de peso ou tend\u00eancia a engordar Criadores Obesity<\/h2>\n<p>O alimento h\u00famido Criadores Obesity para gatos \u00e9 uma receita formulada para ajudar a reduzir o excesso de peso. Est\u00e1 elaborado com <strong>ingredientes selecionados com um baixo conte\u00fado cal\u00f3rico<\/strong> e com um alto conte\u00fado em fibra para aumentar a <strong>sensa\u00e7\u00e3o de saciedade<\/strong> e que o seu gato n\u00e3o passe fome. Tamb\u00e9m incorpora taurina para o correto funcionamento do cora\u00e7\u00e3o, da vista e do c\u00e9rebro.<\/p>\n<p>Criadores Obesity \u00e9 uma comida h\u00famida recomendada para gatos com tend\u00eancia a engordar, com excesso de peso ou esterilizados, tanto para ajud\u00e1-los a manter um peso correto, como para <strong>favorecer a perda de peso<\/strong>. Est\u00e1 elaborado com <strong>63% de carne<\/strong>, combina o frango e a vitela para oferecer prote\u00ednas de alta qualidade e conseguir um <strong>sabor intenso e irresist\u00edvel<\/strong>. A L-Carnitina tamb\u00e9m est\u00e1 presente na receita para facilitar a perda de peso transformando o excesso de gordura em energia, assim como o farelo de trigo, nutritivo, rico em fibra e com propriedades laxantes.<\/p>\n<p><strong><em>Controle o peso do seu gato e a sua sa\u00fade com o alimento h\u00famido Criadores Obesity.<\/em><\/strong><\/p>\n<p><em>A partir da data em que os receba \u00e9 garantido um prazo de 3 meses antes do vencimento da data de validade, ou de 1 m\u00eas no caso dos produtos l\u00b4cteos e a ra\u00e7\u00e3o ecol\u00f3gica.<\/em><\/p>\n","protected":false},"excerpt":{"rendered":"<p>Formato:&#8230;<\/p>\n","protected":false},"featured_media":1609,"comment_status":"open","ping_status":"closed","template":"","meta":{"_acf_changed":false},"product_brand":[],"product_cat":[110,108,111],"product_tag":[],"class_list":{"0":"post-2174","1":"product","2":"type-product","3":"status-publish","4":"has-post-thumbnail","6":"product_cat-comida-humida-pt","7":"product_cat-dietas-veterinarias-gato-pt-pt","8":"product_cat-gatos","10":"first","11":"instock","12":"shipping-taxable","13":"product-type-simple"},"acf":[],"_links":{"self":[{"href":"https:\/\/www.criadores.es\/pt-pt\/wp-json\/wp\/v2\/product\/2174","targetHints":{"allow":["GET"]}}],"collection":[{"href":"https:\/\/www.criadores.es\/pt-pt\/wp-json\/wp\/v2\/product"}],"about":[{"href":"https:\/\/www.criadores.es\/pt-pt\/wp-json\/wp\/v2\/types\/product"}],"replies":[{"embeddable":true,"href":"https:\/\/www.criadores.es\/pt-pt\/wp-json\/wp\/v2\/comments?post=2174"}],"wp:featuredmedia":[{"embeddable":true,"href":"https:\/\/www.criadores.es\/pt-pt\/wp-json\/wp\/v2\/media\/1609"}],"wp:attachment":[{"href":"https:\/\/www.criadores.es\/pt-pt\/wp-json\/wp\/v2\/media?parent=2174"}],"wp:term":[{"taxonomy":"product_brand","embeddable":true,"href":"https:\/\/www.criadores.es\/pt-pt\/wp-json\/wp\/v2\/product_brand?post=2174"},{"taxonomy":"product_cat","embeddable":true,"href":"https:\/\/www.criadores.es\/pt-pt\/wp-json\/wp\/v2\/product_cat?post=2174"},{"taxonomy":"product_tag","embeddable":true,"href":"https:\/\/www.criadores.es\/pt-pt\/wp-json\/wp\/v2\/product_tag?post=2174"}],"curies":[{"name":"wp","href":"https:\/\/api.w.org\/{rel}","templated":true}]}}