{"id":2175,"date":"2025-02-12T12:41:41","date_gmt":"2025-02-12T11:41:41","guid":{"rendered":"https:\/\/www.criadores.es\/producto\/criadores-javali-com-frango-e-batata-doce-em-lata-para-caes\/"},"modified":"2025-06-11T16:36:57","modified_gmt":"2025-06-11T14:36:57","slug":"criadores-javali-com-frango-e-batata-doce-em-lata-para-caes","status":"publish","type":"product","link":"https:\/\/www.criadores.es\/pt-pt\/producto\/criadores-javali-com-frango-e-batata-doce-em-lata-para-caes\/","title":{"rendered":"Criadores Javali com Frango e Batata Doce em lata para c\u00e3es"},"content":{"rendered":"<h2>Alimento h\u00famido ideal para c\u00e3es seniores<\/h2>\n<p>A Criadores apresenta um alimento h\u00famido \u00e0 base de javali e arandos, especialmente formulada para c\u00e3es seniores. Este alimento, rico em propriedades antioxidantes, n\u00e3o s\u00f3 satisfaz as necessidades dos c\u00e3es mais velhos mas tamb\u00e9m <strong>promove a manuten\u00e7\u00e3o das suas capacidades cognitivas<\/strong>.<\/p>\n<p>A receita destaca-se por conter <strong>65% de carne<\/strong>, assegurando um sabor que o seu patudo vai adorar. A presen\u00e7a do <strong>\u00f3leo de salm\u00e3o<\/strong>, rico em \u00e1cidos gordos, potencia ainda mais a palatabilidade do alimento, garantindo que o seu c\u00e3o o consumir\u00e1 com prazer.<\/p>\n<p>Desenvolvida <strong>sem gr\u00e3os<\/strong>, esta f\u00f3rmula <strong>monoproteica<\/strong> facilita a assimila\u00e7\u00e3o dos nutrientes pelo seu c\u00e3o s\u00e9nior. A adi\u00e7\u00e3o de <strong>condroprotetores<\/strong> auxilia na preven\u00e7\u00e3o de problemas de mobilidade frequentes em c\u00e3es mais velhos.<\/p>\n<p>Produzido em Espanha, a Criadores compromete-se com a <strong>qualidade premium<\/strong> das mat\u00e9rias-primas. Todas as suas refei\u00e7\u00f5es caracterizam-se por utilizarem apenas antioxidantes naturais, excluindo subprodutos animais, vegetais, transg\u00e9nicos, BHA ou BHT.<\/p>\n<p>Com esta dieta, notar\u00e1 que as fezes do seu c\u00e3o se tornar\u00e3o mais pequenas e compactas. Al\u00e9m disso, o processo de embalamento imediato garante a preven\u00e7\u00e3o de contamina\u00e7\u00f5es. Esta comida ainda \u00e9 enriquecida com <strong>probi\u00f3ticos e prebi\u00f3ticos<\/strong> provenientes de frutas e vegetais, <strong>otimizando a digestibilidade e promovendo a sa\u00fade digestiva do seu animal<\/strong>.<\/p>\n<p><em><strong>Ofere\u00e7a este alimento delicioso e saud\u00e1vel da Criadores ao seu c\u00e3o, e satisfa\u00e7a as suas necessidades na idade avan\u00e7ada!<\/strong><\/em><\/p>\n","protected":false},"excerpt":{"rendered":"<p>Receita de alimento h\u00famido sem gl\u00faten concebida para as necessidades de um c\u00e3o adulto que precisa de preservar a sua agilidade mental e a sua mobilidade articular.<\/p>\n","protected":false},"featured_media":1724,"comment_status":"open","ping_status":"closed","template":"","meta":{"_acf_changed":false},"product_brand":[],"product_cat":[92,94,98],"product_tag":[],"class_list":{"0":"post-2175","1":"product","2":"type-product","3":"status-publish","4":"has-post-thumbnail","6":"product_cat-cao","7":"product_cat-comida-humida","8":"product_cat-original-pt-pt","10":"first","11":"instock","12":"shipping-taxable","13":"product-type-simple"},"acf":[],"_links":{"self":[{"href":"https:\/\/www.criadores.es\/pt-pt\/wp-json\/wp\/v2\/product\/2175","targetHints":{"allow":["GET"]}}],"collection":[{"href":"https:\/\/www.criadores.es\/pt-pt\/wp-json\/wp\/v2\/product"}],"about":[{"href":"https:\/\/www.criadores.es\/pt-pt\/wp-json\/wp\/v2\/types\/product"}],"replies":[{"embeddable":true,"href":"https:\/\/www.criadores.es\/pt-pt\/wp-json\/wp\/v2\/comments?post=2175"}],"wp:featuredmedia":[{"embeddable":true,"href":"https:\/\/www.criadores.es\/pt-pt\/wp-json\/wp\/v2\/media\/1724"}],"wp:attachment":[{"href":"https:\/\/www.criadores.es\/pt-pt\/wp-json\/wp\/v2\/media?parent=2175"}],"wp:term":[{"taxonomy":"product_brand","embeddable":true,"href":"https:\/\/www.criadores.es\/pt-pt\/wp-json\/wp\/v2\/product_brand?post=2175"},{"taxonomy":"product_cat","embeddable":true,"href":"https:\/\/www.criadores.es\/pt-pt\/wp-json\/wp\/v2\/product_cat?post=2175"},{"taxonomy":"product_tag","embeddable":true,"href":"https:\/\/www.criadores.es\/pt-pt\/wp-json\/wp\/v2\/product_tag?post=2175"}],"curies":[{"name":"wp","href":"https:\/\/api.w.org\/{rel}","templated":true}]}}