{"id":2176,"date":"2025-02-11T17:23:54","date_gmt":"2025-02-11T16:23:54","guid":{"rendered":"https:\/\/www.criadores.es\/producto\/criadores-light-racao-para-gatos-com-frango\/"},"modified":"2025-06-12T13:31:33","modified_gmt":"2025-06-12T11:31:33","slug":"criadores-light-racao-para-gatos-com-frango","status":"publish","type":"product","link":"https:\/\/www.criadores.es\/pt-pt\/producto\/criadores-light-racao-para-gatos-com-frango\/","title":{"rendered":"Criadores Light ra\u00e7\u00e3o para gatos com frango"},"content":{"rendered":"<h2><strong>Alimento para gatos adultos baixo em gordura com frango<\/strong><\/h2>\n<p>A <strong>ra\u00e7\u00e3o<\/strong> <strong>Criadores Light est\u00e1 indicada <\/strong>para gatos adultos, a partir dos 12 meses de idade, com excesso de peso ou com tend\u00eancia a ganhar muito peso. \u00a0\u00c9 uma dieta equilibrada que favorece a manuten\u00e7\u00e3o do peso ideal gra\u00e7as \u00e0 sua f\u00f3rmula baixa em gorduras. \u00a0A comida est\u00e1 constitu\u00edda por um 30% de frango fresco que aporta muito sabor e faz com que seja altamente palat\u00e1vel, inclusive para os gatos mais exigentes. \u00a0O formato que t\u00eam os seus <strong>saborosos croquetes extrudidos<\/strong> contribui para que estes animais mantenham uma boa sa\u00fade dental.<\/p>\n<p>Esta ra\u00e7\u00e3o light para gatos cont\u00e9m prebi\u00f3ticos (FOS MOS) que favorecem na <strong>manuten\u00e7\u00e3o de uma \u00f3tima sa\u00fade digestiva<\/strong>, contribuindo para que as digest\u00f5es do seu animal de estima\u00e7\u00e3o sejam melhores. O desenho dos croquetes contribui tamb\u00e9m para a digestibilidade. Para al\u00e9m disso, a <strong>quantidade reduzida de calorias<\/strong> que cont\u00e9m esta comida junto \u00e0 L-carnitina e os \u00e1cidos linoleicos ajudam na perda de peso e na manuten\u00e7\u00e3o de maneira saud\u00e1vel. \u00a0Esta ra\u00e7\u00e3o baixa em gorduras ajudar\u00e1 no controlo do peso do seu animal de estima\u00e7\u00e3o e, desta forma, poder\u00e1 manter o seu peso ideal.<\/p>\n<p>Por outro lado, este alimento est\u00e1 <strong>enriquecido com \u00f3leo de peixe<\/strong>, que contribui para que o seu gato tenha uma pele e um pelo nutridos e saud\u00e1veis. \u00a0Criadores sempre tem em considera\u00e7\u00e3o a vitalidade destes animais, pelo que perceber\u00e1 que o seu animal de estima\u00e7\u00e3o continua \u00e1gil e saud\u00e1vel gra\u00e7as ao fornecimento de vitaminas, minerais e nutrientes desta dieta, componentes que resultam imprescind\u00edveis para que o seu <strong>sistema imunol\u00f3gico esteja forte<\/strong> e n\u00e3o contraia nenhuma doen\u00e7a.<\/p>\n<p>A marca de ra\u00e7\u00f5es Criadores \u00e9 de excelente qualidade, a suas receitas s\u00e3o formuladas por <strong>especialistas veterin\u00e1rios<\/strong> que t\u00eam em considera\u00e7\u00e3o a sa\u00fade e o paladar dos animais de estima\u00e7\u00e3o, por isso elaboram dietas equilibradas, com todos os nutrientes necess\u00e1rios para crescer e manter-se saud\u00e1vel e forte e <strong>com todo o sabor<\/strong>. \u00a0A comida Criadores, fabricada na Espanha, encontra-se dispon\u00edvel exclusivamente em Tiendanimal.<\/p>\n<p align=\"\"><strong><em>Com a ra\u00e7\u00e3o Criadores Light o seu gato ir\u00e1 manter um peso adequado enquanto aproveita do sabor a frango dos seus croquetes. \u00a0<\/em><\/strong><\/p>\n<p><em>A partir da data em que os receba \u00e9 garantido um prazo de 3 meses antes do vencimento da data de validade, ou de 1 m\u00eas no caso dos produtos l\u00b4cteos e a ra\u00e7\u00e3o ecol\u00f3gica.<\/em><\/p>\n","protected":false},"excerpt":{"rendered":"<p>A ra\u00e7\u00e3o Criadores Light est\u00e1 indicada para gatos adultos, a partir dos 12 meses de idade, com excesso de peso ou com tend\u00eancia a ganhar muito peso. \u00c9 uma dieta &#8230;<\/p>\n","protected":false},"featured_media":1703,"comment_status":"open","ping_status":"closed","template":"","meta":{"_acf_changed":false},"product_brand":[],"product_cat":[105,111,106],"product_tag":[],"class_list":{"0":"post-2176","1":"product","2":"type-product","3":"status-publish","4":"has-post-thumbnail","6":"product_cat-alimentacao-seca-pt","7":"product_cat-gatos","8":"product_cat-original-gato-pt-pt","10":"first","11":"instock","12":"shipping-taxable","13":"product-type-simple"},"acf":[],"_links":{"self":[{"href":"https:\/\/www.criadores.es\/pt-pt\/wp-json\/wp\/v2\/product\/2176","targetHints":{"allow":["GET"]}}],"collection":[{"href":"https:\/\/www.criadores.es\/pt-pt\/wp-json\/wp\/v2\/product"}],"about":[{"href":"https:\/\/www.criadores.es\/pt-pt\/wp-json\/wp\/v2\/types\/product"}],"replies":[{"embeddable":true,"href":"https:\/\/www.criadores.es\/pt-pt\/wp-json\/wp\/v2\/comments?post=2176"}],"wp:featuredmedia":[{"embeddable":true,"href":"https:\/\/www.criadores.es\/pt-pt\/wp-json\/wp\/v2\/media\/1703"}],"wp:attachment":[{"href":"https:\/\/www.criadores.es\/pt-pt\/wp-json\/wp\/v2\/media?parent=2176"}],"wp:term":[{"taxonomy":"product_brand","embeddable":true,"href":"https:\/\/www.criadores.es\/pt-pt\/wp-json\/wp\/v2\/product_brand?post=2176"},{"taxonomy":"product_cat","embeddable":true,"href":"https:\/\/www.criadores.es\/pt-pt\/wp-json\/wp\/v2\/product_cat?post=2176"},{"taxonomy":"product_tag","embeddable":true,"href":"https:\/\/www.criadores.es\/pt-pt\/wp-json\/wp\/v2\/product_tag?post=2176"}],"curies":[{"name":"wp","href":"https:\/\/api.w.org\/{rel}","templated":true}]}}