{"id":2177,"date":"2025-02-11T17:35:55","date_gmt":"2025-02-11T16:35:55","guid":{"rendered":"https:\/\/www.criadores.es\/producto\/criadores-grain-free-frango-racao-gatos\/"},"modified":"2025-06-12T13:13:42","modified_gmt":"2025-06-12T11:13:42","slug":"criadores-grain-free-frango-racao-gatos","status":"publish","type":"product","link":"https:\/\/www.criadores.es\/pt-pt\/producto\/criadores-grain-free-frango-racao-gatos\/","title":{"rendered":"Criadores Grain Free Frango ra\u00e7\u00e3o gatos"},"content":{"rendered":"<h2><strong>Alimento completo sem gl\u00faten nem cereais para gatos adultos<\/strong><\/h2>\n<p>A <strong>ra\u00e7\u00e3o seca e completa<\/strong> <strong>Criadores Grain Free com frango <\/strong>est\u00e1 especialmente pensada para gatos adultos, a partir dos 12 meses de idade. A sua equilibrada f\u00f3rmula cont\u00e9m todos os nutrientes necess\u00e1rios para que estes animais mantenham a vitalidade que os caracteriza e um <strong>\u00f3timo estado de sa\u00fade<\/strong>. \u00a0Todos os ingredientes s\u00e3o selecionados cuidadosamente por especialistas e s\u00e3o de alta qualidade. O frango fresco \u00e9 o componente principal desta saborosa receita que, de certeza, far\u00e1 a del\u00edcias do paladar do seu gato.<\/p>\n<p>Os croquetes que cont\u00e9m s\u00e3o secos e extrudidos, o que favorece a digestibilidade. Al\u00e9m disso, a ra\u00e7\u00e3o Criadores Grain Free <strong>est\u00e1 livre de gl\u00faten e de cereais<\/strong> e, no seu lugar, est\u00e1 enriquecido com prebi\u00f3ticos (MOS FOS) que contribuem para que os gatos tenham uma melhor digest\u00e3o. \u00a0A receita desta ra\u00e7\u00e3o com frango \u00e9 altamente palat\u00e1vel, para que o seu animal de estima\u00e7\u00e3o adore estes saborosos croquetes. O formato e a textura destes contribuem para a<strong>elimina\u00e7\u00e3o do t\u00e1rtaro<\/strong>, j\u00e1 que n\u00e3o permite que se junte entre os seus dentes.<\/p>\n<p>Os gatos s\u00e3o animais muito \u00e1geis e cheios de vitalidade, \u00e9 muito importante que mantenham uma vida com atividade f\u00edsica e uma alimenta\u00e7\u00e3o que lhes aporte as <strong>vitaminas, minerais e nutrientes<\/strong> necess\u00e1rios para o seu desenvolvimento. \u00a0Para tal, a ra\u00e7\u00e3o Criadores fabrica esta comida para gatos que inclui um importante aporte de taurina, componente que <strong>favorece a sa\u00fade cardiovascular<\/strong> do seu animal de estima\u00e7\u00e3o. Com este alimento seco e completo, o seu gato vai sentir-se feliz e com um bom estado de sa\u00fade.<\/p>\n<p>A comida Criadores est\u00e1 elaborada na Espanha por veterin\u00e1rios especialistas que selecionam <strong>ingredientes de alta qualidade<\/strong> para a fabrica\u00e7\u00e3o de todas as suas receitas. \u00a0Em Tiendanimal encontrar\u00e1 uma ampla gama de ra\u00e7\u00f5es Criadores, uma marca que se preocupa com a sa\u00fade dos animais, independente da sua condi\u00e7\u00e3o, e prepara <strong>ra\u00e7\u00f5es saborosas<\/strong> para que todos os gatos gostem.<\/p>\n<p><strong><em>Criadores Grain Free com frango \u00e9 a ra\u00e7\u00e3o ideal para que o seu gato mantenha um estado de sa\u00fade \u00f3timo e fique cheio de vitalidade.\u00a0<\/em><\/strong><\/p>\n<p><em>A partir da data em que os receba \u00e9 garantido um prazo de 3 meses antes do vencimento da data de validade, ou de 1 m\u00eas no caso dos produtos l\u00b4cteos e a ra\u00e7\u00e3o ecol\u00f3gica.<\/em><\/p>\n","protected":false},"excerpt":{"rendered":"<p>A ra\u00e7\u00e3o seca e completa Criadores Grain Free com frango est\u00e1 especialmente pensada para gatos adultos, a partir dos 12 meses de idade. A sua equilibrada f\u00f3rmula &#8230;<\/p>\n","protected":false},"featured_media":1704,"comment_status":"open","ping_status":"closed","template":"","meta":{"_acf_changed":false},"product_brand":[],"product_cat":[105,111,107],"product_tag":[],"class_list":{"0":"post-2177","1":"product","2":"type-product","3":"status-publish","4":"has-post-thumbnail","6":"product_cat-alimentacao-seca-pt","7":"product_cat-gatos","8":"product_cat-grain-free-gato-pt-pt","10":"first","11":"instock","12":"shipping-taxable","13":"product-type-simple"},"acf":[],"_links":{"self":[{"href":"https:\/\/www.criadores.es\/pt-pt\/wp-json\/wp\/v2\/product\/2177","targetHints":{"allow":["GET"]}}],"collection":[{"href":"https:\/\/www.criadores.es\/pt-pt\/wp-json\/wp\/v2\/product"}],"about":[{"href":"https:\/\/www.criadores.es\/pt-pt\/wp-json\/wp\/v2\/types\/product"}],"replies":[{"embeddable":true,"href":"https:\/\/www.criadores.es\/pt-pt\/wp-json\/wp\/v2\/comments?post=2177"}],"wp:featuredmedia":[{"embeddable":true,"href":"https:\/\/www.criadores.es\/pt-pt\/wp-json\/wp\/v2\/media\/1704"}],"wp:attachment":[{"href":"https:\/\/www.criadores.es\/pt-pt\/wp-json\/wp\/v2\/media?parent=2177"}],"wp:term":[{"taxonomy":"product_brand","embeddable":true,"href":"https:\/\/www.criadores.es\/pt-pt\/wp-json\/wp\/v2\/product_brand?post=2177"},{"taxonomy":"product_cat","embeddable":true,"href":"https:\/\/www.criadores.es\/pt-pt\/wp-json\/wp\/v2\/product_cat?post=2177"},{"taxonomy":"product_tag","embeddable":true,"href":"https:\/\/www.criadores.es\/pt-pt\/wp-json\/wp\/v2\/product_tag?post=2177"}],"curies":[{"name":"wp","href":"https:\/\/api.w.org\/{rel}","templated":true}]}}