{"id":2178,"date":"2025-02-10T17:34:32","date_gmt":"2025-02-10T16:34:32","guid":{"rendered":"https:\/\/www.criadores.es\/producto\/criadores-dietetic-renal-comida-humida-para-gatos\/"},"modified":"2025-06-12T15:15:47","modified_gmt":"2025-06-12T13:15:47","slug":"criadores-dietetic-renal-comida-humida-para-gatos","status":"publish","type":"product","link":"https:\/\/www.criadores.es\/pt-pt\/producto\/criadores-dietetic-renal-comida-humida-para-gatos\/","title":{"rendered":"Criadores Dietetic Renal comida h\u00famida para gatos"},"content":{"rendered":"<h2>Alimento h\u00famido Criadores para gatos com insufici\u00eancia renal cr\u00f3nica<\/h2>\n<p>O alimento h\u00famido Criadores Renal \u00e9 uma <strong>comida diet\u00e9tica completa<\/strong>, desenhada especialmente para gatos com insufici\u00eancia renal cr\u00f3nica. Formulada por veterin\u00e1rios, esta dieta <strong>suporta a fun\u00e7\u00e3o renal<\/strong>, garantindo uma nutri\u00e7\u00e3o de qualidade que zela pela sa\u00fade do seu felino.<\/p>\n<p>Composto por <strong>32% de frango e 15% de vitela<\/strong>, este alimento incorpora ainda milhete, um cereal energ\u00e9tico e nutritivo, rico em vitaminas (principalmente do grupo B) e minerais. O \u00f3leo de c\u00e1rtamo, presente na composi\u00e7\u00e3o, \u00e9 <strong>rico em \u00f3mega 6<\/strong>, melhorando a sa\u00fade da pele e do pelo. Uma das principais caracter\u00edsticas deste alimento \u00e9 o seu baixo teor de f\u00f3sforo e prote\u00ednas controladas, assegurando uma melhor fun\u00e7\u00e3o renal.<\/p>\n<p>Oferecer uma <strong>alimenta\u00e7\u00e3o de qualidade adaptada \u00e0s necessidades<\/strong> do seu gato \u00e9 crucial para manter a sa\u00fade dos seus rins. As prote\u00ednas de alta qualidade e a redu\u00e7\u00e3o de f\u00f3sforo s\u00e3o vitais para <strong>apoiar a funcionalidade renal<\/strong>. Para al\u00e9m de todos os benef\u00edcios nutricionais, o sabor e textura desta comida s\u00e3o irresist\u00edveis para o seu felino. \u00c9 essencial estar atento aos <strong>sinais de insufici\u00eancia renal<\/strong> cr\u00f3nica para a detectar atempadamente: maior consumo de \u00e1gua, aumento da urina\u00e7\u00e3o, perda de apetite, e em est\u00e1gios mais avan\u00e7ados, diarreia, anemia e sintomas neurol\u00f3gicos.<\/p>\n<p><strong><em>O alimento h\u00famido Criadores Renal \u00e9 concebido para promover a sa\u00fade renal do seu gato.<\/em><\/strong><\/p>\n<p><em>Desde a data de rece\u00e7\u00e3o, garante-se um prazo de 3 meses at\u00e9 ao vencimento da data de validade. No caso de produtos l\u00e1cteos e ra\u00e7\u00e3o org\u00e2nica, o prazo \u00e9 de 1 m\u00eas.<\/em><\/p>\n","protected":false},"excerpt":{"rendered":"<p>Receita natural para gatos com insufici\u00eancia renal cr\u00f3nica e que necessitam de uma dieta com nutrientes f\u00e1ceis de assimilar para proteger os rins<\/p>\n","protected":false},"featured_media":1625,"comment_status":"open","ping_status":"closed","template":"","meta":{"_acf_changed":false},"product_brand":[],"product_cat":[110,108,111],"product_tag":[],"class_list":{"0":"post-2178","1":"product","2":"type-product","3":"status-publish","4":"has-post-thumbnail","6":"product_cat-comida-humida-pt","7":"product_cat-dietas-veterinarias-gato-pt-pt","8":"product_cat-gatos","10":"first","11":"instock","12":"shipping-taxable","13":"product-type-simple"},"acf":[],"_links":{"self":[{"href":"https:\/\/www.criadores.es\/pt-pt\/wp-json\/wp\/v2\/product\/2178","targetHints":{"allow":["GET"]}}],"collection":[{"href":"https:\/\/www.criadores.es\/pt-pt\/wp-json\/wp\/v2\/product"}],"about":[{"href":"https:\/\/www.criadores.es\/pt-pt\/wp-json\/wp\/v2\/types\/product"}],"replies":[{"embeddable":true,"href":"https:\/\/www.criadores.es\/pt-pt\/wp-json\/wp\/v2\/comments?post=2178"}],"wp:featuredmedia":[{"embeddable":true,"href":"https:\/\/www.criadores.es\/pt-pt\/wp-json\/wp\/v2\/media\/1625"}],"wp:attachment":[{"href":"https:\/\/www.criadores.es\/pt-pt\/wp-json\/wp\/v2\/media?parent=2178"}],"wp:term":[{"taxonomy":"product_brand","embeddable":true,"href":"https:\/\/www.criadores.es\/pt-pt\/wp-json\/wp\/v2\/product_brand?post=2178"},{"taxonomy":"product_cat","embeddable":true,"href":"https:\/\/www.criadores.es\/pt-pt\/wp-json\/wp\/v2\/product_cat?post=2178"},{"taxonomy":"product_tag","embeddable":true,"href":"https:\/\/www.criadores.es\/pt-pt\/wp-json\/wp\/v2\/product_tag?post=2178"}],"curies":[{"name":"wp","href":"https:\/\/api.w.org\/{rel}","templated":true}]}}