{"id":2179,"date":"2025-02-11T16:13:05","date_gmt":"2025-02-11T15:13:05","guid":{"rendered":"https:\/\/www.criadores.es\/producto\/criadores-grain-free-salmao-racao-gatos-sem-gluten\/"},"modified":"2025-06-12T13:34:22","modified_gmt":"2025-06-12T11:34:22","slug":"criadores-grain-free-salmao-racao-gatos-sem-gluten","status":"publish","type":"product","link":"https:\/\/www.criadores.es\/pt-pt\/producto\/criadores-grain-free-salmao-racao-gatos-sem-gluten\/","title":{"rendered":"Criadores Grain Free Salm\u00e3o ra\u00e7\u00e3o gatos sem gl\u00faten"},"content":{"rendered":"<h2><strong>Alimento completo sem gl\u00faten nem cereais, para gatos adultos<\/strong><\/h2>\n<p style=\"text-align: justify;\">A ra\u00e7\u00e3o <strong>Criadores Grain Free com salm\u00e3o <\/strong>\u00e9 um alimento completo e equilibrado indicado, especialmente, para gatos adultos a partir dos 12 meses de idade de qualquer ra\u00e7a ou condi\u00e7\u00e3o. A sua f\u00f3rmula est\u00e1 selecionada com ingredientes de alta qualidade que aportam todos os <strong>nutrientes, vitaminas e minerais essenciais<\/strong> para a manuten\u00e7\u00e3o da vitalidade e para ter uma sa\u00fade geral em boas condi\u00e7\u00f5es. Inclui um 30% de salm\u00e3o fresco e nada de gl\u00faten ou cereais.<\/p>\n<p style=\"text-align: justify;\">Este alimento sem gr\u00e3os para gatos inclui na sua receita <strong>prebi\u00f3ticos (MOS FOS) <\/strong>para que a sua sa\u00fade digestiva seja otimizada, j\u00e1 que consegue com que as digest\u00f5es sejam melhores. Os croquetes secos deste alimento tamb\u00e9m ajudam na digest\u00e3o j\u00e1 que s\u00e3o totalmente <strong>digest\u00edveis e muito saborosos<\/strong>. O seu animal de estima\u00e7\u00e3o vai adorar o sabor do salm\u00e3o desta nutritiva ra\u00e7\u00e3o. Para al\u00e9m disso, os croquetes extrudidos favorecem a manuten\u00e7\u00e3o de uma boa sa\u00fade oral, evitando a acumula\u00e7\u00e3o de t\u00e1rtaro nos dentes.<\/p>\n<p style=\"text-align: justify;\">A ra\u00e7\u00e3o Criadores Grain Free com salm\u00e3o incorpora na sua receita <strong>\u00e1cidos gordos essenciais<\/strong> para que a pele do seu animal de estima\u00e7\u00e3o esteja hidratada e nutrida e o seu pelo mostre sa\u00fade e brilho. Tamb\u00e9m selecionam as vitaminas e minerais necess\u00e1rios para <strong>refor\u00e7ar o seu sistema imunit\u00e1rio<\/strong> e mant\u00ea-lo livre de doen\u00e7as e com um estado de sa\u00fade ideal. Os gatos costumam ter muita vitalidade e atividade na sua rotina di\u00e1ria, por isso \u00e9 muito importante oferece-lhes uma alimenta\u00e7\u00e3o que cubra todas as suas necessidades nutricionais para que se mantenham \u00e1geis e felizes durante todo o dia.<\/p>\n<p style=\"text-align: justify;\">Com o alimento Criadores, de fabrica\u00e7\u00e3o espanhola, dar\u00e1 qualidade ao seu gato, j\u00e1 que \u00e9 <strong>elaborada com os melhores ingredientes<\/strong> selecionados por veterin\u00e1rios especialistas na sa\u00fade e o bem-estar dos animais de estima\u00e7\u00e3o. A gama de ra\u00e7\u00f5es Criadores para <strong>gatos \u00e9 vendida exclusivamente em Tiendanimal<\/strong>, e a sua f\u00f3rmula faz com que este alimento seja muito saboroso, digest\u00edvel e que cuide da manuten\u00e7\u00e3o da vitalidade de cada gato, independentemente da ra\u00e7a e da condi\u00e7\u00e3o.<\/p>\n<p align=\"center\"><strong><em>Ajude o seu gato a manter a sua vitalidade e sa\u00fade com a saborosa ra\u00e7\u00e3o Criadores Grain Free com salm\u00e3o. <\/em><\/strong><\/p>\n<p><em>A partir da data em que os receber, \u00e9 garantido um prazo de 3 meses antes do fim da data de validade, ou de 1 m\u00eas no caso dos produtos l\u00e1cteos e a ra\u00e7\u00e3o org\u00e2nica.<\/em><\/p>\n","protected":false},"excerpt":{"rendered":"<p>A ra\u00e7\u00e3o Criadores Grain Free com salm\u00e3o, \u00e9 um alimento completo e equilibrado indicado especialmente para gatos adultos a partir dos 12 meses de idade de qualquer ra\u00e7a ou condi\u00e7\u00e3o.<\/p>\n","protected":false},"featured_media":1699,"comment_status":"open","ping_status":"closed","template":"","meta":{"_acf_changed":false},"product_brand":[],"product_cat":[105,111,107],"product_tag":[],"class_list":{"0":"post-2179","1":"product","2":"type-product","3":"status-publish","4":"has-post-thumbnail","6":"product_cat-alimentacao-seca-pt","7":"product_cat-gatos","8":"product_cat-grain-free-gato-pt-pt","10":"first","11":"instock","12":"shipping-taxable","13":"product-type-simple"},"acf":[],"_links":{"self":[{"href":"https:\/\/www.criadores.es\/pt-pt\/wp-json\/wp\/v2\/product\/2179","targetHints":{"allow":["GET"]}}],"collection":[{"href":"https:\/\/www.criadores.es\/pt-pt\/wp-json\/wp\/v2\/product"}],"about":[{"href":"https:\/\/www.criadores.es\/pt-pt\/wp-json\/wp\/v2\/types\/product"}],"replies":[{"embeddable":true,"href":"https:\/\/www.criadores.es\/pt-pt\/wp-json\/wp\/v2\/comments?post=2179"}],"wp:featuredmedia":[{"embeddable":true,"href":"https:\/\/www.criadores.es\/pt-pt\/wp-json\/wp\/v2\/media\/1699"}],"wp:attachment":[{"href":"https:\/\/www.criadores.es\/pt-pt\/wp-json\/wp\/v2\/media?parent=2179"}],"wp:term":[{"taxonomy":"product_brand","embeddable":true,"href":"https:\/\/www.criadores.es\/pt-pt\/wp-json\/wp\/v2\/product_brand?post=2179"},{"taxonomy":"product_cat","embeddable":true,"href":"https:\/\/www.criadores.es\/pt-pt\/wp-json\/wp\/v2\/product_cat?post=2179"},{"taxonomy":"product_tag","embeddable":true,"href":"https:\/\/www.criadores.es\/pt-pt\/wp-json\/wp\/v2\/product_tag?post=2179"}],"curies":[{"name":"wp","href":"https:\/\/api.w.org\/{rel}","templated":true}]}}