{"id":2180,"date":"2025-02-14T12:13:11","date_gmt":"2025-02-14T11:13:11","guid":{"rendered":"https:\/\/www.criadores.es\/producto\/criadores-adulto-gastrointestinal-em-lata-para-gatos\/"},"modified":"2025-06-11T14:05:57","modified_gmt":"2025-06-11T12:05:57","slug":"criadores-adulto-gastrointestinal-em-lata-para-gatos","status":"publish","type":"product","link":"https:\/\/www.criadores.es\/pt-pt\/producto\/criadores-adulto-gastrointestinal-em-lata-para-gatos\/","title":{"rendered":"Criadores Adulto Gastrointestinal em lata para gatos"},"content":{"rendered":"<h2>Alimento h\u00famido diet\u00e9tico Criadores para gatos com problemas digestivos<\/h2>\n<p>O alimento h\u00famido Criadores Gastrointestinal para gatos \u00e9 uma <strong>comida diet\u00e9tica completa e equilibrada<\/strong> desenvolvida para favorecer uma boa digest\u00e3o e reduzir problemas digestivos. Um excelente <strong>alimento para gatos com o est\u00f4mago sens\u00edvel<\/strong> e para administrar em per\u00edodos de diarreia aguda e convalescen\u00e7a.<\/p>\n<p>Criadores Gastrointestinal \u00e9 um alimento h\u00famido que reduz transtornos agudos da absor\u00e7\u00e3o intestinal e ajuda a compensar altera\u00e7\u00f5es na digest\u00e3o. A sua f\u00f3rmula adaptada torna-o um alimento baixo em gorduras com maior teor de eletr\u00f3litos. Al\u00e9m disso, incorpora<strong> ingredientes de f\u00e1cil digest\u00e3o<\/strong> que promovem a sa\u00fade digestiva e facilitam a absor\u00e7\u00e3o. A <strong>receita \u00e9 monoproteica<\/strong>, utiliza uma \u00fanica fonte de prote\u00edna animal que prov\u00e9m do ingrediente principal: o peru; isso faz com que seja muito melhor aceite e se reduzam as possibilidades de intoler\u00e2ncias ou alergias ao alimento.<\/p>\n<p>O alimento h\u00famido Criadores Gastrointestinal \u00e9 elaborado com <strong>50% de peru e 12% de batata,<\/strong> dois ingredientes f\u00e1ceis de digerir que ajudam ao bom funcionamento do aparelho digestivo. Tamb\u00e9m incorpora <strong>\u00f3leo de c\u00e1rtamo,<\/strong> rico em omega 6 para contribuir para o cuidado da pele e do pelo. Definitivamente, \u00e9 um alimento para gatos com problemas digestivos formulado por veterin\u00e1rios para cuidar da sa\u00fade do seu felino.<\/p>\n<p><strong>O alimento h\u00famido Criadores Gastrointestinal cuida da sa\u00fade digestiva tornando-se num alimento baixo em gorduras para o seu gato com uma saborosa receita de peru e batata.<\/strong><\/p>\n<p>A partir da data em que recebe o seu produto, garante-se um prazo de 3 meses antes do vencimento da sua data de validade, ou de 1 m\u00eas no caso dos produtos l\u00e1cteos e do alimento biol\u00f3gico.<\/p>\n","protected":false},"excerpt":{"rendered":"<p>Os alimentos para gatos com problemas digestivos foram concebidos para promover uma boa digest\u00e3o e proporcionar uma refei\u00e7\u00e3o equilibrada.<\/p>\n","protected":false},"featured_media":2044,"comment_status":"open","ping_status":"closed","template":"","meta":{"_acf_changed":false},"product_brand":[],"product_cat":[110,108,111],"product_tag":[],"class_list":{"0":"post-2180","1":"product","2":"type-product","3":"status-publish","4":"has-post-thumbnail","6":"product_cat-comida-humida-pt","7":"product_cat-dietas-veterinarias-gato-pt-pt","8":"product_cat-gatos","10":"first","11":"instock","12":"shipping-taxable","13":"product-type-simple"},"acf":[],"_links":{"self":[{"href":"https:\/\/www.criadores.es\/pt-pt\/wp-json\/wp\/v2\/product\/2180","targetHints":{"allow":["GET"]}}],"collection":[{"href":"https:\/\/www.criadores.es\/pt-pt\/wp-json\/wp\/v2\/product"}],"about":[{"href":"https:\/\/www.criadores.es\/pt-pt\/wp-json\/wp\/v2\/types\/product"}],"replies":[{"embeddable":true,"href":"https:\/\/www.criadores.es\/pt-pt\/wp-json\/wp\/v2\/comments?post=2180"}],"wp:featuredmedia":[{"embeddable":true,"href":"https:\/\/www.criadores.es\/pt-pt\/wp-json\/wp\/v2\/media\/2044"}],"wp:attachment":[{"href":"https:\/\/www.criadores.es\/pt-pt\/wp-json\/wp\/v2\/media?parent=2180"}],"wp:term":[{"taxonomy":"product_brand","embeddable":true,"href":"https:\/\/www.criadores.es\/pt-pt\/wp-json\/wp\/v2\/product_brand?post=2180"},{"taxonomy":"product_cat","embeddable":true,"href":"https:\/\/www.criadores.es\/pt-pt\/wp-json\/wp\/v2\/product_cat?post=2180"},{"taxonomy":"product_tag","embeddable":true,"href":"https:\/\/www.criadores.es\/pt-pt\/wp-json\/wp\/v2\/product_tag?post=2180"}],"curies":[{"name":"wp","href":"https:\/\/api.w.org\/{rel}","templated":true}]}}