{"id":2182,"date":"2025-02-13T09:12:14","date_gmt":"2025-02-13T08:12:14","guid":{"rendered":"https:\/\/www.criadores.es\/producto\/criadores-adulto-grain-free-borrego-racao-para-caes-de-porte-medio-e-grande\/"},"modified":"2025-06-12T12:50:28","modified_gmt":"2025-06-12T10:50:28","slug":"criadores-adulto-grain-free-borrego-racao-para-caes-de-porte-medio-e-grande","status":"publish","type":"product","link":"https:\/\/www.criadores.es\/pt-pt\/producto\/criadores-adulto-grain-free-borrego-racao-para-caes-de-porte-medio-e-grande\/","title":{"rendered":"Criadores Adulto Grain Free Borrego ra\u00e7\u00e3o para c\u00e3es de porte m\u00e9dio e grande"},"content":{"rendered":"<h2>Ra\u00e7\u00e3o para c\u00e3es Criadores Grain Free com cordeiro fresco<\/h2>\n<p>A ra\u00e7\u00e3o Criadores Grain Free Cordeiro \u00e9 um alimento completo e equilibrado para c\u00e3es adultos de ra\u00e7as m\u00e9dias e grandes. A sua f\u00f3rmula oferece uma<strong> nutri\u00e7\u00e3o de excel\u00eancia a partir de ingredientes<\/strong> <strong>naturais<\/strong> de alta qualidade. Mais ainda, \u00e9 uma <strong>ra\u00e7\u00e3o livre de cereais e soja<\/strong>, tornando-se uma excelente escolha para c\u00e3es com intoler\u00e2ncias ou alergias e para os que t\u00eam o est\u00f4mago mais sens\u00edvel.<\/p>\n<p>Esta ra\u00e7\u00e3o cont\u00e9m <strong>53,5% de carne e 46,5% de vegetais, frutas e ervas arom\u00e1ticas<\/strong>. Esta combina\u00e7\u00e3o fornece toda a energia e vitalidade de que os c\u00e3es necessitam diariamente, promovendo a sua sa\u00fade. Devido \u00e0 alta percentagem de carne fresca de cordeiro, os croquetes apresentam um sabor natural e irresist\u00edvel. Trata-se de um<strong> alimento biologicamente adaptado<\/strong> com um equil\u00edbrio apropriado de prote\u00ednas, gorduras e hidratos de carbono. Os ingredientes selecionados potenciam a absor\u00e7\u00e3o de nutrientes e asseguram uma<strong> digest\u00e3o excelente<\/strong>.<\/p>\n<p>O <strong>cordeiro fresco<\/strong> \u00e9 uma fonte rica em sabor e com prote\u00ednas de elevado valor biol\u00f3gico, contendo tamb\u00e9m vitaminas do grupo B e minerais. A receita inclui ainda batata, ervilhas, cenouras, ab\u00f3bora, mirtilos, spirulina, geleia real, alecrim&#8230; Super alimentos com propriedades extremamente ben\u00e9ficas para a sa\u00fade: s\u00e3o ricos em vitaminas, minerais, prote\u00ednas, t\u00eam efeito antioxidante, anti-inflamat\u00f3rio, fornecem energia e refor\u00e7am o sistema imunit\u00e1rio. A ra\u00e7\u00e3o \u00e9 enriquecida com <strong>glucosamina e condroitina<\/strong> para apoiar as articula\u00e7\u00f5es dos c\u00e3es de ra\u00e7as grandes.<\/p>\n<p><strong>Criadores Grain Free<\/strong> utiliza apenas antioxidantes naturais, sem aditivos artificiais ou organismos geneticamente modificados. Os seus produtos<strong> n\u00e3o s\u00e3o testados em animais<\/strong>.<\/p>\n<p><strong><em>Criadores Grain Free Cordeiro \u00e9 uma ra\u00e7\u00e3o com muita carne fresca, verduras e frutas que cuida da sa\u00fade do seu c\u00e3o.<\/em><\/strong><\/p>\n<p><em>A partir da data em que os receber, \u00e9 garantido um prazo de 3 meses antes do fim da data de validade, ou de 1 m\u00eas no caso dos produtos l\u00e1cteos e da ra\u00e7\u00e3o org\u00e2nica.<\/em><\/p>\n","protected":false},"excerpt":{"rendered":"<p>Criadores Grain Free Cordeiro \u00e9 uma ra\u00e7\u00e3o completa e equilibrada para c\u00e3es adultos de ra\u00e7as m\u00e9dias e grandes.<\/p>\n","protected":false},"featured_media":1812,"comment_status":"open","ping_status":"closed","template":"","meta":{"_acf_changed":false},"product_brand":[],"product_cat":[99,92,97],"product_tag":[],"class_list":{"0":"post-2182","1":"product","2":"type-product","3":"status-publish","4":"has-post-thumbnail","6":"product_cat-alimentacao-seca","7":"product_cat-cao","8":"product_cat-grain-free-pt-pt","10":"first","11":"instock","12":"shipping-taxable","13":"product-type-simple"},"acf":[],"_links":{"self":[{"href":"https:\/\/www.criadores.es\/pt-pt\/wp-json\/wp\/v2\/product\/2182","targetHints":{"allow":["GET"]}}],"collection":[{"href":"https:\/\/www.criadores.es\/pt-pt\/wp-json\/wp\/v2\/product"}],"about":[{"href":"https:\/\/www.criadores.es\/pt-pt\/wp-json\/wp\/v2\/types\/product"}],"replies":[{"embeddable":true,"href":"https:\/\/www.criadores.es\/pt-pt\/wp-json\/wp\/v2\/comments?post=2182"}],"wp:featuredmedia":[{"embeddable":true,"href":"https:\/\/www.criadores.es\/pt-pt\/wp-json\/wp\/v2\/media\/1812"}],"wp:attachment":[{"href":"https:\/\/www.criadores.es\/pt-pt\/wp-json\/wp\/v2\/media?parent=2182"}],"wp:term":[{"taxonomy":"product_brand","embeddable":true,"href":"https:\/\/www.criadores.es\/pt-pt\/wp-json\/wp\/v2\/product_brand?post=2182"},{"taxonomy":"product_cat","embeddable":true,"href":"https:\/\/www.criadores.es\/pt-pt\/wp-json\/wp\/v2\/product_cat?post=2182"},{"taxonomy":"product_tag","embeddable":true,"href":"https:\/\/www.criadores.es\/pt-pt\/wp-json\/wp\/v2\/product_tag?post=2182"}],"curies":[{"name":"wp","href":"https:\/\/api.w.org\/{rel}","templated":true}]}}