{"id":2183,"date":"2025-02-13T10:32:29","date_gmt":"2025-02-13T09:32:29","guid":{"rendered":"https:\/\/www.criadores.es\/producto\/criadores-grain-free-peru-racao-para-cachorros\/"},"modified":"2025-06-11T15:52:07","modified_gmt":"2025-06-11T13:52:07","slug":"criadores-grain-free-peru-racao-para-cachorros","status":"publish","type":"product","link":"https:\/\/www.criadores.es\/pt-pt\/producto\/criadores-grain-free-peru-racao-para-cachorros\/","title":{"rendered":"Criadores Grain Free Peru ra\u00e7\u00e3o para cachorros"},"content":{"rendered":"<h2>Comida para cachorros Criadores Grain Free com peru fresco<\/h2>\n<p>A ra\u00e7\u00e3o Criadores Grain Free Peru \u00e9 um alimento completo e equilibrado para cachorros de todas as ra\u00e7as e tamanho; tamb\u00e9m para f\u00eameas gestantes e\/ou em per\u00edodo de amamenta\u00e7\u00e3o. A sua f\u00f3rmula \u00e9 <strong>alta em energia<\/strong> e aporta in\u00fameros nutrientes, vitaminas e minerais para um desenvolvimento e um crescimento \u00f3timos. Utiliza <strong>ingredientes naturais selecionados de alta qualidade<\/strong>, incluindo um alto conte\u00fado de carne fresca que lhe oferece aos croquetes um sabor intenso e irresist\u00edvel.<\/p>\n<p>Criadores Grain Free est\u00e1 formulada para satisfazer as necessidades nutricionais dos cachorros em crescimento para evitar qualquer tipo de d\u00e9ficit na sua alimenta\u00e7\u00e3o. \u00c9 um alimento biologicamente adaptado que oferece todas as prote\u00ednas, gorduras e hidratos de carbono na propor\u00e7\u00e3o adequada. Incorpora <strong>58% de carne e 42% de frutas, verduras e ervas-arom\u00e1ticas<\/strong>; o ingrediente principal \u00e9 o peru fresco, acompanhado de frango, batata, ervilhas, cenouras, ab\u00f3bora, mirtilos, alecrim&#8230;<\/p>\n<p>Esta ra\u00e7\u00e3o para cachorros tamb\u00e9m cont\u00e9m <strong>geleia real, <strong>spirulina e leveduras<\/strong><\/strong><strong>.<\/strong> A geleia real e as leveduras s\u00e3o ricas em vitaminas e ajudam a refor\u00e7ar o sistema imunol\u00f3gico; a spirulina \u00e9 rica em prote\u00ednas, vitaminas e minerais e tem um potente efeito antioxidante. A receita adiciona \u00f3leo de peixe, rico em <strong>\u00e1cidos gordos \u00f3mega 3<\/strong> para manter a pele e o pelo saud\u00e1veis.<\/p>\n<p>A gama <strong>Criadores <strong>Grain Free<\/strong><\/strong>, al\u00e9m de n\u00e3o utilizar cereais, tampouco utiliza aditivos artificiais nem organismos geneticamente modificados.<\/p>\n<p><strong><em>Cuide da alimenta\u00e7\u00e3o do seu cachorro para que cres\u00e7a forte e saud\u00e1vel com a ra\u00e7\u00e3o Criadores Grain Free Peru.<\/em><\/strong><\/p>\n<p><em>A partir da data em que os receba \u00e9 garantido um prazo de 3 meses antes do vencimento da data de validade, ou de 1 m\u00eas no caso dos produtos l\u00b4cteos e a ra\u00e7\u00e3o ecol\u00f3gica.<\/em><\/p>\n","protected":false},"excerpt":{"rendered":"<p>Ra\u00e7\u00e3o sem gl\u00faten para cachorros a partir dos dois meses de idade. O seu c\u00e3o crescer\u00e1 forte e saud\u00e1vel gra\u00e7as aos seus ingredientes naturais, 30% de peru, frutas e legumes.<\/p>\n","protected":false},"featured_media":1838,"comment_status":"open","ping_status":"closed","template":"","meta":{"_acf_changed":false},"product_brand":[],"product_cat":[99,92,97],"product_tag":[],"class_list":{"0":"post-2183","1":"product","2":"type-product","3":"status-publish","4":"has-post-thumbnail","6":"product_cat-alimentacao-seca","7":"product_cat-cao","8":"product_cat-grain-free-pt-pt","10":"first","11":"instock","12":"shipping-taxable","13":"product-type-simple"},"acf":[],"_links":{"self":[{"href":"https:\/\/www.criadores.es\/pt-pt\/wp-json\/wp\/v2\/product\/2183","targetHints":{"allow":["GET"]}}],"collection":[{"href":"https:\/\/www.criadores.es\/pt-pt\/wp-json\/wp\/v2\/product"}],"about":[{"href":"https:\/\/www.criadores.es\/pt-pt\/wp-json\/wp\/v2\/types\/product"}],"replies":[{"embeddable":true,"href":"https:\/\/www.criadores.es\/pt-pt\/wp-json\/wp\/v2\/comments?post=2183"}],"wp:featuredmedia":[{"embeddable":true,"href":"https:\/\/www.criadores.es\/pt-pt\/wp-json\/wp\/v2\/media\/1838"}],"wp:attachment":[{"href":"https:\/\/www.criadores.es\/pt-pt\/wp-json\/wp\/v2\/media?parent=2183"}],"wp:term":[{"taxonomy":"product_brand","embeddable":true,"href":"https:\/\/www.criadores.es\/pt-pt\/wp-json\/wp\/v2\/product_brand?post=2183"},{"taxonomy":"product_cat","embeddable":true,"href":"https:\/\/www.criadores.es\/pt-pt\/wp-json\/wp\/v2\/product_cat?post=2183"},{"taxonomy":"product_tag","embeddable":true,"href":"https:\/\/www.criadores.es\/pt-pt\/wp-json\/wp\/v2\/product_tag?post=2183"}],"curies":[{"name":"wp","href":"https:\/\/api.w.org\/{rel}","templated":true}]}}