{"id":2184,"date":"2025-02-13T15:47:33","date_gmt":"2025-02-13T14:47:33","guid":{"rendered":"https:\/\/www.criadores.es\/producto\/criadores-dietetic-urinary-adulto-racao-gatos\/"},"modified":"2025-06-11T15:09:52","modified_gmt":"2025-06-11T13:09:52","slug":"criadores-dietetic-urinary-adulto-racao-gatos","status":"publish","type":"product","link":"https:\/\/www.criadores.es\/pt-pt\/producto\/criadores-dietetic-urinary-adulto-racao-gatos\/","title":{"rendered":"Criadores Dietetic Urinary Adulto ra\u00e7\u00e3o gatos"},"content":{"rendered":"<h2>Alimento para gatos com predisposi\u00e7\u00e3o a c\u00e1lculos renais: Criadores Urinary<\/h2>\n<p>A ra\u00e7\u00e3o Criadores Dietetic Urinary \u00e9 uma dieta completa formulada especialmente para ajudar na <strong>dissolu\u00e7\u00e3o dos c\u00e1lculos<\/strong> de estruvita ou fosfatos inorg\u00e2nicos e minimizar a sua recorr\u00eancia. Esta receita tem como objetivo potenciar a <strong>sa\u00fade urin\u00e1ria dos gatos<\/strong> que enfrentam estes desafios, elevando o seu bem-estar. Al\u00e9m disso, a sua formula\u00e7\u00e3o, desenvolvida por veterin\u00e1rios especializados, tamb\u00e9m beneficia a sa\u00fade digestiva e articular do animal.<\/p>\n<p>Criadores Dietetic Urinary fornece uma <strong>nutri\u00e7\u00e3o completa e equilibrada<\/strong> para o seu gato. \u00c9 composta por 25% de frango desidratado e arroz, complementada com ingredientes ben\u00e9ficos como cal\u00eandula, leveduras, prebi\u00f3ticos e condroprotetores. A ra\u00e7\u00e3o tem subst\u00e2ncias que acidificam a urina e um teor reduzido de magn\u00e9sio, contribuindo para a dissolu\u00e7\u00e3o dos c\u00e1lculos renais, formando assim uma combina\u00e7\u00e3o ideal para tratar este problema e garantir uma recupera\u00e7\u00e3o eficaz.<\/p>\n<p>A formula\u00e7\u00e3o de Criadores Urinary apoia uma digest\u00e3o saud\u00e1vel devido aos seus <strong>ingredientes criteriosamente selecionados<\/strong>, que facilitam a absor\u00e7\u00e3o de nutrientes e melhoram a fun\u00e7\u00e3o intestinal. A cal\u00eandula tem propriedades regenerativas e anti-inflamat\u00f3rias. As leveduras, ricas em vitamina B e minerais, ajudam a fortificar o pelo e fortalecer o sistema imunit\u00e1rio. J\u00e1 a glucosamina e a condroitina s\u00e3o essenciais para a <strong>sa\u00fade das cartilagens e articula\u00e7\u00f5es<\/strong>. Adicionalmente, o \u00f3leo de peixe garante uma pele saud\u00e1vel e um pelo com brilho.<\/p>\n<p><strong><em>Proteja o sistema urin\u00e1rio do seu felino e minimize os c\u00e1lculos com a ra\u00e7\u00e3o Criadores Dietetic Urinary.<\/em><\/strong><\/p>\n<p><em>Ap\u00f3s a data de rece\u00e7\u00e3o, assegura-se um prazo de 3 meses at\u00e9 o vencimento da data de validade. Para produtos l\u00e1cteos e ra\u00e7\u00f5es org\u00e2nicas, o prazo \u00e9 de 1 m\u00eas.<\/em><\/p>\n","protected":false},"excerpt":{"rendered":"<p>A ra\u00e7\u00e3o Criadores Dietetic Urinary \u00e9 um alimento diet\u00e9tico completo, formulado para facilitar a dissolu\u00e7\u00e3o dos c\u00e1lculos de estruvita ou fosfatos inor\u00e2nicos, e para evitar que reapare\u00e7am.<\/p>\n<p><a class=\"js-gtm-banner-item\" href=\"https:\/\/www.tiendanimal.pt\/promocoes\/mime-o-seu-animal\/\" data-gtm-creative-slot=\"1\" data-gtm-creative-name=\"ta-banner-product\" data-gtm-promotion-id=\"banner_alimentacion_seca_humeda_pt\" data-gtm-promotion-name=\"banner_alimentacion_seca_humeda_pt\"><img decoding=\"async\" style=\"object-fit: cover; width: 100%;\" title=\"\" src=\"images\/Banners\/banner_alimentacion_seca_humeda_pt.jpg?$staticlink$\" alt=\"\" \/><\/a><\/p>\n","protected":false},"featured_media":2653,"comment_status":"open","ping_status":"closed","template":"","meta":{"_acf_changed":false},"product_brand":[],"product_cat":[105,108,111],"product_tag":[],"class_list":{"0":"post-2184","1":"product","2":"type-product","3":"status-publish","4":"has-post-thumbnail","6":"product_cat-alimentacao-seca-pt","7":"product_cat-dietas-veterinarias-gato-pt-pt","8":"product_cat-gatos","10":"first","11":"instock","12":"shipping-taxable","13":"product-type-simple"},"acf":[],"_links":{"self":[{"href":"https:\/\/www.criadores.es\/pt-pt\/wp-json\/wp\/v2\/product\/2184","targetHints":{"allow":["GET"]}}],"collection":[{"href":"https:\/\/www.criadores.es\/pt-pt\/wp-json\/wp\/v2\/product"}],"about":[{"href":"https:\/\/www.criadores.es\/pt-pt\/wp-json\/wp\/v2\/types\/product"}],"replies":[{"embeddable":true,"href":"https:\/\/www.criadores.es\/pt-pt\/wp-json\/wp\/v2\/comments?post=2184"}],"wp:featuredmedia":[{"embeddable":true,"href":"https:\/\/www.criadores.es\/pt-pt\/wp-json\/wp\/v2\/media\/2653"}],"wp:attachment":[{"href":"https:\/\/www.criadores.es\/pt-pt\/wp-json\/wp\/v2\/media?parent=2184"}],"wp:term":[{"taxonomy":"product_brand","embeddable":true,"href":"https:\/\/www.criadores.es\/pt-pt\/wp-json\/wp\/v2\/product_brand?post=2184"},{"taxonomy":"product_cat","embeddable":true,"href":"https:\/\/www.criadores.es\/pt-pt\/wp-json\/wp\/v2\/product_cat?post=2184"},{"taxonomy":"product_tag","embeddable":true,"href":"https:\/\/www.criadores.es\/pt-pt\/wp-json\/wp\/v2\/product_tag?post=2184"}],"curies":[{"name":"wp","href":"https:\/\/api.w.org\/{rel}","templated":true}]}}