{"id":2186,"date":"2025-02-10T16:31:44","date_gmt":"2025-02-10T15:31:44","guid":{"rendered":"https:\/\/www.criadores.es\/producto\/criadores-adulto-obesity-racao-para-gatos\/"},"modified":"2025-06-11T17:39:53","modified_gmt":"2025-06-11T15:39:53","slug":"criadores-adulto-obesity-racao-para-gatos","status":"publish","type":"product","link":"https:\/\/www.criadores.es\/pt-pt\/producto\/criadores-adulto-obesity-racao-para-gatos\/","title":{"rendered":"Criadores Adulto Obesity ra\u00e7\u00e3o para gatos"},"content":{"rendered":"<h2>Alimento para gatos com excesso de peso: Criadores Obesity<\/h2>\n<p>A ra\u00e7\u00e3o Criadores Dietetic Obesity \u00e9 especificamente formulada para gatos, sendo um alimento diet\u00e9tico <strong>desenvolvido para combater o excesso de peso<\/strong>. Esta receita completa e equilibrada, com baixo teor cal\u00f3rico e gorduroso, facilita a perda de peso sem que o gato sinta fome. A sua composi\u00e7\u00e3o especial n\u00e3o s\u00f3 melhora a qualidade de vida do seu felino, mas tamb\u00e9m fortalece a <strong>sa\u00fade das articula\u00e7\u00f5es<\/strong> gra\u00e7as aos ingredientes criteriosamente selecionados.<\/p>\n<p>A Criadores Dietetic Obesity \u00e9 uma <strong>ra\u00e7\u00e3o com reduzido valor cal\u00f3rico ideal para gatos com tend\u00eancia a engordar<\/strong>. A combina\u00e7\u00e3o de fibras e L-carnitina promove a sensa\u00e7\u00e3o de saciedade e ajuda a converter gordura em energia, facilitando assim a perda de peso. Considerando que os gatos com sobrepeso apresentam maior press\u00e3o sobre as articula\u00e7\u00f5es, esta ra\u00e7\u00e3o \u00e9 enriquecida com <strong>glucosamina e condroitina<\/strong>, auxiliando na manuten\u00e7\u00e3o da cartilagem.<\/p>\n<p>Os principais ingredientes da ra\u00e7\u00e3o s\u00e3o <strong>frango desidratado (30%) e arroz<\/strong>. Tamb\u00e9m integram a sua composi\u00e7\u00e3o sementes de Psyllium, cal\u00eandula e <strong>\u00f3leo de peixe<\/strong>, al\u00e9m de prebi\u00f3ticos e antioxidantes naturais. Enquanto as sementes s\u00e3o uma fonte valiosa de fibras que otimizam a digest\u00e3o e o tr\u00e2nsito intestinal, a cal\u00eandula possui propriedades regenerativas e anti-inflamat\u00f3rias. O \u00f3leo de peixe, rico em <strong>\u00e1cidos gordos \u00f3mega 3<\/strong>, promove a sa\u00fade da pele e do pelo. J\u00e1 os prebi\u00f3ticos melhoram a sa\u00fade intestinal e os <strong>antioxidantes<\/strong> refor\u00e7am o sistema imunit\u00e1rio.<\/p>\n<p><strong><em>Controle o peso do seu felino com a ra\u00e7\u00e3o Criadores Dietetic Obesity para gatos.<\/em><\/strong><\/p>\n<p><em>A partir da data de rece\u00e7\u00e3o, \u00e9 garantido um prazo de 3 meses at\u00e9 ao vencimento da data de validade. Para produtos l\u00e1cteos e ra\u00e7\u00e3o org\u00e2nica, o prazo \u00e9 de 1 m\u00eas.<\/em><\/p>\n","protected":false},"excerpt":{"rendered":"<p>A ra\u00e7\u00e3o Criadores Dietetic Obesity para gatos \u00e9 um alimento diet\u00e9tico desenvolvido para reduzir o excesso de peso. Uma receita completa e equilibrada.<\/p>\n","protected":false},"featured_media":2651,"comment_status":"open","ping_status":"closed","template":"","meta":{"_acf_changed":false},"product_brand":[],"product_cat":[105,108,111],"product_tag":[],"class_list":{"0":"post-2186","1":"product","2":"type-product","3":"status-publish","4":"has-post-thumbnail","6":"product_cat-alimentacao-seca-pt","7":"product_cat-dietas-veterinarias-gato-pt-pt","8":"product_cat-gatos","10":"first","11":"instock","12":"shipping-taxable","13":"product-type-simple"},"acf":[],"_links":{"self":[{"href":"https:\/\/www.criadores.es\/pt-pt\/wp-json\/wp\/v2\/product\/2186","targetHints":{"allow":["GET"]}}],"collection":[{"href":"https:\/\/www.criadores.es\/pt-pt\/wp-json\/wp\/v2\/product"}],"about":[{"href":"https:\/\/www.criadores.es\/pt-pt\/wp-json\/wp\/v2\/types\/product"}],"replies":[{"embeddable":true,"href":"https:\/\/www.criadores.es\/pt-pt\/wp-json\/wp\/v2\/comments?post=2186"}],"wp:featuredmedia":[{"embeddable":true,"href":"https:\/\/www.criadores.es\/pt-pt\/wp-json\/wp\/v2\/media\/2651"}],"wp:attachment":[{"href":"https:\/\/www.criadores.es\/pt-pt\/wp-json\/wp\/v2\/media?parent=2186"}],"wp:term":[{"taxonomy":"product_brand","embeddable":true,"href":"https:\/\/www.criadores.es\/pt-pt\/wp-json\/wp\/v2\/product_brand?post=2186"},{"taxonomy":"product_cat","embeddable":true,"href":"https:\/\/www.criadores.es\/pt-pt\/wp-json\/wp\/v2\/product_cat?post=2186"},{"taxonomy":"product_tag","embeddable":true,"href":"https:\/\/www.criadores.es\/pt-pt\/wp-json\/wp\/v2\/product_tag?post=2186"}],"curies":[{"name":"wp","href":"https:\/\/api.w.org\/{rel}","templated":true}]}}