{"id":2187,"date":"2025-02-11T13:12:31","date_gmt":"2025-02-11T12:12:31","guid":{"rendered":"https:\/\/www.criadores.es\/producto\/criadores-grain-free-peru-racao-caes-racas-medias-e-grandes\/"},"modified":"2025-06-12T13:48:10","modified_gmt":"2025-06-12T11:48:10","slug":"criadores-grain-free-peru-racao-caes-racas-medias-e-grandes","status":"publish","type":"product","link":"https:\/\/www.criadores.es\/pt-pt\/producto\/criadores-grain-free-peru-racao-caes-racas-medias-e-grandes\/","title":{"rendered":"Criadores Grain Free Peru ra\u00e7\u00e3o c\u00e3es ra\u00e7as m\u00e9dias e grandes"},"content":{"rendered":"<h2>Alimento para c\u00e3es Criadores com carne fresca e sem cereais<\/h2>\n<p>A ra\u00e7\u00e3o Criadores Grain Free Peru ra\u00e7as m\u00e9dias e grandes \u00e9 um alimento completo e equilibrado da mais alta qualidade para c\u00e3es adultos de tamanho m\u00e9dio e grande. A sua f\u00f3rmula possui um <strong>alto conte\u00fado de carne fresca<\/strong>, assim como verduras e frutas para um <strong>extra de <strong>vitaminas e minerais<\/strong><\/strong>. Uma \u00f3tima combina\u00e7\u00e3o que cuida da sa\u00fade do seu melhor amigo.<\/p>\n<p>Criadores Grain Free \u00e9 uma ra\u00e7\u00e3o biologicamente adaptada, com uma mistura equilibrada de prote\u00ednas, gorduras e hidratos de carbono, tudo o que os c\u00e3es precisam para estarem saud\u00e1veis e fortes, sem nenhuma car\u00eancia nutricional. Utiliza <strong>55% de carne e 42% de verduras, frutas e plantas<\/strong>; o peru fresco \u00e9 o seu principal ingrediente, acompanhado de cenouras, ab\u00f3bora, mirtilos, alecrim e outros. A sua receita est\u00e1<strong> livre de cereais<\/strong>, favorecendo uma boa digest\u00e3o e por tanto uma op\u00e7\u00e3o ideal para c\u00e3es com intoler\u00e2ncias ou alergias, assim como sensibilidade digestiva.<\/p>\n<p>A ra\u00e7\u00e3o sem cereais Criadores \u00e9 elaborada com <strong>ingredientes naturais<\/strong>, sem aditivos artificiais e sem organismos geneticamente modificados. Incorpora \u00f3leo de peixe para o cuidado do pelo e da pele e prebi\u00f3tico (FOS MOS) para favorecer o crescimento das bact\u00e9rias ben\u00e9ficas do intestino. Tamb\u00e9m <strong>cont\u00e9m <strong>spirulina<\/strong><\/strong>, um superalimento rico em prote\u00ednas, vitaminas, minerais e com um potente efeito antioxidante. Al\u00e9m disso, a carne fresca, o hidrolisado de f\u00edgado e as ervas-arom\u00e1ticas aportam aos croquetes um grande sabor natural que confere ao alimento uma <strong>alta palatabilidade<\/strong>. Adiciona condroprotetores para a sa\u00fade articular.<\/p>\n<p><strong><em>A ra\u00e7\u00e3o Criadores Grain Free Peru cuida da sa\u00fade do seu c\u00e3o com uma sele\u00e7\u00e3o dos melhores ingredientes.<\/em><\/strong><\/p>\n<p><em>A partir da data em que os receber, \u00e9 garantido um prazo de 3 meses antes do fim da data de validade, ou de 1 m\u00eas no caso dos produtos l\u00e1cteos e da ra\u00e7\u00e3o org\u00e2nica.<\/em><\/p>\n","protected":false},"excerpt":{"rendered":"<p>Ra\u00e7\u00e3o natural sem gl\u00faten para c\u00e3es de ra\u00e7as m\u00e9dias ou grandes com peru fresco.<\/p>\n","protected":false},"featured_media":1677,"comment_status":"open","ping_status":"closed","template":"","meta":{"_acf_changed":false},"product_brand":[],"product_cat":[99,92,97],"product_tag":[],"class_list":{"0":"post-2187","1":"product","2":"type-product","3":"status-publish","4":"has-post-thumbnail","6":"product_cat-alimentacao-seca","7":"product_cat-cao","8":"product_cat-grain-free-pt-pt","10":"first","11":"instock","12":"shipping-taxable","13":"product-type-simple"},"acf":[],"_links":{"self":[{"href":"https:\/\/www.criadores.es\/pt-pt\/wp-json\/wp\/v2\/product\/2187","targetHints":{"allow":["GET"]}}],"collection":[{"href":"https:\/\/www.criadores.es\/pt-pt\/wp-json\/wp\/v2\/product"}],"about":[{"href":"https:\/\/www.criadores.es\/pt-pt\/wp-json\/wp\/v2\/types\/product"}],"replies":[{"embeddable":true,"href":"https:\/\/www.criadores.es\/pt-pt\/wp-json\/wp\/v2\/comments?post=2187"}],"wp:featuredmedia":[{"embeddable":true,"href":"https:\/\/www.criadores.es\/pt-pt\/wp-json\/wp\/v2\/media\/1677"}],"wp:attachment":[{"href":"https:\/\/www.criadores.es\/pt-pt\/wp-json\/wp\/v2\/media?parent=2187"}],"wp:term":[{"taxonomy":"product_brand","embeddable":true,"href":"https:\/\/www.criadores.es\/pt-pt\/wp-json\/wp\/v2\/product_brand?post=2187"},{"taxonomy":"product_cat","embeddable":true,"href":"https:\/\/www.criadores.es\/pt-pt\/wp-json\/wp\/v2\/product_cat?post=2187"},{"taxonomy":"product_tag","embeddable":true,"href":"https:\/\/www.criadores.es\/pt-pt\/wp-json\/wp\/v2\/product_tag?post=2187"}],"curies":[{"name":"wp","href":"https:\/\/api.w.org\/{rel}","templated":true}]}}