{"id":2188,"date":"2025-02-13T15:56:12","date_gmt":"2025-02-13T14:56:12","guid":{"rendered":"https:\/\/www.criadores.es\/producto\/criadores-adulto-renal-racao-para-gatos\/"},"modified":"2025-06-11T15:09:44","modified_gmt":"2025-06-11T13:09:44","slug":"criadores-adulto-renal-racao-para-gatos","status":"publish","type":"product","link":"https:\/\/www.criadores.es\/pt-pt\/producto\/criadores-adulto-renal-racao-para-gatos\/","title":{"rendered":"Criadores Adulto Renal ra\u00e7\u00e3o para gatos"},"content":{"rendered":"<h2>Alimento para gatos com insufici\u00eancia renal cr\u00f3nica: Criadores Renal<\/h2>\n<p>A ra\u00e7\u00e3o Criadores Dietetic Renal representa um <strong>alimento completo e equilibrado<\/strong> concebido para auxiliar a fun\u00e7\u00e3o renal em casos de insufici\u00eancia renal cr\u00f3nica. Esta f\u00f3rmula, criada por veterin\u00e1rios especializados, assegura uma nutri\u00e7\u00e3o de excel\u00eancia e de alta qualidade para gatos que sofrem desta condi\u00e7\u00e3o.<\/p>\n<p>A Criadores Dietetic Renal faz uma sele\u00e7\u00e3o cuidadosa dos seus ingredientes, visando o total bem-estar do seu gato. A receita, com restri\u00e7\u00e3o proteica e baixo teor de f\u00f3sforo, tem como objetivo <strong>promover a sa\u00fade renal<\/strong>. Paralelamente, o alimento favorece a <strong>sa\u00fade digestiva<\/strong>, cut\u00e2nea e fortifica o sistema imunit\u00e1rio. O \u00f3leo de peixe incorporado assegura uma pele saud\u00e1vel e um pelo luminoso e suave. Os antioxidantes naturais contidos refor\u00e7am o <strong>sistema imunit\u00e1rio<\/strong> e atuam contra o envelhecimento celular.<\/p>\n<p>A <strong>ra\u00e7\u00e3o renal da Criadores<\/strong> \u00e9 enriquecida com ingredientes que trazem benef\u00edcios \u00e0 sa\u00fade. Para al\u00e9m do frango e arroz, inclui leveduras, <strong>prebi\u00f3ticos e cal\u00eandula<\/strong>: as leveduras s\u00e3o fontes valiosas de vitaminas do grupo B e minerais que, al\u00e9m de auxiliar a digest\u00e3o, <strong>refor\u00e7am o pelo<\/strong> e o sistema imunit\u00e1rio; os prebi\u00f3ticos contribuem para uma flora intestinal equilibrada; e a cal\u00eandula, uma planta medicinal, possui propriedades regenerativas e anti-inflamat\u00f3rias.<\/p>\n<p>Quando diagnosticado com <strong>insufici\u00eancia renal cr\u00f3nica<\/strong>, \u00e9 crucial adaptar a dieta do gato. A escolha de um alimento adequado \u00e0s suas necessidades espec\u00edficas, em conjunto com um tratamento veterin\u00e1rio adequado, pode controlar a progress\u00e3o da doen\u00e7a e melhorar significativamente a qualidade de vida do animal.<\/p>\n<p><strong><em>A ra\u00e7\u00e3o Criadores Dietetic Renal foi concebida para potenciar o bem-estar e melhorar a qualidade de vida de gatos com insufici\u00eancia renal cr\u00f3nica.<\/em><\/strong><\/p>\n<p><em>Ap\u00f3s a rece\u00e7\u00e3o dos produtos, garante-se um prazo de 3 meses at\u00e9 \u00e0 data de expira\u00e7\u00e3o, e de 1 m\u00eas para produtos l\u00e1cteos e ra\u00e7\u00e3o org\u00e2nica.<\/em><\/p>\n","protected":false},"excerpt":{"rendered":"<p>Alimento para gatos com insufici\u00eancia renal cr\u00f3nica: Criadores Renal A  [&#8230;]<\/p>\n","protected":false},"featured_media":2655,"comment_status":"open","ping_status":"closed","template":"","meta":{"_acf_changed":false},"product_brand":[],"product_cat":[105,108,111],"product_tag":[],"class_list":{"0":"post-2188","1":"product","2":"type-product","3":"status-publish","4":"has-post-thumbnail","6":"product_cat-alimentacao-seca-pt","7":"product_cat-dietas-veterinarias-gato-pt-pt","8":"product_cat-gatos","10":"first","11":"instock","12":"shipping-taxable","13":"product-type-simple"},"acf":[],"_links":{"self":[{"href":"https:\/\/www.criadores.es\/pt-pt\/wp-json\/wp\/v2\/product\/2188","targetHints":{"allow":["GET"]}}],"collection":[{"href":"https:\/\/www.criadores.es\/pt-pt\/wp-json\/wp\/v2\/product"}],"about":[{"href":"https:\/\/www.criadores.es\/pt-pt\/wp-json\/wp\/v2\/types\/product"}],"replies":[{"embeddable":true,"href":"https:\/\/www.criadores.es\/pt-pt\/wp-json\/wp\/v2\/comments?post=2188"}],"wp:featuredmedia":[{"embeddable":true,"href":"https:\/\/www.criadores.es\/pt-pt\/wp-json\/wp\/v2\/media\/2655"}],"wp:attachment":[{"href":"https:\/\/www.criadores.es\/pt-pt\/wp-json\/wp\/v2\/media?parent=2188"}],"wp:term":[{"taxonomy":"product_brand","embeddable":true,"href":"https:\/\/www.criadores.es\/pt-pt\/wp-json\/wp\/v2\/product_brand?post=2188"},{"taxonomy":"product_cat","embeddable":true,"href":"https:\/\/www.criadores.es\/pt-pt\/wp-json\/wp\/v2\/product_cat?post=2188"},{"taxonomy":"product_tag","embeddable":true,"href":"https:\/\/www.criadores.es\/pt-pt\/wp-json\/wp\/v2\/product_tag?post=2188"}],"curies":[{"name":"wp","href":"https:\/\/api.w.org\/{rel}","templated":true}]}}