{"id":2190,"date":"2025-02-10T16:18:56","date_gmt":"2025-02-10T15:18:56","guid":{"rendered":"https:\/\/www.criadores.es\/producto\/criadores-dietetic-digestive-adulto-racao-de-gatos\/"},"modified":"2025-06-11T17:40:54","modified_gmt":"2025-06-11T15:40:54","slug":"criadores-dietetic-digestive-adulto-racao-de-gatos","status":"publish","type":"product","link":"https:\/\/www.criadores.es\/pt-pt\/producto\/criadores-dietetic-digestive-adulto-racao-de-gatos\/","title":{"rendered":"Criadores Dietetic Digestive Adulto ra\u00e7\u00e3o de gatos"},"content":{"rendered":"<h2>Alimento para gatos com intoler\u00e2ncias ou problemas digestivos: Criadores Digestive<\/h2>\n<p>A ra\u00e7\u00e3o Criadores Dietetic Digestive \u00e9 um <strong>alimento completo e equilibrado<\/strong>, concebido para minimizar as intoler\u00e2ncias a ingredientes e nutrientes, melhorando assim a digest\u00e3o. Esta f\u00f3rmula foi criada por veterin\u00e1rios especializados em nutri\u00e7\u00e3o felina, que escolheram cuidadosamente os componentes para promover uma <strong>digest\u00e3o saud\u00e1vel<\/strong> e melhorar o bem-estar do seu gato.<\/p>\n<p>Criadores Dietetic \u00e9 uma linha exclusiva da Tiendanimal de alimentos diet\u00e9ticos que atuam como terapia para diversas condi\u00e7\u00f5es. Neste caso, <strong>atenuam os problemas digestivos<\/strong> e os respetivos sintomas, utilizando fontes selecionadas de prote\u00ednas e hidratos de carbono. Trata-se de um alimento que conta com uma <strong>\u00fanica fonte de prote\u00edna animal<\/strong> para diminuir as chances de intoler\u00e2ncias. Para al\u00e9m de potenciar a sa\u00fade digestiva, tamb\u00e9m beneficia a sa\u00fade da pele e fortalece o sistema imunit\u00e1rio.<\/p>\n<p>A <strong>ra\u00e7\u00e3o Criadores Digestive<\/strong> inclui <strong>30% de frango desidratado<\/strong>, arroz e milho. Cont\u00e9m ainda ingredientes que beneficiam a sa\u00fade, como cal\u00eandula, sementes de Psyllium e \u00f3leo de peixe. A cal\u00eandula possui propriedades regenerativas e anti-inflamat\u00f3rias, as sementes s\u00e3o ricas em fibras sol\u00faveis e insol\u00faveis que melhoram a digest\u00e3o e o tr\u00e2nsito intestinal e o \u00f3leo de peixe \u00e9 uma excelente fonte de <strong>\u00e1cidos gordos \u00f3mega 3<\/strong>, que contribuem para uma pele e pelo saud\u00e1veis, al\u00e9m de beneficiarem a sa\u00fade das articula\u00e7\u00f5es e ajudar a <strong>reduzir o colesterol<\/strong>. Este alimento tamb\u00e9m cont\u00e9m prebi\u00f3ticos e antioxidantes naturais que fortalecem o sistema imunit\u00e1rio.<\/p>\n<p><strong><em>Melhore a digest\u00e3o do seu gato e previna sintomas relacionados a problemas digestivos com a ra\u00e7\u00e3o Criadores Dietetic Digestive.<\/em><\/strong><\/p>\n<p><em>Ap\u00f3s a rece\u00e7\u00e3o dos produtos, garante-se um prazo de 3 meses at\u00e9 \u00e0 data de expira\u00e7\u00e3o, e de 1 m\u00eas para produtos l\u00e1cteos e ra\u00e7\u00e3o org\u00e2nica.<\/em><\/p>\n","protected":false},"excerpt":{"rendered":"<p>A ra\u00e7\u00e3o Criadores Dietetic Digestive para gatos \u00e9 um alimento completo e equilibrado, concebido para reduzir a intoler\u00e2ncia aos ingredientes e nutrientes.<\/p>\n<p><a class=\"js-gtm-banner-item\" href=\"https:\/\/www.tiendanimal.pt\/promocoes\/mime-o-seu-animal\/\" data-gtm-creative-slot=\"1\" data-gtm-creative-name=\"ta-banner-product\" data-gtm-promotion-id=\"banner_alimentacion_seca_humeda_pt\" data-gtm-promotion-name=\"banner_alimentacion_seca_humeda_pt\"><img decoding=\"async\" style=\"object-fit: cover; width: 100%;\" title=\"\" src=\"images\/Banners\/banner_alimentacion_seca_humeda_pt.jpg?$staticlink$\" alt=\"\" \/><\/a><\/p>\n","protected":false},"featured_media":2657,"comment_status":"open","ping_status":"closed","template":"","meta":{"_acf_changed":false},"product_brand":[],"product_cat":[105,108,111],"product_tag":[],"class_list":{"0":"post-2190","1":"product","2":"type-product","3":"status-publish","4":"has-post-thumbnail","6":"product_cat-alimentacao-seca-pt","7":"product_cat-dietas-veterinarias-gato-pt-pt","8":"product_cat-gatos","10":"first","11":"instock","12":"shipping-taxable","13":"product-type-simple"},"acf":[],"_links":{"self":[{"href":"https:\/\/www.criadores.es\/pt-pt\/wp-json\/wp\/v2\/product\/2190","targetHints":{"allow":["GET"]}}],"collection":[{"href":"https:\/\/www.criadores.es\/pt-pt\/wp-json\/wp\/v2\/product"}],"about":[{"href":"https:\/\/www.criadores.es\/pt-pt\/wp-json\/wp\/v2\/types\/product"}],"replies":[{"embeddable":true,"href":"https:\/\/www.criadores.es\/pt-pt\/wp-json\/wp\/v2\/comments?post=2190"}],"wp:featuredmedia":[{"embeddable":true,"href":"https:\/\/www.criadores.es\/pt-pt\/wp-json\/wp\/v2\/media\/2657"}],"wp:attachment":[{"href":"https:\/\/www.criadores.es\/pt-pt\/wp-json\/wp\/v2\/media?parent=2190"}],"wp:term":[{"taxonomy":"product_brand","embeddable":true,"href":"https:\/\/www.criadores.es\/pt-pt\/wp-json\/wp\/v2\/product_brand?post=2190"},{"taxonomy":"product_cat","embeddable":true,"href":"https:\/\/www.criadores.es\/pt-pt\/wp-json\/wp\/v2\/product_cat?post=2190"},{"taxonomy":"product_tag","embeddable":true,"href":"https:\/\/www.criadores.es\/pt-pt\/wp-json\/wp\/v2\/product_tag?post=2190"}],"curies":[{"name":"wp","href":"https:\/\/api.w.org\/{rel}","templated":true}]}}