{"id":2191,"date":"2025-02-13T10:16:33","date_gmt":"2025-02-13T09:16:33","guid":{"rendered":"https:\/\/www.criadores.es\/producto\/criadores-adulto-peixe-racao-para-caes\/"},"modified":"2025-06-11T15:54:12","modified_gmt":"2025-06-11T13:54:12","slug":"criadores-adulto-peixe-racao-para-caes","status":"publish","type":"product","link":"https:\/\/www.criadores.es\/pt-pt\/producto\/criadores-adulto-peixe-racao-para-caes\/","title":{"rendered":"Criadores Adulto Peixe ra\u00e7\u00e3o para c\u00e3es"},"content":{"rendered":"<h2><strong>Ra\u00e7\u00e3o Criadores de peixe e frango para c\u00e3es adultos <\/strong><\/h2>\n<p>A <strong>ra\u00e7\u00e3o Criadores de peixe<\/strong> \u00e9 um alimento natural seco e equilibrado de categoria super premium. Uma alimenta\u00e7\u00e3o muito completa do ponto de vista nutricional e que \u00e9 <strong>especialmente indicada para c\u00e3es adultos saud\u00e1veis de tamanho m\u00e9dio e grande (10 quilos) que tenham um n\u00edvel de atividade normal.<\/strong><\/p>\n<p>Esta ra\u00e7\u00e3o para c\u00e3es incorpora uma f\u00f3rmula exclusiva. Um alimento em forma de saboroso croquete extrudido que <strong>ajuda o seu animal de estima\u00e7\u00e3o a desfrutar de uma boa digest\u00e3o e contribui para uma boa higiene oral<\/strong>.<\/p>\n<p>Os ingredientes que comp\u00f5em a ra\u00e7\u00e3o Criadores de peixe para c\u00e3es adultos fazem deste alimento um produto de alta qualidade.<\/p>\n<p>Estes ingredientes incluem <strong>26% de peixe e 12% de frango, ambos desidratados e sem gordura. <\/strong>Esta combina\u00e7\u00e3o resulta num equil\u00edbrio entre prote\u00edna e gordura.<\/p>\n<p>Al\u00e9m disso, estar\u00e1 a ajudar a <strong>cuidar das suas articula\u00e7\u00f5es gra\u00e7as \u00e0 excelente combina\u00e7\u00e3o de c\u00e1lcio e f\u00f3sforo que tem<\/strong>. Por outro lado, incorpora ingredientes como o \u00f3leo de salm\u00e3o que fornece \u00e1cidos gordos \u00f3mega 3 para ajudar a manter a <strong>pele e o pelo saud\u00e1veis<\/strong>.<\/p>\n<p>Os ingredientes selecionados incorporados na ra\u00e7\u00e3o Criadores de Peixe acrescentam grande valor \u00e0 sua f\u00f3rmula. O arroz e o milho d\u00e3o ao seu c\u00e3o a energia de que ele precisa no seu dia-a-dia. O extrato de mandioca, por outro lado, contribui para o cuidado de um bom processo digestivo. Finalmente, o extrato de alecrim possui poder antioxidante, para ajudar a reduzir os danos oxidativos a n\u00edvel celular.<\/p>\n<p>Este alimento <strong>foi formulado sem gl\u00faten e sem organismos geneticamente modificados<\/strong>.<\/p>\n<p>A ra\u00e7\u00e3o para c\u00e3es Criadores Adulto de Peixe \u00e9 um alimento completo e equilibrado de que o seu animal de estima\u00e7\u00e3o precisa para se manter saud\u00e1vel e feliz.<\/p>\n","protected":false},"excerpt":{"rendered":"<p>Ra\u00e7\u00e3o natural para c\u00e3es adultos de ra\u00e7as m\u00e9dias e grandes, com uma deliciosa receita com peixe.<\/p>\n","protected":false},"featured_media":1829,"comment_status":"open","ping_status":"closed","template":"","meta":{"_acf_changed":false},"product_brand":[],"product_cat":[99,92,98],"product_tag":[],"class_list":{"0":"post-2191","1":"product","2":"type-product","3":"status-publish","4":"has-post-thumbnail","6":"product_cat-alimentacao-seca","7":"product_cat-cao","8":"product_cat-original-pt-pt","10":"first","11":"instock","12":"shipping-taxable","13":"product-type-simple"},"acf":[],"_links":{"self":[{"href":"https:\/\/www.criadores.es\/pt-pt\/wp-json\/wp\/v2\/product\/2191","targetHints":{"allow":["GET"]}}],"collection":[{"href":"https:\/\/www.criadores.es\/pt-pt\/wp-json\/wp\/v2\/product"}],"about":[{"href":"https:\/\/www.criadores.es\/pt-pt\/wp-json\/wp\/v2\/types\/product"}],"replies":[{"embeddable":true,"href":"https:\/\/www.criadores.es\/pt-pt\/wp-json\/wp\/v2\/comments?post=2191"}],"wp:featuredmedia":[{"embeddable":true,"href":"https:\/\/www.criadores.es\/pt-pt\/wp-json\/wp\/v2\/media\/1829"}],"wp:attachment":[{"href":"https:\/\/www.criadores.es\/pt-pt\/wp-json\/wp\/v2\/media?parent=2191"}],"wp:term":[{"taxonomy":"product_brand","embeddable":true,"href":"https:\/\/www.criadores.es\/pt-pt\/wp-json\/wp\/v2\/product_brand?post=2191"},{"taxonomy":"product_cat","embeddable":true,"href":"https:\/\/www.criadores.es\/pt-pt\/wp-json\/wp\/v2\/product_cat?post=2191"},{"taxonomy":"product_tag","embeddable":true,"href":"https:\/\/www.criadores.es\/pt-pt\/wp-json\/wp\/v2\/product_tag?post=2191"}],"curies":[{"name":"wp","href":"https:\/\/api.w.org\/{rel}","templated":true}]}}